{"id":41011,"date":"2024-04-24T15:30:31","date_gmt":"2024-04-24T13:30:31","guid":{"rendered":"https:\/\/ql-shop.eu\/hr\/?post_type=product&#038;p=41011"},"modified":"2024-04-24T15:30:53","modified_gmt":"2024-04-24T13:30:53","slug":"bezzicne-bluetooth-slusalice-mpi12","status":"publish","type":"product","link":"https:\/\/ql-shop.eu\/hr\/izdelek\/bezzicne-bluetooth-slusalice-mpi12\/","title":{"rendered":"Bez\u017ei\u010dne bluetooth slu\u0161alice MPI12"},"content":{"rendered":"\n<p>Nove\u00a0 MPI12 slu\u0161alice dizajnirane su da udobno stanu u uho, izvrsna kvaliteta zvuka, automatska veza izme\u0111u slu\u0161alica i funkcija Touch Control samo su neki od razloga zbog kojih \u0107e vas impresionirati be\u017ei\u010dne slu\u0161alice\u00a0MPI12. Uz to, uvjerit \u0107e vas mala veli\u010dina i te\u017eina slu\u0161alica, kao i prikladna stanica za punjenje koja se mo\u017ee spremiti u najmanji d\u017eep. Izra\u0111ene su u trendovskim mat bojama od svila mekog povr\u0161inskog materijala.<br>Rade na Android i iOS ure\u0111ajima.<\/p>\n\n\n\n<p>Slu\u0161alice su trenutno dostupne u vi\u0161e boja. Slike su simboli\u010dne.<\/p>\n\n\n\n<p>Tehni\u010dke specifikacije:<\/p>\n\n\n\n<p>Doseg 10-15 m<br>Radni napon: 3,0 V &#8211; 4,2 V<br>Osjetljivost mikrofona: -42 dB<br>Glasno\u0107a slu\u0161alica 85db<br>U\u010dinkovita funkcija smanjenja ambijentalne buke<br>baterija u slu\u0161alicama 35mah<br>baterija u stanici za punjenje 300mah<br>Vrijeme razgovora: 3-4 sata<br>Vrijeme slu\u0161anja glazbe: 2-3 sata<br>Vrijeme \u010dekanja: do 120 sati<br>Bluetooth 5.0<\/p>\n\n\n\n<p><\/p>\n\n\n\n<p>Prednosti Bluetooth slu\u0161alica<\/p>\n\n\n\n<p>Izvrsna kvaliteta zvuka omogu\u0107uje vam slu\u0161anje glazbe, primanje poziva, gledanje filmova itd.<br>Jednostavno povezivanje s mobitelom<br>Status baterije slu\u0161alica prikazat \u0107e se na va\u0161em telefonu<br>Pametna veza s mobilnim telefonima, tabletima, prijenosnicima itd.<br>Sje\u0107aju se veze s posljednjim telefonom i automatski se povezuju<br>Ergonomski dizajniran, ugodan za uho<br><\/p>\n\n\n\n<p>Paket uklju\u010duje<\/p>\n\n\n\n<p>Dvije Bluetooth slu\u0161alice<br>Stanica za punjenje<br>USB kabel za punjenje<br><\/p>\n","protected":false},"excerpt":{"rendered":"<p>Nove\u00a0 MPI12 slu\u0161alice dizajnirane su da udobno stanu u uho, izvrsna kvaliteta zvuka, automatska veza izme\u0111u slu\u0161alica i funkcija Touch Control samo su neki od razloga zbog kojih \u0107e vas impresionirati be\u017ei\u010dne slu\u0161alice\u00a0MPI12. Uz to, uvjerit \u0107e vas mala veli\u010dina i te\u017eina slu\u0161alica, kao i prikladna stanica za punjenje koja se mo\u017ee spremiti u najmanji &#8230; <a title=\"Bez\u017ei\u010dne bluetooth slu\u0161alice MPI12\" class=\"read-more\" href=\"https:\/\/ql-shop.eu\/hr\/izdelek\/bezzicne-bluetooth-slusalice-mpi12\/\" aria-label=\"Read more about Bez\u017ei\u010dne bluetooth slu\u0161alice MPI12\">Pro\u010ditaj vi\u0161e<\/a><\/p>\n","protected":false},"featured_media":41050,"template":"","meta":[],"product_brand":[],"product_cat":[362,363,366,364],"product_tag":[],"class_list":{"0":"post-41011","1":"product","2":"type-product","3":"status-publish","4":"has-post-thumbnail","6":"product_cat-dodatci-za-mobitele","7":"product_cat-slusalice","8":"product_cat-slusalice-i-zvucniki","9":"product_cat-top-proizvodi","10":"","11":"woocommerce-text-align-center","12":"woocommerce-image-align-center","13":"do-quantity-buttons","14":"wc-has-gallery","16":"first","17":"instock","18":"sale","19":"taxable","20":"shipping-taxable","21":"purchasable","22":"product-type-variable"},"_links":{"self":[{"href":"https:\/\/ql-shop.eu\/hr\/wp-json\/wp\/v2\/product\/41011","targetHints":{"allow":["GET"]}}],"collection":[{"href":"https:\/\/ql-shop.eu\/hr\/wp-json\/wp\/v2\/product"}],"about":[{"href":"https:\/\/ql-shop.eu\/hr\/wp-json\/wp\/v2\/types\/product"}],"wp:featuredmedia":[{"embeddable":true,"href":"https:\/\/ql-shop.eu\/hr\/wp-json\/wp\/v2\/media\/41050"}],"wp:attachment":[{"href":"https:\/\/ql-shop.eu\/hr\/wp-json\/wp\/v2\/media?parent=41011"}],"wp:term":[{"taxonomy":"product_brand","embeddable":true,"href":"https:\/\/ql-shop.eu\/hr\/wp-json\/wp\/v2\/product_brand?post=41011"},{"taxonomy":"product_cat","embeddable":true,"href":"https:\/\/ql-shop.eu\/hr\/wp-json\/wp\/v2\/product_cat?post=41011"},{"taxonomy":"product_tag","embeddable":true,"href":"https:\/\/ql-shop.eu\/hr\/wp-json\/wp\/v2\/product_tag?post=41011"}],"curies":[{"name":"wp","href":"https:\/\/api.w.org\/{rel}","templated":true}]}}