{"id":40955,"date":"2024-04-24T15:30:10","date_gmt":"2024-04-24T13:30:10","guid":{"rendered":"https:\/\/ql-shop.eu\/hr\/?post_type=product&#038;p=40955"},"modified":"2024-04-24T15:30:20","modified_gmt":"2024-04-24T13:30:20","slug":"glava-za-ciscenje-korova-korijena-i-hrde","status":"publish","type":"product","link":"https:\/\/ql-shop.eu\/hr\/izdelek\/glava-za-ciscenje-korova-korijena-i-hrde\/","title":{"rendered":"Glava za \u010di\u0161\u0107enje korova, korijena i hr\u0111e"},"content":{"rendered":"<h2 style=\"text-align: center;\"><strong>Glava za \u010di\u0161\u0107enje korova i korijena<\/strong><\/h2>\n<p style=\"text-align: center;\">\nZamijenite glavu za ko\u0161nju na motornoj kosilici i ve\u0107 je mogu\u0107e o\u010distiti tvrdoglavi korov, korijenje i omota\u010de.<\/p>\n<p>Glava za uklanjanje korova i korijenja za profesionalno uklanjanje korova i korijenja s prilaza, nogostupa, parkirali\u0161ta i drugih podru\u010dja oko zgrade.<\/p>\n<p>Travu, korov i korijenje koje raste iz spojeva poplo\u010danih plo\u010da, na spoju kolnika i travnjaka te s ispucalog asfalta, lako \u0107ete ukloniti glavom za \u010di\u0161\u0107enje.<\/p>\n<div style=\"width: 626px;\" class=\"wp-video\"><video class=\"wp-video-shortcode\" id=\"video-40955-1\" width=\"626\" height=\"360\" preload=\"metadata\" controls=\"controls\"><source type=\"video\/mp4\" src=\"https:\/\/megapanda.hr\/wp-content\/uploads\/2023\/09\/glava-za-ciscenje-plevela-korenin-rje-02.mp4?_=1\" \/><a href=\"https:\/\/megapanda.hr\/wp-content\/uploads\/2023\/09\/glava-za-ciscenje-plevela-korenin-rje-02.mp4\">https:\/\/megapanda.hr\/wp-content\/uploads\/2023\/09\/glava-za-ciscenje-plevela-korenin-rje-02.mp4<\/a><\/video><\/div>\n<p style=\"text-align: center;\"><strong>Pripremite ograde za bojanje<\/strong><\/p>\n<p style=\"text-align: center;\">Jake metalne \u010dekinje tako\u0111er \u010diste hr\u0111u s ograda, metalnih i kamenih balustrada, stupova i pripremaju ih za svje\u017ei nanos boje. Ako glavu namjeravate koristiti za \u010di\u0161\u0107enje zemlje, korijenja i korova, a ujedno i za uklanjanje hr\u0111e, preporu\u010damo kupnju posebne glave za svaku aktivnost.<\/p>\n<p><img loading=\"lazy\" decoding=\"async\" class=\"aligncenter wp-image-9713\" src=\"https:\/\/megapanda.hr\/wp-content\/uploads\/2023\/09\/glava-za-ciscenje-plevela-korenin-rje-07-1.jpg-300x300.webp\" alt=\"\" width=\"500\" height=\"500\" \/><\/p>\n<h3 style=\"text-align: center;\">O\u010distite prilaz i gara\u017eu<\/h3>\n<p style=\"text-align: center;\">Ako ste pravi majstor, puno radite u gara\u017ei i na prilazu ku\u0107i.<\/p>\n<p style=\"text-align: center;\">Glava za \u010di\u0161\u0107enje s \u010dekinjama \u0107e ukloniti prljav\u0161tinu s betonskih i asfaltnih povr\u0161ina kako bi one bile lijepe i uredne.<\/p>\n<p style=\"text-align: center;\">Prilikom kori\u0161tenja obavezna je uporaba za\u0161titne opreme za ruke, noge i glavu (radne cipele, radna odje\u0107a, rukavice i za\u0161titne nao\u010dale).<\/p>\n<p>&nbsp;<\/p>\n<p>Upute za instalaciju:<\/p>\n<p><img loading=\"lazy\" decoding=\"async\" class=\"aligncenter wp-image-9712\" src=\"https:\/\/megapanda.hr\/wp-content\/uploads\/2023\/09\/glava-za-ciscenje-plevela-korenin-rje-08-960x694-1-300x217.jpg\" alt=\"\" width=\"500\" height=\"361\" \/><\/p>\n<div style=\"width: 768px;\" class=\"wp-video\"><video class=\"wp-video-shortcode\" id=\"video-40955-2\" width=\"768\" height=\"576\" preload=\"metadata\" controls=\"controls\"><source type=\"video\/mp4\" src=\"https:\/\/megapanda.hr\/wp-content\/uploads\/2023\/09\/glava-za-ciscenje-plevela-korenin-rje-02-navodila.mp4?_=2\" \/><a href=\"https:\/\/megapanda.hr\/wp-content\/uploads\/2023\/09\/glava-za-ciscenje-plevela-korenin-rje-02-navodila.mp4\">https:\/\/megapanda.hr\/wp-content\/uploads\/2023\/09\/glava-za-ciscenje-plevela-korenin-rje-02-navodila.mp4<\/a><\/video><\/div>\n","protected":false},"excerpt":{"rendered":"<p>Glava za \u010di\u0161\u0107enje korova i korijena Zamijenite glavu za ko\u0161nju na motornoj kosilici i ve\u0107 je mogu\u0107e o\u010distiti tvrdoglavi korov, korijenje i omota\u010de. Glava za uklanjanje korova i korijenja za profesionalno uklanjanje korova i korijenja s prilaza, nogostupa, parkirali\u0161ta i drugih podru\u010dja oko zgrade. Travu, korov i korijenje koje raste iz spojeva poplo\u010danih plo\u010da, na &#8230; <a title=\"Glava za \u010di\u0161\u0107enje korova, korijena i hr\u0111e\" class=\"read-more\" href=\"https:\/\/ql-shop.eu\/hr\/izdelek\/glava-za-ciscenje-korova-korijena-i-hrde\/\" aria-label=\"Read more about Glava za \u010di\u0161\u0107enje korova, korijena i hr\u0111e\">Pro\u010ditaj vi\u0161e<\/a><\/p>\n","protected":false},"featured_media":40975,"template":"","meta":[],"product_brand":[],"product_cat":[444,367,419,370,364],"product_tag":[],"class_list":{"0":"post-40955","1":"product","2":"type-product","3":"status-publish","4":"has-post-thumbnail","6":"product_cat-praznimo-skladiste","7":"product_cat-proizvodi-za-njega","8":"product_cat-sam-svoj-majstor","9":"product_cat-sve-za-dom-i-vrt","10":"product_cat-top-proizvodi","11":"","12":"woocommerce-text-align-center","13":"woocommerce-image-align-center","14":"do-quantity-buttons","15":"wc-has-gallery","17":"first","18":"instock","19":"sale","20":"taxable","21":"shipping-taxable","22":"purchasable","23":"product-type-simple"},"_links":{"self":[{"href":"https:\/\/ql-shop.eu\/hr\/wp-json\/wp\/v2\/product\/40955","targetHints":{"allow":["GET"]}}],"collection":[{"href":"https:\/\/ql-shop.eu\/hr\/wp-json\/wp\/v2\/product"}],"about":[{"href":"https:\/\/ql-shop.eu\/hr\/wp-json\/wp\/v2\/types\/product"}],"wp:featuredmedia":[{"embeddable":true,"href":"https:\/\/ql-shop.eu\/hr\/wp-json\/wp\/v2\/media\/40975"}],"wp:attachment":[{"href":"https:\/\/ql-shop.eu\/hr\/wp-json\/wp\/v2\/media?parent=40955"}],"wp:term":[{"taxonomy":"product_brand","embeddable":true,"href":"https:\/\/ql-shop.eu\/hr\/wp-json\/wp\/v2\/product_brand?post=40955"},{"taxonomy":"product_cat","embeddable":true,"href":"https:\/\/ql-shop.eu\/hr\/wp-json\/wp\/v2\/product_cat?post=40955"},{"taxonomy":"product_tag","embeddable":true,"href":"https:\/\/ql-shop.eu\/hr\/wp-json\/wp\/v2\/product_tag?post=40955"}],"curies":[{"name":"wp","href":"https:\/\/api.w.org\/{rel}","templated":true}]}}