{"id":40827,"date":"2024-04-24T15:29:26","date_gmt":"2024-04-24T13:29:26","guid":{"rendered":"https:\/\/ql-shop.eu\/hr\/?post_type=product&#038;p=40827"},"modified":"2024-04-24T15:29:52","modified_gmt":"2024-04-24T13:29:52","slug":"djecja-narukvica-mps90-plava","status":"publish","type":"product","link":"https:\/\/ql-shop.eu\/hr\/izdelek\/djecja-narukvica-mps90-plava\/","title":{"rendered":"Dje\u010dja narukvica MPS90 &#8211; plava"},"content":{"rendered":"<h2>Za aktivnu djecu<\/h2>\n<p>Sigurno znate koliko je te\u0161ko pratiti aktivnosti djeteta ako niste uvijek prisutni.<\/p>\n<p>Dje\u010dja narukvica MPS90 uvelike olak\u0161ava procjenu tjelesnih aktivnosti i zdravlja djeteta.<\/p>\n<div style=\"width: 1200px;\" class=\"wp-video\"><video class=\"wp-video-shortcode\" id=\"video-40827-1\" width=\"1200\" height=\"675\" preload=\"metadata\" controls=\"controls\"><source type=\"video\/mp4\" src=\"https:\/\/pnda.top\/wp-content\/uploads\/2022\/02\/mps90-otroska-zapestnica-00.mp4?_=1\" \/><a href=\"https:\/\/pnda.top\/wp-content\/uploads\/2022\/02\/mps90-otroska-zapestnica-00.mp4\">https:\/\/pnda.top\/wp-content\/uploads\/2022\/02\/mps90-otroska-zapestnica-00.mp4<\/a><\/video><\/div>\n<p>&nbsp;<\/p>\n<h2>Pratite napredak va\u0161eg djeteta<\/h2>\n<p>Pametnu narukvicu pove\u017eete s telefonom, narukvica prikuplja podatke, a zatim ih prikazuje u prijateljskim grafikonima, minutama aktivnosti, kvalitetnom spavanju, broju koraka&#8230; Tako \u0107ete uvelike lak\u0161e procijeniti djetetove kretnje.<\/p>\n<h2>Zdrav na\u010din \u017eivota uz pametnu narukvicu<\/h2>\n<p>Uz upozorenja da treba sjediti i piti vodu, poti\u010de se na zdrav na\u010din \u017eivota. Narukvica pospje\u0161uje svakodnevne i sportske aktivnosti djeteta, a vi \u0107ete imati bolji pregled nad rezultatima i zadanim ciljevima.<\/p>\n<p>Pametna narukvica MPS90 poma\u017ee vam u planiranju aktivnosti za zdravlje va\u0161e djece, jer na temelju prikupljenih podataka mo\u017eete planirati odgovaraju\u0107e aktivnosti za njih.<\/p>\n<p>Mjera\u010d krvnog tlaka i otkucaja srca upozorit \u0107e ako se dijete prenapre\u017ee, a aktivni broja\u010di minuta upozorit \u0107e ako nema dovoljno aktivnosti tijekom dana.<\/p>\n<p><img loading=\"lazy\" decoding=\"async\" class=\"aligncenter size-full wp-image-2889\" src=\"https:\/\/pnda.top\/wp-content\/uploads\/2022\/02\/mps90-otroska-zapestnica-22.jpg\" alt=\"\" width=\"960\" height=\"960\" \/><\/p>\n<p><img loading=\"lazy\" decoding=\"async\" class=\"aligncenter size-full wp-image-2886\" src=\"https:\/\/pnda.top\/wp-content\/uploads\/2022\/02\/mps90-otroska-zapestnica-19.jpg\" alt=\"\" width=\"960\" height=\"960\" \/><\/p>\n<p><img loading=\"lazy\" decoding=\"async\" class=\"aligncenter size-full wp-image-2869\" src=\"https:\/\/pnda.top\/wp-content\/uploads\/2022\/02\/mps90-otroska-zapestnica-04.jpg\" alt=\"Otro\u0161ka zapestnica MPS90\" width=\"960\" height=\"960\" \/><\/p>\n<p><img loading=\"lazy\" decoding=\"async\" class=\"aligncenter size-full wp-image-2872\" src=\"https:\/\/pnda.top\/wp-content\/uploads\/2022\/02\/mps90-otroska-zapestnica-07.jpg\" alt=\"Otro\u0161ka zapestnica MPS90\" width=\"960\" height=\"960\" \/><\/p>\n<p>&nbsp;<\/p>\n<p><img loading=\"lazy\" decoding=\"async\" class=\"aligncenter size-full wp-image-2873\" src=\"https:\/\/pnda.top\/wp-content\/uploads\/2022\/02\/mps90-otroska-zapestnica-08.jpg\" alt=\"Otro\u0161ka zapestnica MPS90\" width=\"960\" height=\"960\" \/><\/p>\n<p>Zna\u010dajke:<\/p>\n<ul>\n<li>materijal: plastika, TPU silikon<\/li>\n<li>Bluetooth 5.0<\/li>\n<li>za ure\u0111aje s Android 4.4+ ili IOS 9.0+<\/li>\n<li>vodootporan IP68<\/li>\n<li>vrijeme punjenja 2h<\/li>\n<li>vrijeme aktivne upotrebe 5-8 dana<\/li>\n<li>vrijeme mirovanja: 35 dana<\/li>\n<li>Li-Po 85 mAh baterija<\/li>\n<li>puni se preko kop\u010de<\/li>\n<li>duljina remena 175 mm<\/li>\n<li>dimenzija: 42,3 x 20,5 x14 mm<\/li>\n<li>te\u017eina 55g<\/li>\n<\/ul>\n<p><strong>Funkcije:<\/strong> prikaz vremena, broja\u010d koraka, broja\u010d kalorija, mjera\u010d udaljenosti, mjera\u010d krvnog tlaka, mjera\u010d otkucaja srca, mjera\u010d kisika u krvi, pra\u0107enje aktivnosti, mjera\u010d kvalitete sna, podsjetnik za sjedenje, sat, \u0161toperica, alarm, daljinsko upravljanje kamerom telefona, upozorenja aplikacije , SMS obavijesti, obavijesti o pozivima.<\/p>\n<p><strong>Podr\u017eani jezici<\/strong>: engleski, njema\u010dki, \u0161panjolski, francuski, japanski, kineski.<\/p>\n<p><strong>Paket sadr\u017ei:<\/strong><\/p>\n<ul>\n<li>1x pametna narukvica za dijete MPS90<\/li>\n<li><span style=\"font-size: inherit;\">1x USB kop\u010da za punjenje<\/span><\/li>\n<\/ul>\n<ul>\n<li>1x uputstvo za upotrebuJamstvo 1 godina. Slike su simboli\u010dne.<\/li>\n<\/ul>\n","protected":false},"excerpt":{"rendered":"<p>Za aktivnu djecu Sigurno znate koliko je te\u0161ko pratiti aktivnosti djeteta ako niste uvijek prisutni. Dje\u010dja narukvica MPS90 uvelike olak\u0161ava procjenu tjelesnih aktivnosti i zdravlja djeteta. &nbsp; Pratite napredak va\u0161eg djeteta Pametnu narukvicu pove\u017eete s telefonom, narukvica prikuplja podatke, a zatim ih prikazuje u prijateljskim grafikonima, minutama aktivnosti, kvalitetnom spavanju, broju koraka&#8230; Tako \u0107ete uvelike &#8230; <a title=\"Dje\u010dja narukvica MPS90 &#8211; plava\" class=\"read-more\" href=\"https:\/\/ql-shop.eu\/hr\/izdelek\/djecja-narukvica-mps90-plava\/\" aria-label=\"Read more about Dje\u010dja narukvica MPS90 &#8211; plava\">Pro\u010ditaj vi\u0161e<\/a><\/p>\n","protected":false},"featured_media":40902,"template":"","meta":[],"product_brand":[],"product_cat":[374,364],"product_tag":[],"class_list":{"0":"post-40827","1":"product","2":"type-product","3":"status-publish","4":"has-post-thumbnail","6":"product_cat-djecji-pametni-satovi","7":"product_cat-top-proizvodi","8":"","9":"woocommerce-text-align-center","10":"woocommerce-image-align-center","11":"do-quantity-buttons","12":"wc-has-gallery","14":"first","15":"instock","16":"sale","17":"taxable","18":"shipping-taxable","19":"purchasable","20":"product-type-simple"},"_links":{"self":[{"href":"https:\/\/ql-shop.eu\/hr\/wp-json\/wp\/v2\/product\/40827","targetHints":{"allow":["GET"]}}],"collection":[{"href":"https:\/\/ql-shop.eu\/hr\/wp-json\/wp\/v2\/product"}],"about":[{"href":"https:\/\/ql-shop.eu\/hr\/wp-json\/wp\/v2\/types\/product"}],"wp:featuredmedia":[{"embeddable":true,"href":"https:\/\/ql-shop.eu\/hr\/wp-json\/wp\/v2\/media\/40902"}],"wp:attachment":[{"href":"https:\/\/ql-shop.eu\/hr\/wp-json\/wp\/v2\/media?parent=40827"}],"wp:term":[{"taxonomy":"product_brand","embeddable":true,"href":"https:\/\/ql-shop.eu\/hr\/wp-json\/wp\/v2\/product_brand?post=40827"},{"taxonomy":"product_cat","embeddable":true,"href":"https:\/\/ql-shop.eu\/hr\/wp-json\/wp\/v2\/product_cat?post=40827"},{"taxonomy":"product_tag","embeddable":true,"href":"https:\/\/ql-shop.eu\/hr\/wp-json\/wp\/v2\/product_tag?post=40827"}],"curies":[{"name":"wp","href":"https:\/\/api.w.org\/{rel}","templated":true}]}}