{"id":40526,"date":"2024-04-24T15:27:47","date_gmt":"2024-04-24T13:27:47","guid":{"rendered":"https:\/\/ql-shop.eu\/hr\/?post_type=product&#038;p=40526"},"modified":"2024-04-24T15:28:08","modified_gmt":"2024-04-24T13:28:08","slug":"pametni-sat-mpcr11","status":"publish","type":"product","link":"https:\/\/ql-shop.eu\/hr\/izdelek\/pametni-sat-mpcr11\/","title":{"rendered":"Pametni sat MPCR11"},"content":{"rendered":"<blockquote><p>Pametni sat MPCR11<\/p><\/blockquote>\n<p><img loading=\"lazy\" decoding=\"async\" class=\"wp-image-53540 aligncenter\" src=\"https:\/\/megapanda.si\/wp-content\/uploads\/2020\/05\/CR11-23-160x300.jpg\" alt=\"\" width=\"375\" height=\"703\" \/><\/p>\n<p>Univerzalni sportski sat Universwatch MPCR11 pratit \u0107e vas u svakodnevnom \u017eivotu i postati va\u0161 najbolji sportski prijatelj.<\/p>\n<p>Dostupan u dvije razli\u010dite boje, naime crnoj i bijelo-plavo-crvenoj.<\/p>\n<p>Sat radi 7-10 dana prije punjenja.<\/p>\n<p>&nbsp;<\/p>\n<p><em><img loading=\"lazy\" decoding=\"async\" class=\"wp-image-53257 aligncenter\" src=\"https:\/\/megapanda.si\/wp-content\/uploads\/2020\/05\/CR11-6-300x202.jpg\" alt=\"\" width=\"421\" height=\"283\" \/><\/em><\/p>\n<p>&nbsp;<\/p>\n<p><em><img loading=\"lazy\" decoding=\"async\" class=\" wp-image-53259 aligncenter\" src=\"https:\/\/megapanda.si\/wp-content\/uploads\/2020\/05\/CR11-7-300x282.jpg\" alt=\"\" width=\"418\" height=\"393\" \/><\/em><\/p>\n<p>Materijal:<\/p>\n<p>Materijal trake: silikon<\/p>\n<p><em><img loading=\"lazy\" decoding=\"async\" class=\" wp-image-53235 aligncenter\" src=\"https:\/\/megapanda.si\/wp-content\/uploads\/2020\/05\/CR11-3-246x300.jpg\" alt=\"\" width=\"366\" height=\"438\" \/><\/em><\/p>\n<p>Zna\u010dajke:<\/p>\n<p>Veza izme\u0111u telefona i sata: Bluetooth<\/p>\n<p>Vodootporan: pogodan za kupanje<\/p>\n<p>Sustav: za Android i ISO<\/p>\n<p>Zaslon: za\u0161titni i zaslon protiv ogrebotina<\/p>\n<p><em><img loading=\"lazy\" decoding=\"async\" class=\" wp-image-53233 aligncenter\" src=\"https:\/\/megapanda.si\/wp-content\/uploads\/2020\/05\/CR11-4-279x300.jpg\" alt=\"\" width=\"380\" height=\"373\" \/><\/em><\/p>\n<p>Funkcije<\/p>\n<p>brojanje koraka<br \/>\nspavati,<br \/>\notkucaji srca,<br \/>\nkrvni tlak,<br \/>\nbilje\u017eenje podataka o vje\u017ebama,<br \/>\ninformacije o pozivima, tekstualnim porukama i vremenu,<br \/>\nbudilica,<br \/>\npotraga za narukvicom,<br \/>\nodbijanje poziva i druge zna\u010dajke.<\/p>\n<p><img loading=\"lazy\" decoding=\"async\" class=\" wp-image-53302 aligncenter\" src=\"https:\/\/megapanda.si\/wp-content\/uploads\/2020\/05\/cr-11-1-1-300x294.jpg\" alt=\"\" width=\"440\" height=\"397\" \/><\/p>\n<p>Paket uklju\u010duje:<\/p>\n<p>Pametni sat, USB kabel i upute za uporabu.<\/p>\n<p>Sat je dostupan u dvije razli\u010dite boje:<br \/>\nbijelo i crno<\/p>\n<p><img loading=\"lazy\" decoding=\"async\" class=\"alignnone wp-image-53230 aligncenter\" src=\"https:\/\/megapanda.si\/wp-content\/uploads\/2020\/05\/CR11-5-133x300.jpg\" alt=\"\" width=\"273\" height=\"451\" \/><\/p>\n","protected":false},"excerpt":{"rendered":"<p>Univerzalni pametni sat Smartwatch MPCR11 prikladan je za ljude svih dobi.<\/p>\n<p>Sat je dizajniran da bude zanimljiv i ugodan na dodir. Ugodne boje i funkcionalnost uljep\u0161at \u0107e izgled va\u0161eg sata. Na ovaj na\u010din sat \u0107e vam biti najbolji prijatelj jer \u0107ete njime upravljati svojim sportskim aktivnostima, a mo\u017eete ga povezati i s telefonom na kojem mo\u017eete \u010ditati poruke ili vidjeti podatke o pozivima.<\/p>\n<p>Sat se jednostavno povezuje s va\u0161im telefonom putem Bluetootha, \u0161to vam omogu\u0107uje \u010ditanje poruka i dobivanje informacija o pozivu. Tako\u0111er prati va\u0161u sportsku aktivnost, korake, san.<\/p>\n","protected":false},"featured_media":40574,"template":"","meta":[],"product_brand":[],"product_cat":[373,367,364],"product_tag":[],"class_list":{"0":"post-40526","1":"product","2":"type-product","3":"status-publish","4":"has-post-thumbnail","6":"product_cat-pametni-satovi","7":"product_cat-proizvodi-za-njega","8":"product_cat-top-proizvodi","9":"","10":"woocommerce-text-align-center","11":"woocommerce-image-align-center","12":"do-quantity-buttons","13":"wc-has-gallery","15":"first","16":"instock","17":"sale","18":"taxable","19":"shipping-taxable","20":"purchasable","21":"product-type-variable"},"_links":{"self":[{"href":"https:\/\/ql-shop.eu\/hr\/wp-json\/wp\/v2\/product\/40526","targetHints":{"allow":["GET"]}}],"collection":[{"href":"https:\/\/ql-shop.eu\/hr\/wp-json\/wp\/v2\/product"}],"about":[{"href":"https:\/\/ql-shop.eu\/hr\/wp-json\/wp\/v2\/types\/product"}],"wp:featuredmedia":[{"embeddable":true,"href":"https:\/\/ql-shop.eu\/hr\/wp-json\/wp\/v2\/media\/40574"}],"wp:attachment":[{"href":"https:\/\/ql-shop.eu\/hr\/wp-json\/wp\/v2\/media?parent=40526"}],"wp:term":[{"taxonomy":"product_brand","embeddable":true,"href":"https:\/\/ql-shop.eu\/hr\/wp-json\/wp\/v2\/product_brand?post=40526"},{"taxonomy":"product_cat","embeddable":true,"href":"https:\/\/ql-shop.eu\/hr\/wp-json\/wp\/v2\/product_cat?post=40526"},{"taxonomy":"product_tag","embeddable":true,"href":"https:\/\/ql-shop.eu\/hr\/wp-json\/wp\/v2\/product_tag?post=40526"}],"curies":[{"name":"wp","href":"https:\/\/api.w.org\/{rel}","templated":true}]}}