{"id":40514,"date":"2024-04-24T15:27:46","date_gmt":"2024-04-24T13:27:46","guid":{"rendered":"https:\/\/ql-shop.eu\/hr\/?post_type=product&#038;p=40514"},"modified":"2024-04-24T15:28:08","modified_gmt":"2024-04-24T13:28:08","slug":"smart-kid-safe-basic-sat","status":"publish","type":"product","link":"https:\/\/ql-shop.eu\/hr\/izdelek\/smart-kid-safe-basic-sat\/","title":{"rendered":"Smart Kid Safe BASIC Sat"},"content":{"rendered":"<h2>Djeca \u0107e biti sigurna uz Smart Kid Safe!<\/h2>\n<p>Pametni dje\u010dji sef BASIC dizajniran je za djecu tako da uvijek mogu nazvati unaprijed postavljene brojeve.<\/p>\n<p>Djeca se mogu slikati sa satom, postaviti \u017eeljene alarme i podsjetnike, tako\u0111er nadzirati vrijeme i razgovarati.<\/p>\n<h2>Pametni dje\u010dji sat umjesto telefona<\/h2>\n<p>Pametni dje\u010dji sat zamjena je za mobitel, pa djeca ne trebaju nositi mobitel u \u0161kolu. Uvijek \u0107e biti dostupni roditeljima, a osim toga roditelji mogu vidjeti i to\u010dno mjesto djeteta.<\/p>\n<h3>Pametni dje\u010dji sat tako\u0111er je namijenjen starijim osobama<\/h3>\n<p>Pogodan je i za starije ljude koji mogu nazvati svoje najmilije u slu\u010daju nesre\u0107e ili pozvati pomo\u0107 (SOS gumb).<\/p>\n<p>Sat nudi jo\u0161 mnogo dodatnih zna\u010dajki opisanih u nastavku.<\/p>\n<p>Specifikacija pametnog dje\u010djeg sata:<\/p>\n<ul>\n<li>Procesor: MTK2503<br \/>\nZaslon: 1,44 in\u010dni zaslon u boji osjetljiv na dodir<br \/>\nBluetooth verzija: 4.0 + EDR<br \/>\nRazlu\u010divost zaslona: 240 x 240<br \/>\nDimenzija: 40 x 48 x 15,1 mm<br \/>\nMemorija: 128M + 32M<br \/>\nUtor za SIM<br \/>\nBaterija: 400 mAh Li-Po<br \/>\nTrajanje baterije: 2-3 dana pri normalnoj upotrebi, 6-7 dana u praznom hodu<br \/>\nLBS &#8211; GPRS to\u010dnost: 100-2000m (signal ovisi o operateru oda\u0161ilja\u010da)<br \/>\nBudilica<br \/>\nIzgubljena tra\u017eilica za sat<\/li>\n<\/ul>\n<p><strong>Svojstva: <\/strong><\/p>\n<ul>\n<li style=\"list-style-type: none;\">\n<ul>\n<li>LED zaslon<br \/>\nOtpornost na vodu IP67 (TU\u0160, PRANJE, KI\u0160A, &#8230;)<br \/>\nUtor za SIM karticu &#8211; SIM kartica nije uklju\u010dena, potrebna!<br \/>\nGSM prijamnik<br \/>\nPrimanje SMS poruka<br \/>\nAlarm ako se sat skine sa zape\u0161\u0107a<br \/>\nSOS gumb<br \/>\nDaljinsko upravljanje satom<br \/>\nMjerenje kvalitete sna<br \/>\nPovijest putnika 30 dana<br \/>\nTako\u0111er je potrebno imati prijenos podataka od najmanje 500 MB na SIM karticiBOJA: plava za dje\u010dakeRu\u017ei\u010dasta \/ ljubi\u010dasta za djevoj\u010dice<\/li>\n<\/ul>\n<\/li>\n<\/ul>\n<p><img loading=\"lazy\" decoding=\"async\" class=\"alignnone wp-image-59082\" src=\"https:\/\/megapanda.si\/wp-content\/uploads\/2019\/11\/q12-300x300.jpg\" alt=\"\" width=\"442\" height=\"442\" \/>\u00a0 \u00a0 \u00a0 \u00a0 \u00a0 \u00a0 \u00a0 \u00a0<img loading=\"lazy\" decoding=\"async\" class=\"alignnone wp-image-59083\" src=\"https:\/\/megapanda.si\/wp-content\/uploads\/2019\/11\/basic4-300x267.jpg\" alt=\"\" width=\"504\" height=\"449\" \/><\/p>\n<p>&nbsp;<\/p>\n<p>&nbsp;<\/p>\n<p>&nbsp;<\/p>\n<p>Set sadr\u017ei:<\/p>\n<p>Lijepa prakti\u010dna kutija &#8211; prikladna za poklon<br \/>\nSmart Kid Safe Basic<br \/>\nUSB kabel za punjenje<br \/>\nUpute za kori\u0161tenje<br \/>\nJamstvo: 1 godina.<\/p>\n<p>&nbsp;<\/p>\n<p>&nbsp;<\/p>\n","protected":false},"excerpt":{"rendered":"<p>Uz Smart Kid Safe basic va\u0161e \u0107e dijete biti sigurnije. Sat omogu\u0107uje pra\u0107enje lokacije, dvosmjernu komunikaciju.<\/p>\n<p>&nbsp;<\/p>\n","protected":false},"featured_media":40554,"template":"","meta":[],"product_brand":[],"product_cat":[655,373,364],"product_tag":[],"class_list":{"0":"post-40514","1":"product","2":"type-product","3":"status-publish","4":"has-post-thumbnail","6":"product_cat-pametne-narukvice","7":"product_cat-pametni-satovi","8":"product_cat-top-proizvodi","9":"","10":"woocommerce-text-align-center","11":"woocommerce-image-align-center","12":"do-quantity-buttons","13":"wc-has-gallery","15":"first","16":"instock","17":"sale","18":"taxable","19":"shipping-taxable","20":"purchasable","21":"product-type-variable"},"_links":{"self":[{"href":"https:\/\/ql-shop.eu\/hr\/wp-json\/wp\/v2\/product\/40514","targetHints":{"allow":["GET"]}}],"collection":[{"href":"https:\/\/ql-shop.eu\/hr\/wp-json\/wp\/v2\/product"}],"about":[{"href":"https:\/\/ql-shop.eu\/hr\/wp-json\/wp\/v2\/types\/product"}],"wp:featuredmedia":[{"embeddable":true,"href":"https:\/\/ql-shop.eu\/hr\/wp-json\/wp\/v2\/media\/40554"}],"wp:attachment":[{"href":"https:\/\/ql-shop.eu\/hr\/wp-json\/wp\/v2\/media?parent=40514"}],"wp:term":[{"taxonomy":"product_brand","embeddable":true,"href":"https:\/\/ql-shop.eu\/hr\/wp-json\/wp\/v2\/product_brand?post=40514"},{"taxonomy":"product_cat","embeddable":true,"href":"https:\/\/ql-shop.eu\/hr\/wp-json\/wp\/v2\/product_cat?post=40514"},{"taxonomy":"product_tag","embeddable":true,"href":"https:\/\/ql-shop.eu\/hr\/wp-json\/wp\/v2\/product_tag?post=40514"}],"curies":[{"name":"wp","href":"https:\/\/api.w.org\/{rel}","templated":true}]}}