{"id":40470,"date":"2024-04-24T15:27:24","date_gmt":"2024-04-24T13:27:24","guid":{"rendered":"https:\/\/ql-shop.eu\/hr\/?post_type=product&#038;p=40470"},"modified":"2024-04-24T15:27:40","modified_gmt":"2024-04-24T13:27:40","slug":"pametni-sat-mpc2","status":"publish","type":"product","link":"https:\/\/ql-shop.eu\/hr\/izdelek\/pametni-sat-mpc2\/","title":{"rendered":"Pametni sat MPC2"},"content":{"rendered":"<h4>Materijali:<\/h4>\n<ul>\n<li>Kvalitetna plasti\u010dna traka (obra\u0111ena guma)<\/li>\n<li>Okvir ku\u0107i\u0161ta izra\u0111en od kvalitetno obra\u0111enog aluminija<\/li>\n<\/ul>\n<h4>Sadr\u017eaj kompleta:<\/h4>\n<ul>\n<li>1x pametni sat MPC2<\/li>\n<li>Vgrajena baterija<\/li>\n<li>1x USB kabel za napajanje<\/li>\n<li>Upute za kori\u0161tenje<\/li>\n<li><strong>12 mjeseci garancije<\/strong><\/li>\n<\/ul>\n<p><strong>Zna\u010dajke Funkcije:<\/strong><\/p>\n<ul>\n<li>Procesor <span data-spm-anchor-id=\"a2700.wholesale.0.i31.13c8943chlks3A\">PHY 6202<\/span><\/li>\n<li>Vrhunsko i izuzetno kvalitetno obra\u0111eno aluminijsko ku\u0107i\u0161te<\/li>\n<li>1,3-in\u010dni IPS HD zaslon (okrugli) &#8211; dodirni zaslon<\/li>\n<li>Bluetooth 5.0<\/li>\n<li>Baterija: 200 mAh<\/li>\n<li>mjera\u010d otkucaja srca<\/li>\n<li>pedometar,<\/li>\n<li>mjerenje krvnog tlaka<\/li>\n<li>Kisik u krvi<\/li>\n<li>mjerenje udaljenosti<\/li>\n<li>Fitness Tracker (tr\u010danje, nogomet, biciklizam, atletika, fitness &#8230;)<\/li>\n<li>Podsjetnik na poziv<\/li>\n<li>Daljinski upravlja\u010d kamere na telefonu<img loading=\"lazy\" decoding=\"async\" class=\" wp-image-332182 aligncenter\" src=\"https:\/\/megapanda.si\/wp-content\/uploads\/2021\/06\/H2ea0abaa641a4f79a7a70e71113c136by-233x300.jpg\" alt=\"\" width=\"412\" height=\"530\" \/><img loading=\"lazy\" decoding=\"async\" class=\" wp-image-332183 aligncenter\" src=\"https:\/\/megapanda.si\/wp-content\/uploads\/2021\/06\/H7b165e0b80374d118d0b4e5b680b058cw-233x300.jpg\" alt=\"\" width=\"420\" height=\"541\" \/><img loading=\"lazy\" decoding=\"async\" class=\" wp-image-332184 aligncenter\" src=\"https:\/\/megapanda.si\/wp-content\/uploads\/2021\/06\/H7c910bea3ed14125963880276b284552c-233x300.jpg\" alt=\"\" width=\"387\" height=\"498\" \/><img loading=\"lazy\" decoding=\"async\" class=\" wp-image-332185 aligncenter\" src=\"https:\/\/megapanda.si\/wp-content\/uploads\/2021\/06\/H33fd4991c1e34f789c5baf8dad108258a-233x300.jpg\" alt=\"\" width=\"352\" height=\"453\" \/><img loading=\"lazy\" decoding=\"async\" class=\" wp-image-332186 aligncenter\" src=\"https:\/\/megapanda.si\/wp-content\/uploads\/2021\/06\/H45caa834a0c84d238ee8753b836e939cr-233x300.jpg\" alt=\"\" width=\"414\" height=\"533\" \/><img loading=\"lazy\" decoding=\"async\" class=\" wp-image-332187 aligncenter\" src=\"https:\/\/megapanda.si\/wp-content\/uploads\/2021\/06\/H46d1f2647ea04ffd907c734a7b38bb51h-233x300.jpg\" alt=\"\" width=\"370\" height=\"476\" \/><img loading=\"lazy\" decoding=\"async\" class=\" wp-image-332188 aligncenter\" src=\"https:\/\/megapanda.si\/wp-content\/uploads\/2021\/06\/H484f00e818604976ae645ab12aa28e41N-233x300.jpg\" alt=\"\" width=\"392\" height=\"505\" \/><\/li>\n<\/ul>\n<p><img loading=\"lazy\" decoding=\"async\" class=\" wp-image-332189 aligncenter\" src=\"https:\/\/megapanda.si\/wp-content\/uploads\/2021\/06\/H925dd232e6c34a15952a2513860a95bfM-233x300.jpg\" alt=\"\" width=\"476\" height=\"613\" \/><img loading=\"lazy\" decoding=\"async\" class=\" wp-image-332190 aligncenter\" src=\"https:\/\/megapanda.si\/wp-content\/uploads\/2021\/06\/Hc5d8ac49d4d840a397de18b73d4a039aU-233x300.jpg\" alt=\"\" width=\"392\" height=\"505\" \/><img loading=\"lazy\" decoding=\"async\" class=\" wp-image-332191 aligncenter\" src=\"https:\/\/megapanda.si\/wp-content\/uploads\/2021\/06\/He65ef1f0224246c591bbe21e6c727c299-233x300.jpg\" alt=\"\" width=\"485\" height=\"624\" \/><\/p>\n<p><img loading=\"lazy\" decoding=\"async\" class=\" wp-image-332192 aligncenter\" src=\"https:\/\/megapanda.si\/wp-content\/uploads\/2021\/06\/Hfa64b6007c0d40bb804f6b93cee9c62cp-233x300.jpg\" alt=\"\" width=\"397\" height=\"511\" \/><\/p>\n<p>&nbsp;<\/p>\n<p>&nbsp;<\/p>\n<p>&nbsp;<\/p>\n<p>&nbsp;<\/p>\n<p>&nbsp;<\/p>\n","protected":false},"excerpt":{"rendered":"<p>Mu\u0161ki pametni sat MPC2 pogodan je za sportske aktivnosti kao i za svakodnevnu upotrebu.<\/p>\n<p>Ponosi se sportsko-elegantnim izgledom i kvalitetnim materijalima.<\/p>\n<p>Bluetooth se povezuje sa svim pametnim telefonima i upozorava na obavijesti s telefona.<\/p>\n<p>Otporan je na vodu i pra\u0161inu (razina za\u0161tite IP68).<\/p>\n","protected":false},"featured_media":40496,"template":"","meta":[],"product_brand":[],"product_cat":[373,364],"product_tag":[],"class_list":{"0":"post-40470","1":"product","2":"type-product","3":"status-publish","4":"has-post-thumbnail","6":"product_cat-pametni-satovi","7":"product_cat-top-proizvodi","8":"","9":"woocommerce-text-align-center","10":"woocommerce-image-align-center","11":"do-quantity-buttons","12":"wc-has-gallery","14":"first","15":"instock","16":"sale","17":"taxable","18":"shipping-taxable","19":"purchasable","20":"product-type-simple"},"_links":{"self":[{"href":"https:\/\/ql-shop.eu\/hr\/wp-json\/wp\/v2\/product\/40470","targetHints":{"allow":["GET"]}}],"collection":[{"href":"https:\/\/ql-shop.eu\/hr\/wp-json\/wp\/v2\/product"}],"about":[{"href":"https:\/\/ql-shop.eu\/hr\/wp-json\/wp\/v2\/types\/product"}],"wp:featuredmedia":[{"embeddable":true,"href":"https:\/\/ql-shop.eu\/hr\/wp-json\/wp\/v2\/media\/40496"}],"wp:attachment":[{"href":"https:\/\/ql-shop.eu\/hr\/wp-json\/wp\/v2\/media?parent=40470"}],"wp:term":[{"taxonomy":"product_brand","embeddable":true,"href":"https:\/\/ql-shop.eu\/hr\/wp-json\/wp\/v2\/product_brand?post=40470"},{"taxonomy":"product_cat","embeddable":true,"href":"https:\/\/ql-shop.eu\/hr\/wp-json\/wp\/v2\/product_cat?post=40470"},{"taxonomy":"product_tag","embeddable":true,"href":"https:\/\/ql-shop.eu\/hr\/wp-json\/wp\/v2\/product_tag?post=40470"}],"curies":[{"name":"wp","href":"https:\/\/api.w.org\/{rel}","templated":true}]}}