{"id":40405,"date":"2024-04-24T15:27:08","date_gmt":"2024-04-24T13:27:08","guid":{"rendered":"https:\/\/ql-shop.eu\/hr\/?post_type=product&#038;p=40405"},"modified":"2024-04-24T15:27:22","modified_gmt":"2024-04-24T13:27:22","slug":"pametna-narukvica-mph30","status":"publish","type":"product","link":"https:\/\/ql-shop.eu\/hr\/izdelek\/pametna-narukvica-mph30\/","title":{"rendered":"Pametna narukvica MPH30"},"content":{"rendered":"<p>Pametna narukvica MPH30 vodootporna je narukvica koja se mo\u017ee pohvaliti za\u0161titom od IP68. O\u010darat \u0107e vas elegantnim dizajnom, kvalitetnim kaljenim staklom, aluminijskim ku\u0107i\u0161tem i modernom tehnologijom. Pru\u017ea vam zadovoljstvo u svakodnevnim aktivnostima i sportovima, a ujedno je i modni dodatak.<br \/>\nNudi vam razne funkcije, uklju\u010duju\u0107i sat, alarm i datum, kao i metar kalorija, puls, korake, udaljenost, spavanje i mnoge druge funkcije. Kada narukvicu pove\u017eete sa pametnim telefonom, ona vam omogu\u0107uje pristup pozivima, tekstualnim porukama i ostalim obavijestima na dru\u0161tvenim mre\u017eama. Na taj na\u010din nikada ne\u0107ete propustiti nijedan va\u017ean poziv ili obavijest. Uz upozorenja da sjedite i pijete vodu, poti\u010de vas na zdrav na\u010din \u017eivota.<\/p>\n<p>&nbsp;<\/p>\n<p><img loading=\"lazy\" decoding=\"async\" class=\"wp-image-60244 aligncenter\" src=\"https:\/\/megapanda.si\/wp-content\/uploads\/2020\/12\/mph30-3-300x255.jpg\" alt=\"\" width=\"660\" height=\"561\" \/><\/p>\n<p>Veli\u010dina: 42 * 42 * 12,8 mm<br \/>\nBoja: plava, ru\u017ei\u010dasta, ljubi\u010dasta<br \/>\nSet \u010dipova: 8762C<br \/>\nKompatibilni sustav: Android4.4, IOS9.0 i noviji<br \/>\nZaslon: 1,3-in\u010dni 240 * 240 IPS<br \/>\nBaterija: 200mAh Litij polimer<br \/>\nNa\u010din punjenja USB posebna magnetska linija za punjenje<br \/>\nVeli\u010dina narukvice Ukupna duljina 220 mm, podesiva duljina 145-190 mm<br \/>\nMaterijal Glavno ku\u0107i\u0161te: legura cinka + sferno kaljeno staklo<br \/>\nRemen za zglob: silikonski remen<\/p>\n<p>&nbsp;<\/p>\n<h3>Zna\u010dajke:<\/h3>\n<ul>\n<li>Automatsko aktiviranje zaslona prilikom podizanja ruke,<br \/>\nMjera\u010d krvnog tlaka<br \/>\nMjerenje otkucaja srca<br \/>\nMjerenje kalorija<br \/>\nMjerni koraci<br \/>\nMjerenje udaljenosti<br \/>\nMjerenje sjedala<br \/>\nMjerenje kvalitete sna<br \/>\nFiziolo\u0161ki ciklus \u017eena<br \/>\nOtpornost na vodu: IP68<br \/>\nUpozorenja o pijenju vode<br \/>\nUpozorenja o pozivima, SMS, Facebook, e-po\u0161ta, Skype, Twitter itd.<br \/>\nVrijeme, datum, alarm<br \/>\nAnti izgubljena funkcija<br \/>\nDaljinsko snimanje<br \/>\nOLED zaslon osjetljiv na dodir<br \/>\nBluetooth 4.0.<br \/>\nKompatibilno s Androidom 4.4 i iOS 9.0 ili novijim<br \/>\nKapacitet baterije 200 mAh<br \/>\nVrijeme \u010dekanja: 35 dana<br \/>\nRadno vrijeme: 5-7 dana<br \/>\nVrijeme punjenja; 2-2,5h<br \/>\nNa\u010din alarma: vibriranje<\/li>\n<\/ul>\n<p>&nbsp;<\/p>\n<p>U paketu:<br \/>\nPametna narukvica MPH30<br \/>\nMagnetski kabel za punjenje<br \/>\nPoklon kutija<br \/>\nUpute za kori\u0161tenje<\/p>\n<p>&nbsp;<\/p>\n<p><img loading=\"lazy\" decoding=\"async\" class=\"wp-image-60245 aligncenter\" src=\"https:\/\/megapanda.si\/wp-content\/uploads\/2020\/12\/mph30-4-226x300.jpg\" alt=\"\" width=\"497\" height=\"660\" \/><img loading=\"lazy\" decoding=\"async\" class=\"wp-image-60248 aligncenter\" src=\"https:\/\/megapanda.si\/wp-content\/uploads\/2020\/12\/mph30-7-300x300.jpg\" alt=\"\" width=\"608\" height=\"608\" \/><img loading=\"lazy\" decoding=\"async\" class=\"wp-image-60246 aligncenter\" src=\"https:\/\/megapanda.si\/wp-content\/uploads\/2020\/12\/mph30-5-251x300.jpg\" alt=\"\" width=\"655\" height=\"782\" \/><img loading=\"lazy\" decoding=\"async\" class=\"wp-image-60251 aligncenter\" src=\"https:\/\/megapanda.si\/wp-content\/uploads\/2020\/12\/mph30-10-300x248.jpg\" alt=\"\" width=\"755\" height=\"624\" \/><\/p>\n<p>&nbsp;<\/p>\n","protected":false},"excerpt":{"rendered":"<p>Pametna narukvica MPH30 vodootporna je narukvica koja se mo\u017ee pohvaliti za\u0161titom od IP68. O\u010darat \u0107e vas elegantnim dizajnom, kvalitetnim kaljenim staklom i aluminijskim ku\u0107i\u0161tem te modernom tehnologijom. Pru\u017ea vam zadovoljstvo u svakodnevnim aktivnostima i sportovima, a ujedno je i modni dodatak.<\/p>\n","protected":false},"featured_media":40446,"template":"","meta":[],"product_brand":[],"product_cat":[655,364],"product_tag":[],"class_list":{"0":"post-40405","1":"product","2":"type-product","3":"status-publish","4":"has-post-thumbnail","6":"product_cat-pametne-narukvice","7":"product_cat-top-proizvodi","8":"","9":"woocommerce-text-align-center","10":"woocommerce-image-align-center","11":"do-quantity-buttons","12":"wc-has-gallery","14":"first","15":"instock","16":"sale","17":"taxable","18":"shipping-taxable","19":"purchasable","20":"product-type-variable"},"_links":{"self":[{"href":"https:\/\/ql-shop.eu\/hr\/wp-json\/wp\/v2\/product\/40405","targetHints":{"allow":["GET"]}}],"collection":[{"href":"https:\/\/ql-shop.eu\/hr\/wp-json\/wp\/v2\/product"}],"about":[{"href":"https:\/\/ql-shop.eu\/hr\/wp-json\/wp\/v2\/types\/product"}],"wp:featuredmedia":[{"embeddable":true,"href":"https:\/\/ql-shop.eu\/hr\/wp-json\/wp\/v2\/media\/40446"}],"wp:attachment":[{"href":"https:\/\/ql-shop.eu\/hr\/wp-json\/wp\/v2\/media?parent=40405"}],"wp:term":[{"taxonomy":"product_brand","embeddable":true,"href":"https:\/\/ql-shop.eu\/hr\/wp-json\/wp\/v2\/product_brand?post=40405"},{"taxonomy":"product_cat","embeddable":true,"href":"https:\/\/ql-shop.eu\/hr\/wp-json\/wp\/v2\/product_cat?post=40405"},{"taxonomy":"product_tag","embeddable":true,"href":"https:\/\/ql-shop.eu\/hr\/wp-json\/wp\/v2\/product_tag?post=40405"}],"curies":[{"name":"wp","href":"https:\/\/api.w.org\/{rel}","templated":true}]}}