{"id":40402,"date":"2024-04-24T15:27:08","date_gmt":"2024-04-24T13:27:08","guid":{"rendered":"https:\/\/ql-shop.eu\/hr\/?post_type=product&#038;p=40402"},"modified":"2024-04-24T15:27:22","modified_gmt":"2024-04-24T13:27:22","slug":"pametna-narukvica-mpid115-plus","status":"publish","type":"product","link":"https:\/\/ql-shop.eu\/hr\/izdelek\/pametna-narukvica-mpid115-plus\/","title":{"rendered":"Pametna narukvica MPID115 Plus"},"content":{"rendered":"<h2>Moderan dizajn i moderna tehnologija<\/h2>\n<p>Pametna narukvica MPID115 Plus ima \u0161iroku paletu boja naramenica. Boju remena mo\u017eete prilagoditi svojoj svakodnevnoj garderobi.<\/p>\n<p>Mnoge ugra\u0111ene funkcije nisu namijenjene samo sporta\u0161ima &#8211; narukvica se spaja na pametni telefon i upozorava na pozive, poruke, podsjetnike &#8230;<\/p>\n<p>Ugra\u0111eni mjera\u010d otkucaja srca svakodnevno \u0107e mjeriti va\u0161e sportske aktivnosti, uklju\u010duju\u0107i upozorenje kada predugo sjedite ili komuniciranje kvalitete va\u0161eg sna.<\/p>\n<p>Pametna narukvica namijenjena je svima koji \u017eele imati bolju kontrolu nad vlastitim zdravljem, svima koji \u017eele pove\u0107ati tjelesne aktivnosti u svakodnevnom \u017eivotu i svima koji \u017eele \u017eivjeti zdravu svakodnevicu.<\/p>\n<p>Video prezentacija:<\/p>\n<p><iframe loading=\"lazy\" title=\"ID115 HR Smart Band\" width=\"1200\" height=\"675\" src=\"https:\/\/www.youtube.com\/embed\/VztC0k-v2eA?feature=oembed\" frameborder=\"0\" allow=\"accelerometer; autoplay; clipboard-write; encrypted-media; gyroscope; picture-in-picture; web-share\" referrerpolicy=\"strict-origin-when-cross-origin\" allowfullscreen><\/iframe><\/p>\n<p><strong>Funkcije:<\/strong><\/p>\n<ul>\n<li>Mjerenje otkucaja srca<br \/>\nMjerenje kalorija<br \/>\nMjerni koraci<br \/>\nMjerenje udaljenosti<br \/>\nMjerenje sjedala<br \/>\nMjerenje kvalitete sna<br \/>\nUpozorenja o pijenju vode<br \/>\nUpozorenja o pozivima, SMS, Facebook, e-po\u0161ta, Skype, Twitter itd.<br \/>\nVrijeme, datum, alarm<br \/>\nAnti-izgubljena funkcija<br \/>\nDaljinsko snimanje<br \/>\nNa\u010din alarma: vibriranje<\/li>\n<\/ul>\n<p>Zna\u010dajke:<\/p>\n<p>Kompatibilno s Androidom 4.4 i iOS 7.1 ili novijim<br \/>\nBluetooth veza<br \/>\nKapacitet baterije: 50 mAh<br \/>\nVrijeme \u010dekanja: 10 dana<br \/>\nVrijeme rada: 5-7 dana (ovisno o upotrebi)<br \/>\nVrijeme punjenja: 60 min<br \/>\nOLED zaslon osjetljiv na dodir<br \/>\nIPX7 vodootporan (tu\u0161, ru\u010dno pranje, vlaga, ki\u0161a, &#8230;)<br \/>\nIzravno USB punjenje &#8211; nije potreban kabel<img loading=\"lazy\" decoding=\"async\" class=\"wp-image-49776 aligncenter\" src=\"https:\/\/megapanda.si\/wp-content\/uploads\/2019\/11\/id115-plus-2-300x300.jpg\" alt=\"\" width=\"601\" height=\"601\" \/><img loading=\"lazy\" decoding=\"async\" class=\"wp-image-49775 aligncenter\" src=\"https:\/\/megapanda.si\/wp-content\/uploads\/2019\/11\/id115-plus-1-300x253.jpg\" alt=\"\" width=\"601\" height=\"507\" \/><img loading=\"lazy\" decoding=\"async\" class=\"wp-image-49777 aligncenter\" src=\"https:\/\/megapanda.si\/wp-content\/uploads\/2019\/11\/id115-plus-3-294x300.jpg\" alt=\"\" width=\"600\" height=\"613\" \/><img loading=\"lazy\" decoding=\"async\" class=\"wp-image-49778 aligncenter\" src=\"https:\/\/megapanda.si\/wp-content\/uploads\/2019\/11\/id115-plus-4-300x226.jpg\" alt=\"\" width=\"600\" height=\"452\" \/><img loading=\"lazy\" decoding=\"async\" class=\" wp-image-49779 aligncenter\" src=\"https:\/\/megapanda.si\/wp-content\/uploads\/2019\/11\/id115-plus-300x242.jpg\" alt=\"\" width=\"600\" height=\"483\" \/><\/p>\n<p>&nbsp;<\/p>\n<p>Paket sadr\u017ei:<\/p>\n<p>Pametna narukvica MPID115 plus Plus u boji: crna, crvena, ljubi\u010dasta, tamnoplava, tirkizna<br \/>\nUpute za kori\u0161tenje<\/p>\n","protected":false},"excerpt":{"rendered":"<p>Pametna narukvica MPID115 Plus napredna je pametna narukvica za sporta\u0161e, kao i sve one koji \u017eele kontrolirati va\u0161e zdravlje, sportsku aktivnost i spavanje.<\/p>\n","protected":false},"featured_media":40434,"template":"","meta":[],"product_brand":[],"product_cat":[655,364],"product_tag":[],"class_list":{"0":"post-40402","1":"product","2":"type-product","3":"status-publish","4":"has-post-thumbnail","6":"product_cat-pametne-narukvice","7":"product_cat-top-proizvodi","8":"","9":"woocommerce-text-align-center","10":"woocommerce-image-align-center","11":"do-quantity-buttons","12":"wc-has-gallery","14":"first","15":"instock","16":"sale","17":"taxable","18":"shipping-taxable","19":"purchasable","20":"product-type-variable"},"_links":{"self":[{"href":"https:\/\/ql-shop.eu\/hr\/wp-json\/wp\/v2\/product\/40402","targetHints":{"allow":["GET"]}}],"collection":[{"href":"https:\/\/ql-shop.eu\/hr\/wp-json\/wp\/v2\/product"}],"about":[{"href":"https:\/\/ql-shop.eu\/hr\/wp-json\/wp\/v2\/types\/product"}],"wp:featuredmedia":[{"embeddable":true,"href":"https:\/\/ql-shop.eu\/hr\/wp-json\/wp\/v2\/media\/40434"}],"wp:attachment":[{"href":"https:\/\/ql-shop.eu\/hr\/wp-json\/wp\/v2\/media?parent=40402"}],"wp:term":[{"taxonomy":"product_brand","embeddable":true,"href":"https:\/\/ql-shop.eu\/hr\/wp-json\/wp\/v2\/product_brand?post=40402"},{"taxonomy":"product_cat","embeddable":true,"href":"https:\/\/ql-shop.eu\/hr\/wp-json\/wp\/v2\/product_cat?post=40402"},{"taxonomy":"product_tag","embeddable":true,"href":"https:\/\/ql-shop.eu\/hr\/wp-json\/wp\/v2\/product_tag?post=40402"}],"curies":[{"name":"wp","href":"https:\/\/api.w.org\/{rel}","templated":true}]}}