{"id":40388,"date":"2024-04-24T15:27:06","date_gmt":"2024-04-24T13:27:06","guid":{"rendered":"https:\/\/ql-shop.eu\/hr\/?post_type=product&#038;p=40388"},"modified":"2024-04-24T15:27:22","modified_gmt":"2024-04-24T13:27:22","slug":"pametna-narukvica-mp119-plus","status":"publish","type":"product","link":"https:\/\/ql-shop.eu\/hr\/izdelek\/pametna-narukvica-mp119-plus\/","title":{"rendered":"Pametna narukvica MP119 Plus"},"content":{"rendered":"<h2>Elegantna, sportska i kvalitetna narukvica za vas<\/h2>\n<p>Pametna narukvica mo\u017ee se pohvaliti najmodernijom tehnologijom jer ima brzi procesor koji reagira, dobru bateriju (traje 5-7 dana), kvalitetan IPS HD zaslon osjetljiv na dodir<\/p>\n<p>Omogu\u0107uje vam brzo i jednostavno mijenjanje funkcija jednim klikom, no ako ga pove\u017eete s telefonom, sat vam nudi jo\u0161 vi\u0161e funkcija, uklju\u010duju\u0107i upozorenja za poruke i pozive.<\/p>\n<p><img loading=\"lazy\" decoding=\"async\" class=\"wp-image-58369 aligncenter\" src=\"https:\/\/megapanda.si\/wp-content\/uploads\/2020\/11\/119-p-8-270x300.jpg\" alt=\"\" width=\"496\" height=\"552\" \/>\u00a0<img loading=\"lazy\" decoding=\"async\" class=\"wp-image-58368 aligncenter\" src=\"https:\/\/megapanda.si\/wp-content\/uploads\/2020\/11\/119-p-7-270x300.jpg\" alt=\"\" width=\"495\" height=\"550\" \/><img loading=\"lazy\" decoding=\"async\" class=\"wp-image-58367 aligncenter\" src=\"https:\/\/megapanda.si\/wp-content\/uploads\/2020\/11\/119-p-6-270x300.jpg\" alt=\"\" width=\"498\" height=\"554\" \/><img loading=\"lazy\" decoding=\"async\" class=\"wp-image-58366 aligncenter\" src=\"https:\/\/megapanda.si\/wp-content\/uploads\/2020\/11\/119-p-5-270x300.jpg\" alt=\"\" width=\"500\" height=\"556\" \/><img loading=\"lazy\" decoding=\"async\" class=\"wp-image-58365 aligncenter\" src=\"https:\/\/megapanda.si\/wp-content\/uploads\/2020\/11\/119-p-4-270x300.jpg\" alt=\"\" width=\"500\" height=\"556\" \/>I<img loading=\"lazy\" decoding=\"async\" class=\"wp-image-58374 aligncenter\" src=\"https:\/\/megapanda.si\/wp-content\/uploads\/2020\/11\/119-p-1-270x300.jpg\" alt=\"\" width=\"501\" height=\"557\" \/><\/p>\n<p>&nbsp;<\/p>\n<p><strong>Funkcije<\/strong><\/p>\n<ul>\n<li data-fontsize=\"18\" data-lineheight=\"27\">Postavite vrijeme i datum<br \/>\nPromjena pozadine zaslona<br \/>\nMonitor pulsa (dinami\u010dki mjera\u010d druge generacije)<br \/>\nMjera\u010d krvnog tlaka<br \/>\nMjera\u010d kalorija<br \/>\nPostavka alarma<br \/>\nPronala\u017eenje vibriraju\u0107e narukvice<br \/>\nVremenske funkcije (vrijeme, nadmorska visina, tlak zraka, UV). Morate se povezati s aplikacijom da biste koristili ove zna\u010dajke<br \/>\nBroja\u010d koraka ili pedometar<br \/>\nUpozorenje o pretjeranom vremenu sjedenja<br \/>\nMjera\u010d kvalitete spavanja<br \/>\nUpozorenja o vibracijama, alarmi, SMS i druga upozorenja (tableti, sastanak, ..) s vibracijama<\/li>\n<\/ul>\n<p>Svojstva<\/p>\n<ul>\n<li>Vodootporna klasa IP 67, (pranje ruku, tu\u0161iranje, ki\u0161a, vlaga)<br \/>\nVrsta zaslona: full HD 1,3 IPS 240 \u00d7 240 px<br \/>\nProcesor: CPU Nrf52832<br \/>\nSenzor: 3D G senzor<br \/>\n\u010cip: nordic8226<br \/>\nMaterijal: plastika, silikonska traka, kaljeno dodirno staklo<br \/>\nVrijeme punjenja: pribli\u017eno 90 min<br \/>\nKompatibilnost: DA (s iPhone i Android telefonima)<br \/>\nBluetooth: ima verziju 4.0<br \/>\nBaterija: 5-7 dana normalne upotrebe (100mah)<br \/>\nKompatibilnost telefona: iOS 9.0 i Android 5.1 i novije verzije<br \/>\nNaziv aplikacije za vezu: Lefun Health<br \/>\nBoja: crna, zelena, plava i crvena<\/li>\n<\/ul>\n<p>&nbsp;<\/p>\n<p>Paket sadr\u017ei<\/p>\n<p>1 * pametna narukvica MP119 Plus<br \/>\n1 * Upute<br \/>\n1 * USB magnetski kabel za punjenje<br \/>\n1 * Kutija za pakiranje<\/p>\n","protected":false},"excerpt":{"rendered":"<p>Elegantna i sportska pametna narukvica MP 119 Plus nudi sve! Ima HD zaslon osjetljiv na dodir na kojem mo\u017eete pratiti tjelesnu aktivnost. Narukvica je vodootporna IP67.<br \/>\nOdaberite svoju omiljenu boju i u\u017eivajte u zna\u010dajkama koje pru\u017ea narukvica MP 119 Plus<\/p>\n","protected":false},"featured_media":40417,"template":"","meta":[],"product_brand":[],"product_cat":[655,364],"product_tag":[],"class_list":{"0":"post-40388","1":"product","2":"type-product","3":"status-publish","4":"has-post-thumbnail","6":"product_cat-pametne-narukvice","7":"product_cat-top-proizvodi","8":"","9":"woocommerce-text-align-center","10":"woocommerce-image-align-center","11":"do-quantity-buttons","12":"wc-has-gallery","14":"first","15":"instock","16":"sale","17":"taxable","18":"shipping-taxable","19":"purchasable","20":"product-type-variable"},"_links":{"self":[{"href":"https:\/\/ql-shop.eu\/hr\/wp-json\/wp\/v2\/product\/40388","targetHints":{"allow":["GET"]}}],"collection":[{"href":"https:\/\/ql-shop.eu\/hr\/wp-json\/wp\/v2\/product"}],"about":[{"href":"https:\/\/ql-shop.eu\/hr\/wp-json\/wp\/v2\/types\/product"}],"wp:featuredmedia":[{"embeddable":true,"href":"https:\/\/ql-shop.eu\/hr\/wp-json\/wp\/v2\/media\/40417"}],"wp:attachment":[{"href":"https:\/\/ql-shop.eu\/hr\/wp-json\/wp\/v2\/media?parent=40388"}],"wp:term":[{"taxonomy":"product_brand","embeddable":true,"href":"https:\/\/ql-shop.eu\/hr\/wp-json\/wp\/v2\/product_brand?post=40388"},{"taxonomy":"product_cat","embeddable":true,"href":"https:\/\/ql-shop.eu\/hr\/wp-json\/wp\/v2\/product_cat?post=40388"},{"taxonomy":"product_tag","embeddable":true,"href":"https:\/\/ql-shop.eu\/hr\/wp-json\/wp\/v2\/product_tag?post=40388"}],"curies":[{"name":"wp","href":"https:\/\/api.w.org\/{rel}","templated":true}]}}