{"id":39945,"date":"2024-04-24T15:25:07","date_gmt":"2024-04-24T13:25:07","guid":{"rendered":"https:\/\/ql-shop.eu\/hr\/?post_type=product&#038;p=39945"},"modified":"2024-04-24T15:25:46","modified_gmt":"2024-04-24T13:25:46","slug":"auto-fm-player","status":"publish","type":"product","link":"https:\/\/ql-shop.eu\/hr\/izdelek\/auto-fm-player\/","title":{"rendered":"Auto FM Player"},"content":{"rendered":"<h2 style=\"text-align: center;\"><span style=\"color: #0000ff;\">AUTO FM PLAYER\u00a0<\/span><\/h2>\n<p>FM player je edinstveno rje\u0161enje za slu\u0161anje va\u0161e omiljene glazbe u autu. Va\u0161a vo\u017enja\u00a0 \u0107e biti puno zabavnija i opu\u0161tenija sa FM Player-om. FM je prenosiv tako da \u0107e biti dobra glazba uvijek s vama. FM Player stavite u elektri\u010dni upalja\u010d za cigarete i upotrijebite radio kako biste uhvatili frekvenciju.<\/p>\n<p>Glazbu mo\u017eete reproducirati sa UBS-ja, SD-kartice ili AUX priklju\u010dka. Kontrola je mogu\u0107a i s prilo\u017eenim daljinskim upravlja\u010dem.<\/p>\n<p><strong>KARAKTERISTIKE:\u00a0<\/strong><\/p>\n<ul>\n<li>Boja: bijelo-plava<\/li>\n<li>1,44 in\u010dni zaslon<\/li>\n<li>Podr\u017eava USB klju\u010deve, SD kartice i AUX<\/li>\n<li>MP3 format<\/li>\n<li>Memorijska funkcija pjesme i zvuka<\/li>\n<li>LCD ekran<\/li>\n<li>Podr\u017eava SCV video datoteke<\/li>\n<li>Napajanje: upalja\u010d za automobile 12V<\/li>\n<li>Mogu\u0107e pode\u0161avanje kuta \/ nagiba<\/li>\n<li>Frekvencijski opseg: 87,5 &#8211; 108 MHz<\/li>\n<\/ul>\n<p>Uklju\u010deni u paketu su: 1x auto FM Player i 1x daljinski upravlja\u010d.<\/p>\n<p>&nbsp;<\/p>\n<p>&nbsp;<\/p>\n<h3 style=\"text-align: center;\"><span style=\"color: #0000ff;\">INFORMACIJE I NARUD\u017dBE 0915329511<\/span><\/h3>\n<h3 style=\"text-align: left;\"><\/h3>\n","protected":false},"excerpt":{"rendered":"<p>Napravite najnoviju glazbu ili vje\u010dne hitove u automobilu. FM player je prenosiv i jednostavan za kori\u0161tenje, a va\u0161u \u0107e vo\u017enju u\u010diniti ugodnijim.<\/p>\n","protected":false},"featured_media":40099,"template":"","meta":[],"product_brand":[],"product_cat":[673,364,777,365],"product_tag":[],"class_list":{"0":"post-39945","1":"product","2":"type-product","3":"status-publish","4":"has-post-thumbnail","6":"product_cat-sve-za-automobil","7":"product_cat-top-proizvodi","8":"product_cat-uncategorized","9":"product_cat-zabavna-elektronika","10":"","11":"woocommerce-text-align-center","12":"woocommerce-image-align-center","13":"do-quantity-buttons","14":"wc-has-gallery","16":"first","17":"instock","18":"sale","19":"taxable","20":"shipping-taxable","21":"purchasable","22":"product-type-simple"},"_links":{"self":[{"href":"https:\/\/ql-shop.eu\/hr\/wp-json\/wp\/v2\/product\/39945","targetHints":{"allow":["GET"]}}],"collection":[{"href":"https:\/\/ql-shop.eu\/hr\/wp-json\/wp\/v2\/product"}],"about":[{"href":"https:\/\/ql-shop.eu\/hr\/wp-json\/wp\/v2\/types\/product"}],"wp:featuredmedia":[{"embeddable":true,"href":"https:\/\/ql-shop.eu\/hr\/wp-json\/wp\/v2\/media\/40099"}],"wp:attachment":[{"href":"https:\/\/ql-shop.eu\/hr\/wp-json\/wp\/v2\/media?parent=39945"}],"wp:term":[{"taxonomy":"product_brand","embeddable":true,"href":"https:\/\/ql-shop.eu\/hr\/wp-json\/wp\/v2\/product_brand?post=39945"},{"taxonomy":"product_cat","embeddable":true,"href":"https:\/\/ql-shop.eu\/hr\/wp-json\/wp\/v2\/product_cat?post=39945"},{"taxonomy":"product_tag","embeddable":true,"href":"https:\/\/ql-shop.eu\/hr\/wp-json\/wp\/v2\/product_tag?post=39945"}],"curies":[{"name":"wp","href":"https:\/\/api.w.org\/{rel}","templated":true}]}}