{"id":39479,"date":"2024-04-24T15:23:08","date_gmt":"2024-04-24T13:23:08","guid":{"rendered":"https:\/\/ql-shop.eu\/hr\/?post_type=product&#038;p=39479"},"modified":"2024-04-24T15:23:21","modified_gmt":"2024-04-24T13:23:21","slug":"eyeliner-2-v-1","status":"publish","type":"product","link":"https:\/\/ql-shop.eu\/hr\/izdelek\/eyeliner-2-v-1\/","title":{"rendered":"Eyeliner  2 v 1"},"content":{"rendered":"<h2 style=\"text-align: center;\"><span style=\"color: #000000;\">SAVR\u0160ENA SIMETRI\u010cNA LINIJA U TRENUTKU<\/span><img loading=\"lazy\" decoding=\"async\" class=\"wp-image-39561 aligncenter\" style=\"text-align: left; font-size: 16px;\" src=\"https:\/\/megapanda.si\/wp-content\/uploads\/2018\/08\/Eyeliner-Stamp-2v1-4-300x300.jpg\" alt=\"\" width=\"326\" height=\"326\" \/><\/h2>\n<p>&nbsp;<\/p>\n<p style=\"text-align: center;\">\u0160minkanje nikad nije bilo tako JEDNOSTAVNO I BRZO!!<strong>\u00a0<\/strong><\/p>\n<p style=\"text-align: center;\"><strong>2 VRHA U 1<\/strong><\/p>\n<p style=\"text-align: center;\">Pe\u010dat + zadebljani vrh.<\/p>\n<p>&nbsp;<\/p>\n<h3 style=\"text-align: left;\"><img loading=\"lazy\" decoding=\"async\" class=\"wp-image-39565 aligncenter\" src=\"https:\/\/megapanda.si\/wp-content\/uploads\/2018\/08\/3123-300x149.jpg\" alt=\"\" width=\"348\" height=\"173\" \/><\/h3>\n<p>&nbsp;<\/p>\n<p style=\"text-align: center;\"><strong>24H POSTOJANA FORMULA S IZRAZITOM CRNOM PIGMENTACIJOM ZA VA\u0160 SAVR\u0160EN IZGLED<\/strong><\/p>\n<p style=\"text-align: center;\"><strong>VODOOTPORNA FORMULA,<\/strong>\u00a0koja omogu\u0107ava postojanost u svakakvim uslovima.<\/p>\n<p>&nbsp;<\/p>\n<p><img loading=\"lazy\" decoding=\"async\" class=\"size-medium wp-image-39566 aligncenter\" src=\"https:\/\/megapanda.si\/wp-content\/uploads\/2018\/08\/Eyeliner-Stamp-2v1-18-300x300.jpg\" alt=\"\" width=\"300\" height=\"300\" \/><\/p>\n<p>&nbsp;<\/p>\n<p style=\"text-align: center;\"><strong>IDEALAN ZA PO\u010cETNICE KAO I PROFESIONALKE U \u0160MINKANJU<\/strong><\/p>\n<p><strong>Zna\u010dajke:<\/strong><\/p>\n<ul>\n<li>Teku\u0107i tu\u0161 za o\u010di<\/li>\n<li>Pe\u010dat i zadebljan kraj<\/li>\n<li>Savr\u0161eno nano\u0161enje u nekoliko sekundi<\/li>\n<li>Sna\u017ena pigmentacija i postojanost<\/li>\n<li>Vodootporan dizajn<\/li>\n<li>Veli\u010dina: 1,4 x 12,7 cm<\/li>\n<li>Koli\u010dina: 12 ml<\/li>\n<li>Boja: crna<\/li>\n<\/ul>\n<p>Paket sadr\u017ei: 1 x Eyeliner 2 u 1<\/p>\n<p>&nbsp;<\/p>\n<p>&nbsp;<\/p>\n<p><iframe loading=\"lazy\" title=\"Winged Eyeliner Tutorial ft. The Quick Flick Eyeliner Stamp\" width=\"1200\" height=\"675\" src=\"https:\/\/www.youtube.com\/embed\/Q_mO5tnEFEY?feature=oembed\" frameborder=\"0\" allow=\"accelerometer; autoplay; clipboard-write; encrypted-media; gyroscope; picture-in-picture; web-share\" referrerpolicy=\"strict-origin-when-cross-origin\" allowfullscreen><\/iframe><\/p>\n<p>&nbsp;<\/p>\n","protected":false},"excerpt":{"rendered":"<p>SAVR\u0160ENA SIMETRI\u010cNA LINIJA U TRENUTKU &nbsp; \u0160minkanje nikad nije bilo tako JEDNOSTAVNO I BRZO!!\u00a0 2 VRHA U 1 Pe\u010dat + zadebljani vrh. &nbsp; &nbsp; 24H POSTOJANA FORMULA S IZRAZITOM CRNOM PIGMENTACIJOM ZA VA\u0160 SAVR\u0160EN IZGLED VODOOTPORNA FORMULA,\u00a0koja omogu\u0107ava postojanost u svakakvim uslovima. &nbsp; &nbsp; IDEALAN ZA PO\u010cETNICE KAO I PROFESIONALKE U \u0160MINKANJU Zna\u010dajke: Teku\u0107i tu\u0161 &#8230; <a title=\"Eyeliner  2 v 1\" class=\"read-more\" href=\"https:\/\/ql-shop.eu\/hr\/izdelek\/eyeliner-2-v-1\/\" aria-label=\"Read more about Eyeliner  2 v 1\">Pro\u010ditaj vi\u0161e<\/a><\/p>\n","protected":false},"featured_media":39533,"template":"","meta":[],"product_brand":[],"product_cat":[368,364],"product_tag":[],"class_list":{"0":"post-39479","1":"product","2":"type-product","3":"status-publish","4":"has-post-thumbnail","6":"product_cat-proizvodi-za-nju","7":"product_cat-top-proizvodi","8":"","9":"woocommerce-text-align-center","10":"woocommerce-image-align-center","11":"do-quantity-buttons","12":"wc-has-gallery","14":"first","15":"instock","16":"sale","17":"taxable","18":"shipping-taxable","19":"purchasable","20":"product-type-simple"},"_links":{"self":[{"href":"https:\/\/ql-shop.eu\/hr\/wp-json\/wp\/v2\/product\/39479","targetHints":{"allow":["GET"]}}],"collection":[{"href":"https:\/\/ql-shop.eu\/hr\/wp-json\/wp\/v2\/product"}],"about":[{"href":"https:\/\/ql-shop.eu\/hr\/wp-json\/wp\/v2\/types\/product"}],"wp:featuredmedia":[{"embeddable":true,"href":"https:\/\/ql-shop.eu\/hr\/wp-json\/wp\/v2\/media\/39533"}],"wp:attachment":[{"href":"https:\/\/ql-shop.eu\/hr\/wp-json\/wp\/v2\/media?parent=39479"}],"wp:term":[{"taxonomy":"product_brand","embeddable":true,"href":"https:\/\/ql-shop.eu\/hr\/wp-json\/wp\/v2\/product_brand?post=39479"},{"taxonomy":"product_cat","embeddable":true,"href":"https:\/\/ql-shop.eu\/hr\/wp-json\/wp\/v2\/product_cat?post=39479"},{"taxonomy":"product_tag","embeddable":true,"href":"https:\/\/ql-shop.eu\/hr\/wp-json\/wp\/v2\/product_tag?post=39479"}],"curies":[{"name":"wp","href":"https:\/\/api.w.org\/{rel}","templated":true}]}}