{"id":39474,"date":"2024-04-24T15:23:08","date_gmt":"2024-04-24T13:23:08","guid":{"rendered":"https:\/\/ql-shop.eu\/hr\/?post_type=product&#038;p=39474"},"modified":"2024-04-24T15:23:15","modified_gmt":"2024-04-24T13:23:15","slug":"set-za-pedikuru-i-manikuru","status":"publish","type":"product","link":"https:\/\/ql-shop.eu\/hr\/izdelek\/set-za-pedikuru-i-manikuru\/","title":{"rendered":"Set za pedikuru i manikuru"},"content":{"rendered":"<p id=\"tw-target-text\" class=\"tw-data-text tw-ta tw-text-small\" dir=\"ltr\" data-placeholder=\"Prevod\"><span lang=\"hr\">Set za pedikuru i manikuru s pet nastavka omogu\u0107uje temeljitu njegu va\u0161ih noktiju kao da bi oti\u0161li u salon. Noktovi i stra\u017enja ko\u017ea na dlanovima i nogama bit \u0107e ljep\u0161i, a i nokti \u0107e biti manje lomljivi i manje krhki. Set uklju\u010duje sve dodatke koje trebate za osnovnu i dodatnu njegu va\u0161ih noktiju. <\/span><\/p>\n<p class=\"tw-data-text tw-ta tw-text-small\" dir=\"ltr\" data-placeholder=\"Prevod\"><span lang=\"hr\"><strong>Zna\u010dajke:<\/strong> <\/span><\/p>\n<ul>\n<li class=\"tw-data-text tw-ta tw-text-small\" dir=\"ltr\" data-placeholder=\"Prevod\"><span lang=\"hr\">Jednostavna radnja s jednim gumbom (Powered by 2 x AA batteries) <\/span><\/li>\n<li class=\"tw-data-text tw-ta tw-text-small\" dir=\"ltr\" data-placeholder=\"Prevod\"><span lang=\"hr\">Kompaktan i lagan <\/span><\/li>\n<li class=\"tw-data-text tw-ta tw-text-small\" dir=\"ltr\" data-placeholder=\"Prevod\"><span lang=\"hr\">Velika brzina rotacije, dovoljno sna\u017ena za trim i dizajn\u00a0<\/span><\/li>\n<\/ul>\n<p class=\"tw-data-text tw-ta tw-text-small\" dir=\"ltr\" data-placeholder=\"Prevod\"><span lang=\"hr\">1. Metalni nastavak: uklanja tvrdu ko\u017eu, mjehuri\u0107e, \u010direve, .. <\/span><\/p>\n<p class=\"tw-data-text tw-ta tw-text-small\" dir=\"ltr\" data-placeholder=\"Prevod\"><span lang=\"hr\">2. Brusni nastavak: izravnavanje i zagla\u0111ivanje debljine noktiju\u00a0<\/span><\/p>\n<p class=\"tw-data-text tw-ta tw-text-small\" dir=\"ltr\" data-placeholder=\"Prevod\"><span lang=\"hr\">3. Mali robusni nastavak: za preostala te\u017ea mjesta za dostizanje<\/span><\/p>\n<p class=\"tw-data-text tw-ta tw-text-small\" dir=\"ltr\" data-placeholder=\"Prevod\">4. Mali mekan nastavak: pogodno za potiskivanje ko\u017ee i poliranje noktiju, jer daje izgled ugla\u0111enog nokta. Kru\u017enim putem stimulira cirkulaciju, \u0161to osigurava pove\u0107ani rast i zdravlje noktiju.<\/p>\n<p class=\"tw-data-text tw-ta tw-text-small\" dir=\"ltr\" data-placeholder=\"Prevod\">5. Osnovni nastavak: koristi se za zavr\u0161ni izgled noktiju, jer smanjuje rubove i dodaje profesionalni oblik.<\/p>\n<p class=\"tw-data-text tw-ta tw-text-small\" dir=\"ltr\" data-placeholder=\"Prevod\"><span lang=\"hr\"><strong>Komplet sadr\u017ei:<\/strong> 1x Set 5x Pribor 1x Upute za uporabu<\/span><\/p>\n<p dir=\"ltr\" data-placeholder=\"Prevod\">Upozorenje: Slike su simboli\u010dne.<\/p>\n","protected":false},"excerpt":{"rendered":"<p>Set za pedikuru i manikuru s pet nastavka omogu\u0107uje temeljitu njegu va\u0161ih noktiju kao da bi oti\u0161li u salon. Noktovi i stra\u017enja ko\u017ea na dlanovima i nogama bit \u0107e ljep\u0161i, a i nokti \u0107e biti manje lomljivi i manje krhki. Set uklju\u010duje sve dodatke koje trebate za osnovnu i dodatnu njegu va\u0161ih noktiju. Zna\u010dajke: Jednostavna &#8230; <a title=\"Set za pedikuru i manikuru\" class=\"read-more\" href=\"https:\/\/ql-shop.eu\/hr\/izdelek\/set-za-pedikuru-i-manikuru\/\" aria-label=\"Read more about Set za pedikuru i manikuru\">Pro\u010ditaj vi\u0161e<\/a><\/p>\n","protected":false},"featured_media":39512,"template":"","meta":[],"product_brand":[],"product_cat":[444,368,364],"product_tag":[],"class_list":{"0":"post-39474","1":"product","2":"type-product","3":"status-publish","4":"has-post-thumbnail","6":"product_cat-praznimo-skladiste","7":"product_cat-proizvodi-za-nju","8":"product_cat-top-proizvodi","9":"","10":"woocommerce-text-align-center","11":"woocommerce-image-align-center","12":"do-quantity-buttons","13":"wc-has-gallery","15":"first","16":"instock","17":"sale","18":"taxable","19":"shipping-taxable","20":"purchasable","21":"product-type-simple"},"_links":{"self":[{"href":"https:\/\/ql-shop.eu\/hr\/wp-json\/wp\/v2\/product\/39474","targetHints":{"allow":["GET"]}}],"collection":[{"href":"https:\/\/ql-shop.eu\/hr\/wp-json\/wp\/v2\/product"}],"about":[{"href":"https:\/\/ql-shop.eu\/hr\/wp-json\/wp\/v2\/types\/product"}],"wp:featuredmedia":[{"embeddable":true,"href":"https:\/\/ql-shop.eu\/hr\/wp-json\/wp\/v2\/media\/39512"}],"wp:attachment":[{"href":"https:\/\/ql-shop.eu\/hr\/wp-json\/wp\/v2\/media?parent=39474"}],"wp:term":[{"taxonomy":"product_brand","embeddable":true,"href":"https:\/\/ql-shop.eu\/hr\/wp-json\/wp\/v2\/product_brand?post=39474"},{"taxonomy":"product_cat","embeddable":true,"href":"https:\/\/ql-shop.eu\/hr\/wp-json\/wp\/v2\/product_cat?post=39474"},{"taxonomy":"product_tag","embeddable":true,"href":"https:\/\/ql-shop.eu\/hr\/wp-json\/wp\/v2\/product_tag?post=39474"}],"curies":[{"name":"wp","href":"https:\/\/api.w.org\/{rel}","templated":true}]}}