{"id":39470,"date":"2024-04-24T15:23:07","date_gmt":"2024-04-24T13:23:07","guid":{"rendered":"https:\/\/ql-shop.eu\/hr\/?post_type=product&#038;p=39470"},"modified":"2024-04-24T15:23:26","modified_gmt":"2024-04-24T13:23:26","slug":"cudesna-olovka-za-obrve","status":"publish","type":"product","link":"https:\/\/ql-shop.eu\/hr\/izdelek\/cudesna-olovka-za-obrve\/","title":{"rendered":"\u010cudesna olovka za obrve"},"content":{"rendered":"<p id=\"tw-target-text\" class=\"tw-data-text tw-ta tw-text-small\" dir=\"ltr\" data-placeholder=\"Prevod\"><span lang=\"hr\"><strong>Va\u0161e obrve \u010dine cijeli izgled lica! <\/strong>Uz\u00a0o\u010diju, obrve moraju biti dosljedne i lijepo ure\u0111ene. Bez uklanjanja ili s prekomjernim \u010dupanjem obrva, pojavljuje se tanka crta koja ne izgleda lijepo i tako isto obrve koje prestaje rasti u onim podru\u010djima koja su prethodno bile. \u010cudesna olovka za obrve, popravit \u0107e neugodnu situaciju u sekundi.<\/span><\/p>\n<p class=\"tw-data-text tw-ta tw-text-small\" dir=\"ltr\" data-placeholder=\"Prevod\"><span lang=\"hr\"> S \u010detiri bita posebno dizajniran za ure\u0111ivanje obrva, lako mo\u017eete do\u0107i do prirodnog oblika obrva u samo \u010detiri koraka. \u00a0<\/span><\/p>\n<ol>\n<li class=\"tw-data-text tw-ta tw-text-small\" dir=\"ltr\" data-placeholder=\"Prevod\"><span lang=\"hr\">Ispunite nedostaju\u0107e me\u0111uprostore <\/span><\/li>\n<li class=\"tw-data-text tw-ta tw-text-small\" dir=\"ltr\" data-placeholder=\"Prevod\"><span lang=\"hr\">Dodajte boju obrva <\/span><\/li>\n<li class=\"tw-data-text tw-ta tw-text-small\" dir=\"ltr\" data-placeholder=\"Prevod\"><span lang=\"hr\">Nakon dodavanja boje s ovim savjetom, napravite 3D efekt <\/span><\/li>\n<li class=\"tw-data-text tw-ta tw-text-small\" dir=\"ltr\" data-placeholder=\"Prevod\"><span lang=\"hr\">Jo\u0161 jedan prelazak preko \u010dela za kona\u010dni izgled<\/span><\/li>\n<\/ol>\n<p dir=\"ltr\" data-placeholder=\"Prevod\"><span lang=\"hr\"><strong>Dostupno u tri razli\u010dite nijanse!<\/strong><\/span><\/p>\n<p dir=\"ltr\" data-placeholder=\"Prevod\">Upozorenje: Slike su simboli\u010dne.<\/p>\n","protected":false},"excerpt":{"rendered":"<p>Va\u0161e obrve \u010dine cijeli izgled lica! Uz\u00a0o\u010diju, obrve moraju biti dosljedne i lijepo ure\u0111ene. Bez uklanjanja ili s prekomjernim \u010dupanjem obrva, pojavljuje se tanka crta koja ne izgleda lijepo i tako isto obrve koje prestaje rasti u onim podru\u010djima koja su prethodno bile. \u010cudesna olovka za obrve, popravit \u0107e neugodnu situaciju u sekundi. S \u010detiri &#8230; <a title=\"\u010cudesna olovka za obrve\" class=\"read-more\" href=\"https:\/\/ql-shop.eu\/hr\/izdelek\/cudesna-olovka-za-obrve\/\" aria-label=\"Read more about \u010cudesna olovka za obrve\">Pro\u010ditaj vi\u0161e<\/a><\/p>\n","protected":false},"featured_media":39506,"template":"","meta":[],"product_brand":[],"product_cat":[438,368,364,439],"product_tag":[],"class_list":{"0":"post-39470","1":"product","2":"type-product","3":"status-publish","4":"has-post-thumbnail","6":"product_cat-odjeca-i-kozmetika","7":"product_cat-proizvodi-za-nju","8":"product_cat-top-proizvodi","9":"product_cat-za-nju","10":"","11":"woocommerce-text-align-center","12":"woocommerce-image-align-center","13":"do-quantity-buttons","14":"wc-has-gallery","16":"first","17":"instock","18":"sale","19":"taxable","20":"shipping-taxable","21":"purchasable","22":"product-type-variable"},"_links":{"self":[{"href":"https:\/\/ql-shop.eu\/hr\/wp-json\/wp\/v2\/product\/39470","targetHints":{"allow":["GET"]}}],"collection":[{"href":"https:\/\/ql-shop.eu\/hr\/wp-json\/wp\/v2\/product"}],"about":[{"href":"https:\/\/ql-shop.eu\/hr\/wp-json\/wp\/v2\/types\/product"}],"wp:featuredmedia":[{"embeddable":true,"href":"https:\/\/ql-shop.eu\/hr\/wp-json\/wp\/v2\/media\/39506"}],"wp:attachment":[{"href":"https:\/\/ql-shop.eu\/hr\/wp-json\/wp\/v2\/media?parent=39470"}],"wp:term":[{"taxonomy":"product_brand","embeddable":true,"href":"https:\/\/ql-shop.eu\/hr\/wp-json\/wp\/v2\/product_brand?post=39470"},{"taxonomy":"product_cat","embeddable":true,"href":"https:\/\/ql-shop.eu\/hr\/wp-json\/wp\/v2\/product_cat?post=39470"},{"taxonomy":"product_tag","embeddable":true,"href":"https:\/\/ql-shop.eu\/hr\/wp-json\/wp\/v2\/product_tag?post=39470"}],"curies":[{"name":"wp","href":"https:\/\/api.w.org\/{rel}","templated":true}]}}