{"id":39469,"date":"2024-04-24T15:23:07","date_gmt":"2024-04-24T13:23:07","guid":{"rendered":"https:\/\/ql-shop.eu\/hr\/?post_type=product&#038;p=39469"},"modified":"2024-04-24T15:23:13","modified_gmt":"2024-04-24T13:23:13","slug":"elektricni-uredaj-za-trepavice","status":"publish","type":"product","link":"https:\/\/ql-shop.eu\/hr\/izdelek\/elektricni-uredaj-za-trepavice\/","title":{"rendered":"Elektri\u010dni ure\u0111aj za trepavice"},"content":{"rendered":"<p class=\"tw-data-text tw-ta tw-text-small\" dir=\"ltr\" data-placeholder=\"Prevod\"><span lang=\"hr\"><strong>Zaboravite neugodne klije\u0161te za va\u0161e trepavice!<\/strong> S tim proizvodom, to mo\u017eete u\u010diniti s lako\u0107om. B<\/span><span lang=\"hr\">ez povla\u010denja i razrje\u0111ivanja!\u00a0<\/span><span lang=\"hr\">Sada ih mo\u017eete jednostavno zakrenuti u dobro zakrivljenu formu koja ne o\u0161teti trepavic. <\/span><\/p>\n<p class=\"tw-data-text tw-ta tw-text-small\" dir=\"ltr\" data-placeholder=\"Prevod\"><span lang=\"hr\"><strong>Zna\u010dajke:<\/strong> <\/span><\/p>\n<ul>\n<li class=\"tw-data-text tw-ta tw-text-small\" dir=\"ltr\" data-placeholder=\"Prevod\"><span lang=\"hr\">Nakon uklju\u010divanja pri\u010dekajte pribli\u017eno 20 sekundi, a zatim ga izravno upotrijebite za pri\u010dvr\u0161\u0107ivanje trepavica <\/span><\/li>\n<li class=\"tw-data-text tw-ta tw-text-small\" dir=\"ltr\" data-placeholder=\"Prevod\"><span lang=\"hr\">Moderan dizajn, jednostavan za hvatanje i prijenos <\/span><\/li>\n<li class=\"tw-data-text tw-ta tw-text-small\" dir=\"ltr\" data-placeholder=\"Prevod\"><span lang=\"hr\">Ergonomska izvedba djeluje \u010disto u blizini kapaka <\/span><\/li>\n<li class=\"tw-data-text tw-ta tw-text-small\" dir=\"ltr\" data-placeholder=\"Prevod\"><span lang=\"hr\">Jednostavan za uporabu, zahtijeva 2 x AAA baterije (nije uklju\u010deno) <\/span><\/li>\n<\/ul>\n<p class=\"tw-data-text tw-ta tw-text-small\" dir=\"ltr\" data-placeholder=\"Prevod\"><span lang=\"hr\"><strong>Paket uklju\u010duje:<\/strong> 1x elektri\u010dno grijani trepavice<\/span><\/p>\n<p dir=\"ltr\" data-placeholder=\"Prevod\">Upozorenje: Slike su simboli\u010dne.<\/p>\n","protected":false},"excerpt":{"rendered":"<p>Zaboravite neugodne klije\u0161te za va\u0161e trepavice! S tim proizvodom, to mo\u017eete u\u010diniti s lako\u0107om. Bez povla\u010denja i razrje\u0111ivanja!\u00a0Sada ih mo\u017eete jednostavno zakrenuti u dobro zakrivljenu formu koja ne o\u0161teti trepavic. Zna\u010dajke: Nakon uklju\u010divanja pri\u010dekajte pribli\u017eno 20 sekundi, a zatim ga izravno upotrijebite za pri\u010dvr\u0161\u0107ivanje trepavica Moderan dizajn, jednostavan za hvatanje i prijenos Ergonomska izvedba djeluje &#8230; <a title=\"Elektri\u010dni ure\u0111aj za trepavice\" class=\"read-more\" href=\"https:\/\/ql-shop.eu\/hr\/izdelek\/elektricni-uredaj-za-trepavice\/\" aria-label=\"Read more about Elektri\u010dni ure\u0111aj za trepavice\">Pro\u010ditaj vi\u0161e<\/a><\/p>\n","protected":false},"featured_media":39500,"template":"","meta":[],"product_brand":[],"product_cat":[368,364],"product_tag":[],"class_list":{"0":"post-39469","1":"product","2":"type-product","3":"status-publish","4":"has-post-thumbnail","6":"product_cat-proizvodi-za-nju","7":"product_cat-top-proizvodi","8":"","9":"woocommerce-text-align-center","10":"woocommerce-image-align-center","11":"do-quantity-buttons","12":"wc-has-gallery","14":"first","15":"instock","16":"sale","17":"taxable","18":"shipping-taxable","19":"purchasable","20":"product-type-simple"},"_links":{"self":[{"href":"https:\/\/ql-shop.eu\/hr\/wp-json\/wp\/v2\/product\/39469","targetHints":{"allow":["GET"]}}],"collection":[{"href":"https:\/\/ql-shop.eu\/hr\/wp-json\/wp\/v2\/product"}],"about":[{"href":"https:\/\/ql-shop.eu\/hr\/wp-json\/wp\/v2\/types\/product"}],"wp:featuredmedia":[{"embeddable":true,"href":"https:\/\/ql-shop.eu\/hr\/wp-json\/wp\/v2\/media\/39500"}],"wp:attachment":[{"href":"https:\/\/ql-shop.eu\/hr\/wp-json\/wp\/v2\/media?parent=39469"}],"wp:term":[{"taxonomy":"product_brand","embeddable":true,"href":"https:\/\/ql-shop.eu\/hr\/wp-json\/wp\/v2\/product_brand?post=39469"},{"taxonomy":"product_cat","embeddable":true,"href":"https:\/\/ql-shop.eu\/hr\/wp-json\/wp\/v2\/product_cat?post=39469"},{"taxonomy":"product_tag","embeddable":true,"href":"https:\/\/ql-shop.eu\/hr\/wp-json\/wp\/v2\/product_tag?post=39469"}],"curies":[{"name":"wp","href":"https:\/\/api.w.org\/{rel}","templated":true}]}}