{"id":38998,"date":"2024-04-24T15:21:21","date_gmt":"2024-04-24T13:21:21","guid":{"rendered":"https:\/\/ql-shop.eu\/hr\/?post_type=product&#038;p=38998"},"modified":"2024-04-24T15:28:31","modified_gmt":"2024-04-24T13:28:31","slug":"pametni-sat-elegant","status":"publish","type":"product","link":"https:\/\/ql-shop.eu\/hr\/izdelek\/pametni-sat-elegant\/","title":{"rendered":"Pametni sat Elegant"},"content":{"rendered":"<h2 style=\"text-align: left;\">Najpopularniji pametni sat\u00a0Premium Elegant<\/h2>\n<p style=\"text-align: left;\"><strong><span lang=\"HR\"><span class=\"animated fadeIn\" style=\"color: #00ccff;\">Bluetooth<\/span> pametni ru\u010dni sat za android ili iOS.<img loading=\"lazy\" decoding=\"async\" class=\"size-full wp-image-18866 alignright animated fadeIn\" src=\"http:\/\/megapanda.hr\/wp-content\/uploads\/2016\/02\/17209-BR_04_large-1.jpg\" alt=\"17209-BR_04_large\" width=\"480\" height=\"480\" \/><\/span><\/strong><\/p>\n<p><strong>Karakteristike:<\/strong><\/p>\n<ul>\n<li class=\"animated fadeInRight\">Elegantni vanjski oblik<\/li>\n<li class=\"animated fadeInRight\">Iznimno udoban remen<\/li>\n<li class=\"animated fadeInRight\">Jednostavno kori\u0161tenje<\/li>\n<li class=\"animated fadeInRight\">Kompatibilnost: iOS i Android<\/li>\n<li class=\"animated fadeInRight\">1.55&#8243; TFT ekran<\/li>\n<li class=\"animated fadeInRight\">Kapacitivni zaslon na dodir<\/li>\n<li class=\"animated fadeInRight\">CPU: MTK6260A<\/li>\n<li class=\"animated fadeInRight\">Memorija: RAM 128 MB<\/li>\n<li class=\"animated fadeInRight\">Ugra\u0111ena kamera: 0.3 MP<\/li>\n<li class=\"animated fadeInRight\">Snimanje: 640 x 480<\/li>\n<li class=\"animated fadeInRight\">Utor za Mikro SIM karticu<\/li>\n<li class=\"animated fadeInRight\">Utor za Mikro SD memorijsku karticu<\/li>\n<li class=\"animated fadeInRight\">Mre\u017ea: broj telefona<\/li>\n<li class=\"animated fadeInRight\">Podr\u017eane frekvencije: broj telefona: 850 \/ 900 \/ 1800 \/ 1900M Hz<\/li>\n<li class=\"animated fadeInRight\">Prijenos podataka: GPRS, HSPA, EDGE<\/li>\n<li class=\"animated fadeInRight\">Podr\u017eani formati: 3GP, MP4, MP3, Midi, JPG, JPEG,\u2026<\/li>\n<li class=\"animated fadeInRight\">Bluetooth veza: 3.0<\/li>\n<li class=\"animated fadeInRight\">Prikaz vremena<\/li>\n<li class=\"animated fadeInRight\">Automatska sinkronizacija imenika<\/li>\n<li class=\"animated fadeInRight\">Zvanje i primanje poziva<\/li>\n<li class=\"animated fadeInRight\">Evidencija poziva<\/li>\n<li class=\"animated fadeInRight\">OBAVJEST- na SMS, FACEBOOK,TWITER,CHAT obavjesti ( samo na ANDROID)<\/li>\n<li class=\"animated fadeInRight\">Ugra\u0111en mikrofon i zvu\u010dnik s kojima lako razgovarate putem sata<\/li>\n<li class=\"animated fadeInRight\">Sviranje glazbe<\/li>\n<li class=\"animated fadeInRight\">Mjera\u010d kvalitete sna<\/li>\n<li class=\"animated fadeInRight\">Pedometar za ra\u010dunanje koraka<\/li>\n<li class=\"animated fadeInRight\">Upozorenje za odmor<\/li>\n<li class=\"animated fadeInRight\"><em>Anti-Lost<\/em> sustav<\/li>\n<li class=\"animated fadeInRight\">Budilica<\/li>\n<li class=\"animated fadeInRight\">Kalendar<\/li>\n<li class=\"animated fadeInRight\">Radio<\/li>\n<li class=\"animated fadeInRight\">Okida\u010d za slikanje sa spojenim ure\u0111ajem<\/li>\n<li class=\"animated fadeInRight\">Ugra\u0111ena baterija za punjenje<\/li>\n<li class=\"animated fadeInRight\">Kapacitet baterije: 380 mAh<\/li>\n<li class=\"animated fadeInRight\">Te\u017eina: 56 g<\/li>\n<li class=\"animated fadeInRight\">Jamstvo: 1 godina<\/li>\n<\/ul>\n\n\n<p><img loading=\"lazy\" decoding=\"async\" class=\"alignnone wp-image-19323 animated fadeIn\" src=\"http:\/\/megapanda.si\/wp-content\/uploads\/2016\/02\/HTB1jcJKNXXXXXcKXpXXq6xXFXXXq-1.jpg\" alt=\"HTB1jcJKNXXXXXcKXpXXq6xXFXXXq\" width=\"482\" height=\"320\" \/> <img loading=\"lazy\" decoding=\"async\" class=\"alignnone wp-image-19322 animated fadeIn\" src=\"http:\/\/megapanda.si\/wp-content\/uploads\/2016\/02\/6.-09.-2016-12-53-57-7f71-2-800x507.jpg\" alt=\"6.-09.-2016-12-53-57-7f71\" width=\"512\" height=\"324\" \/><\/p>\n<p><strong><span class=\"animated fadeIn\" style=\"color: #00ccff;\">Pametni sat mo\u017ee biti povezan sa telefonom putem Bluetootha.<\/span><\/strong><\/p>\n<p><iframe loading=\"lazy\" src=\"https:\/\/www.youtube.com\/embed\/videoseries?list=PL0316nOyPq1yym-eSphZ5smJNvEqPKoMF&amp;autoplay=1&amp;loop=1&amp;rel=0\" width=\"853\" height=\"480\" frameborder=\"0\" allowfullscreen=\"allowfullscreen\"><\/iframe><br \/>\n<strong>Sadr\u017eaj:<\/strong><\/p>\n<ul>\n<li class=\"bullet-checkmark\">1x Pametni sat U8<\/li>\n<li class=\"bullet-checkmark\">1x\u00a0Upute na engleskom jeziku<\/li>\n<li class=\"bullet-checkmark\">1x USB kabel<\/li>\n<\/ul>\n<h3 style=\"text-align: left;\">Dostava: 2-5 radnih dana<br \/>\n<!--\n\n\n<h3><strong><span style=\"color: #ff0000;\">Ruk dobave: Bijela boja 15.5.2017, Zlatno-sme\u0111a 17.5.2017.<\/span><\/strong><\/h3>\n\n\n--><\/h3>\n<h3>Na\u010dini dostave:<br \/>\n\u2013 \u00a0po\u0161tom poduze\u0107em (pla\u0107ate po\u0161taru prilikom preuzimanja)<\/h3>\n<h2 style=\"text-align: center;\"><strong>Mo\u017eete naru\u010dit na stranici ili \u0161aljite poruku sa va\u0161om adresom i modelom sata. Pla\u0107anje pouze\u0107em\u00a00915329511. Dostava-Po\u0161ta Hrvatska<\/strong><\/h2>\n","protected":false},"excerpt":{"rendered":"<p>Najpopularniji pametni sat\u00a0Premium Elegant Bluetooth pametni ru\u010dni sat za android ili iOS. Karakteristike: Elegantni vanjski oblik Iznimno udoban remen Jednostavno kori\u0161tenje Kompatibilnost: iOS i Android 1.55&#8243; TFT ekran Kapacitivni zaslon na dodir CPU: MTK6260A Memorija: RAM 128 MB Ugra\u0111ena kamera: 0.3 MP Snimanje: 640 x 480 Utor za Mikro SIM karticu Utor za Mikro SD &#8230; <a title=\"Pametni sat Elegant\" class=\"read-more\" href=\"https:\/\/ql-shop.eu\/hr\/izdelek\/pametni-sat-elegant\/\" aria-label=\"Read more about Pametni sat Elegant\">Pro\u010ditaj vi\u0161e<\/a><\/p>\n","protected":false},"featured_media":39057,"template":"","meta":[],"product_brand":[],"product_cat":[373,364],"product_tag":[],"class_list":{"0":"post-38998","1":"product","2":"type-product","3":"status-publish","4":"has-post-thumbnail","6":"product_cat-pametni-satovi","7":"product_cat-top-proizvodi","8":"","9":"woocommerce-text-align-center","10":"woocommerce-image-align-center","11":"do-quantity-buttons","12":"wc-has-gallery","14":"first","15":"instock","16":"sale","17":"taxable","18":"shipping-taxable","19":"purchasable","20":"product-type-variable"},"_links":{"self":[{"href":"https:\/\/ql-shop.eu\/hr\/wp-json\/wp\/v2\/product\/38998","targetHints":{"allow":["GET"]}}],"collection":[{"href":"https:\/\/ql-shop.eu\/hr\/wp-json\/wp\/v2\/product"}],"about":[{"href":"https:\/\/ql-shop.eu\/hr\/wp-json\/wp\/v2\/types\/product"}],"wp:featuredmedia":[{"embeddable":true,"href":"https:\/\/ql-shop.eu\/hr\/wp-json\/wp\/v2\/media\/39057"}],"wp:attachment":[{"href":"https:\/\/ql-shop.eu\/hr\/wp-json\/wp\/v2\/media?parent=38998"}],"wp:term":[{"taxonomy":"product_brand","embeddable":true,"href":"https:\/\/ql-shop.eu\/hr\/wp-json\/wp\/v2\/product_brand?post=38998"},{"taxonomy":"product_cat","embeddable":true,"href":"https:\/\/ql-shop.eu\/hr\/wp-json\/wp\/v2\/product_cat?post=38998"},{"taxonomy":"product_tag","embeddable":true,"href":"https:\/\/ql-shop.eu\/hr\/wp-json\/wp\/v2\/product_tag?post=38998"}],"curies":[{"name":"wp","href":"https:\/\/api.w.org\/{rel}","templated":true}]}}