{"id":38947,"date":"2024-04-24T15:20:58","date_gmt":"2024-04-24T13:20:58","guid":{"rendered":"https:\/\/ql-shop.eu\/hr\/?post_type=product&#038;p=38947"},"modified":"2024-04-24T15:21:34","modified_gmt":"2024-04-24T13:21:34","slug":"auto-drzac-za-telefon","status":"publish","type":"product","link":"https:\/\/ql-shop.eu\/hr\/izdelek\/auto-drzac-za-telefon\/","title":{"rendered":"Auto dr\u017ea\u010d za telefon"},"content":{"rendered":"<p>Super moderan, skoro\u00a0neprimjetan nosa\u010d prikladan je za sve mobilne telefone \u0161irine do 8,6 cm.<\/p>\n<p>Topseller u Europi, kompatibilan sa svim automobilima i telefonima.<\/p>\n<p>Materijal: plastika<\/p>\n<p>Boja: Crna<\/p>\n<p>Izuzetna cijena.<\/p>\n<h2>Mo\u017eete naru\u010diti na stranici ili po\u0161aljite poruku sa va\u0161om adresom i modelom telefona. Pla\u0107anje pouze\u0107em\u00a00915329511.<\/h2>\n","protected":false},"excerpt":{"rendered":"<p>Super moderan, skoro\u00a0neprimjetan nosa\u010d prikladan je za sve mobilne telefone \u0161irine do 8,6 cm. Topseller u Europi, kompatibilan sa svim automobilima i telefonima. Materijal: plastika Boja: Crna Izuzetna cijena. Mo\u017eete naru\u010diti na stranici ili po\u0161aljite poruku sa va\u0161om adresom i modelom telefona. Pla\u0107anje pouze\u0107em\u00a00915329511.<\/p>\n","protected":false},"featured_media":39049,"template":"","meta":[],"product_brand":[],"product_cat":[446,447,448,449,450,451,452,375,453,454,456,457,459,460,462,464,465,466,467,468,470,471,472,473,474,475,476,477,479,480,625,481,482,483,484,485,486,420,487,488,428,388,387,421,386,489,490,491,492,493,494,495,496,497,498,499,500,501,502,503,504,505,506,507,508,509,378,511,512,513,515,516,519,520,523,525,528,529,418,530,532,533,380,715,401,376,377,404,402,534,536,537,538,540,546,547,550,551,552,553,554,555,556,557,558,559,560,561,562,563,564,565,566,567,568,571,573,574,575,576,577,578,579,580,581,582,583,586,587,588,589,590,592,593,594,595,596,597,361,598,599,600,445,463,444,384,601,602,603,604,605,606,607,608,609,611,613,614,615,616,617,618,619,620,364,621,622,623,624],"product_tag":[],"class_list":{"0":"post-38947","1":"product","2":"type-product","3":"status-publish","4":"has-post-thumbnail","6":"product_cat-alcatel","7":"product_cat-alcatel-idol-3","8":"product_cat-alcatel-pixi-3-4","9":"product_cat-alcatel-pixi-4-5","10":"product_cat-alcatel-pixi-4-6","11":"product_cat-alcatel-pop-4","12":"product_cat-alcatel-pop-c3","13":"product_cat-apple","14":"product_cat-blackberry","15":"product_cat-blackberry-z30","16":"product_cat-galaxy-a3","17":"product_cat-galaxy-a3-2016","18":"product_cat-galaxy-a5","19":"product_cat-galaxy-a5-2016","20":"product_cat-galaxy-a7","21":"product_cat-galaxy-alpha","22":"product_cat-galaxy-core-prime","23":"product_cat-galaxy-grand-duos","24":"product_cat-galaxy-grand-neo","25":"product_cat-galaxy-grand-prime","26":"product_cat-galaxy-j1","27":"product_cat-galaxy-j1-2016","28":"product_cat-galaxy-j2","29":"product_cat-galaxy-j3","30":"product_cat-galaxy-j3-2016","31":"product_cat-galaxy-j5","32":"product_cat-galaxy-j5-2016","33":"product_cat-galaxy-j7-2016","34":"product_cat-galaxy-note","35":"product_cat-galaxy-note-2","36":"product_cat-galaxy-note-3","37":"product_cat-galaxy-note-4","38":"product_cat-galaxy-note-7","39":"product_cat-galaxy-note5","40":"product_cat-galaxy-s3","41":"product_cat-galaxy-s4","42":"product_cat-galaxy-s4-mini","43":"product_cat-galaxy-s5","44":"product_cat-galaxy-s5-active","45":"product_cat-galaxy-s5-mini","46":"product_cat-galaxy-s6","47":"product_cat-galaxy-s6-edge","48":"product_cat-galaxy-s6-edge-plus","49":"product_cat-galaxy-s7","50":"product_cat-galaxy-s7-edge","51":"product_cat-galaxy-xcover-3","52":"product_cat-htc","53":"product_cat-htc-10","54":"product_cat-htc-desire-310","55":"product_cat-htc-desire-320","56":"product_cat-htc-desire-516","57":"product_cat-htc-desire-526g","58":"product_cat-htc-desire-530","59":"product_cat-htc-desire-610","60":"product_cat-htc-desire-620g","61":"product_cat-htc-desire-626","62":"product_cat-htc-desire-816","63":"product_cat-htc-desire-820","64":"product_cat-htc-desire-825","65":"product_cat-htc-desire-826","66":"product_cat-htc-desire-eye","67":"product_cat-htc-one-a9","68":"product_cat-htc-one-m7","69":"product_cat-htc-one-m8","70":"product_cat-htc-one-m8-mini","71":"product_cat-htc-one-m9","72":"product_cat-huawei","73":"product_cat-huawei-ascend-g620s","74":"product_cat-huawei-ascend-mate7","75":"product_cat-huawei-ascend-p7","76":"product_cat-huawei-honor-4x","77":"product_cat-huawei-honor-5x","78":"product_cat-huawei-honor-7","79":"product_cat-huawei-honor-7-lite-5c","80":"product_cat-huawei-mate-8","81":"product_cat-huawei-nexus-6p","82":"product_cat-huawei-p8","83":"product_cat-huawei-p8lite","84":"product_cat-huawei-p9","85":"product_cat-huawei-p9-lite","86":"product_cat-huawei-y5","87":"product_cat-huawei-y5ii","88":"product_cat-huawei-y6","89":"product_cat-iphone-4-4s","90":"product_cat-iphone-5-5s","91":"product_cat-iphone-6-plus-6s-plus","92":"product_cat-iphone-6-6s","93":"product_cat-iphone-7","94":"product_cat-iphone-7-plus","95":"product_cat-lenovo","96":"product_cat-lenovo-a1000","97":"product_cat-lenovo-a2010","98":"product_cat-lenovo-a5000","99":"product_cat-lenovo-a6000","100":"product_cat-lenovo-p70","101":"product_cat-lenovo-p90","102":"product_cat-lenovo-vibe-k5","103":"product_cat-lenovo-vibe-k5-note","104":"product_cat-lenovo-vibe-p1","105":"product_cat-lenovo-vibe-s1","106":"product_cat-lenovo-vibe-x2","107":"product_cat-lenovo-vibe-x3","108":"product_cat-lg","109":"product_cat-lg-bello-ii","110":"product_cat-lg-g-flex2","111":"product_cat-lg-g2","112":"product_cat-lg-g2-mini","113":"product_cat-lg-g3","114":"product_cat-lg-g3-s","115":"product_cat-lg-g3-stylus","116":"product_cat-lg-g4","117":"product_cat-lg-g4-stylus","118":"product_cat-lg-g4c","119":"product_cat-lg-g4s","120":"product_cat-lg-g5","121":"product_cat-lg-k10","122":"product_cat-lg-k4","123":"product_cat-lg-k8","124":"product_cat-lg-l90","125":"product_cat-lg-leon","126":"product_cat-lg-magna","127":"product_cat-lg-nexus-4","128":"product_cat-lg-nexus-5","129":"product_cat-lg-nexus-5x","130":"product_cat-lg-spirit","131":"product_cat-lg-stylus-2","132":"product_cat-lg-v10","133":"product_cat-lg-x-screen","134":"product_cat-lg-zero","135":"product_cat-microsoft","136":"product_cat-microsoft-lumia-535","137":"product_cat-microsoft-lumia-550","138":"product_cat-microsoft-lumia-640-lte","139":"product_cat-microsoft-lumia-640-xl","140":"product_cat-microsoft-lumia-650","141":"product_cat-microsoft-lumia-930","142":"product_cat-microsoft-lumia-950","143":"product_cat-microsoft-lumia-950-xl","144":"product_cat-mobilna-telefonija","145":"product_cat-motorola","146":"product_cat-motorola-moto-g2","147":"product_cat-motorola-moto-g3","148":"product_cat-ostale-znamke","149":"product_cat-ostali-modeli-samsung","150":"product_cat-praznimo-skladiste","151":"product_cat-samsung","152":"product_cat-sony","153":"product_cat-sony-xperia-e3","154":"product_cat-sony-xperia-e4","155":"product_cat-sony-xperia-e5","156":"product_cat-sony-xperia-m2","157":"product_cat-sony-xperia-m4-aqua","158":"product_cat-sony-xperia-m5","159":"product_cat-sony-xperia-t3","160":"product_cat-sony-xperia-x","161":"product_cat-sony-xperia-xa","162":"product_cat-sony-xperia-z1","163":"product_cat-sony-xperia-z2","164":"product_cat-sony-xperia-z3","165":"product_cat-sony-xperia-z3-compact","166":"product_cat-sony-xperia-z4","167":"product_cat-sony-xperia-z5","168":"product_cat-sony-xperia-z5-compact","169":"product_cat-sony-xperia-z5-premium","170":"product_cat-top-proizvodi","171":"product_cat-zte","172":"product_cat-zte-blade-a460","173":"product_cat-zte-blade-l2","174":"product_cat-zte-blade-v6","175":"","176":"woocommerce-text-align-center","177":"woocommerce-image-align-center","178":"do-quantity-buttons","179":"wc-has-gallery","181":"first","182":"instock","183":"sale","184":"taxable","185":"shipping-taxable","186":"purchasable","187":"product-type-simple"},"_links":{"self":[{"href":"https:\/\/ql-shop.eu\/hr\/wp-json\/wp\/v2\/product\/38947","targetHints":{"allow":["GET"]}}],"collection":[{"href":"https:\/\/ql-shop.eu\/hr\/wp-json\/wp\/v2\/product"}],"about":[{"href":"https:\/\/ql-shop.eu\/hr\/wp-json\/wp\/v2\/types\/product"}],"wp:featuredmedia":[{"embeddable":true,"href":"https:\/\/ql-shop.eu\/hr\/wp-json\/wp\/v2\/media\/39049"}],"wp:attachment":[{"href":"https:\/\/ql-shop.eu\/hr\/wp-json\/wp\/v2\/media?parent=38947"}],"wp:term":[{"taxonomy":"product_brand","embeddable":true,"href":"https:\/\/ql-shop.eu\/hr\/wp-json\/wp\/v2\/product_brand?post=38947"},{"taxonomy":"product_cat","embeddable":true,"href":"https:\/\/ql-shop.eu\/hr\/wp-json\/wp\/v2\/product_cat?post=38947"},{"taxonomy":"product_tag","embeddable":true,"href":"https:\/\/ql-shop.eu\/hr\/wp-json\/wp\/v2\/product_tag?post=38947"}],"curies":[{"name":"wp","href":"https:\/\/api.w.org\/{rel}","templated":true}]}}