{"id":38008,"date":"2024-04-24T15:17:39","date_gmt":"2024-04-24T13:17:39","guid":{"rendered":"https:\/\/ql-shop.eu\/hr\/?post_type=product&#038;p=38008"},"modified":"2024-04-24T15:26:44","modified_gmt":"2024-04-24T13:26:44","slug":"djecji-pametni-sat-smart-kid-safe","status":"publish","type":"product","link":"https:\/\/ql-shop.eu\/hr\/izdelek\/djecji-pametni-sat-smart-kid-safe\/","title":{"rendered":"Dje\u010dji pametni sat Smart Kid Safe"},"content":{"rendered":"<h3><span style=\"color: #000000;\"><strong>Tra\u017eite neki poklon za svoje najdra\u017ee?<\/strong><\/span><br \/>\n<span style=\"color: #000000;\"> <strong>\u017delite li uvijek znati gdje su vam djeca?<\/strong><\/span><br \/>\n<span style=\"color: #ed1c24;\"><strong class=\"animated fadeIn\">Ovdje imate pametan sat Smart Kid Safe.<\/strong><\/span><\/h3>\n<p><span style=\"color: #234efa;\"><strong>Dje\u010dji GPS Smart sat \u2013 lokator Q50 vam omogu\u0107ava pra\u0107enje, nadgledanje i lociranje va\u0161eg djeteta u slu\u010daju da se izgubi!<\/strong><\/span><\/p>\n<p><span style=\"color: #000000;\"><strong>Osnovni parametri:<\/strong><\/span><\/p>\n<ul>\n<li><span style=\"color: #000000;\"><strong>Model: <\/strong>Q50<\/span><\/li>\n<li><span style=\"color: #000000;\"><strong>Naziv proizvoda:<\/strong> GPS Tracker sat<\/span><\/li>\n<li><span style=\"color: #000000;\"><strong>Dimenzija ekrana:<\/strong> Pribli\u017eno 2,5 cm<\/span><\/li>\n<li><span style=\"color: #000000;\"><strong>Funkcije:<\/strong> SOS, <em>passometar\/pedometar<\/em>, poruke, podsjetnik, podsjetnik poziva, dvosmjerna komunikacija<\/span><\/li>\n<li><span style=\"color: #000000;\"><strong>Materijal ku\u0107i\u0161ta:<\/strong> Plastika<\/span><\/li>\n<li><span style=\"color: #000000;\"><strong>Materijal remena:<\/strong> Silikon<\/span><\/li>\n<li><span style=\"color: #000000;\"><strong>Podr\u017eava:<\/strong> SIM karticu<\/span><\/li>\n<li><span style=\"color: #000000;\"><strong>Kapacitet baterije:<\/strong> 400mAH<\/span><\/li>\n<li><span style=\"color: #000000;\"><strong>Garancija:<\/strong><\/span><span style=\"color: #000000;\"> 1 godina<\/span><\/li>\n<li><strong><span style=\"color: #000000;\">Boja:<\/span> Tamno plava, Plava ili Ru\u017ei\u010dasta<br \/>\n<\/strong><\/li>\n<\/ul>\n<p><span style=\"color: #000000;\"><strong><strong>Osnovne funkcije:<\/strong><\/strong><\/span><\/p>\n<ul>\n<li class=\"bullet-checkmark animated fadeInRight\"><span style=\"color: #000000;\"><strong>SOS<\/strong>: Kada se dijete na\u0111e u opasnoj situaciji mo\u017ee pritisnuti SOS za obavijest.<\/span><\/li>\n<li class=\"bullet-checkmark animated fadeInRight\"><span style=\"color: #000000;\"><strong>Daljinsko pra\u0107enje<\/strong>: Roditelji mogu pratiti kretanje djeteta.<\/span><\/li>\n<li class=\"bullet-checkmark animated fadeInRight\"><span style=\"color: #000000;\"><strong>Inteligentno \u010duvanje energije<\/strong>: GPS <em>Close mode<\/em> za \u010duvanje energije.<\/span><\/li>\n<li class=\"bullet-checkmark animated fadeInRight\"><span style=\"color: #000000;\"><strong>Passometer<\/strong>: Odli\u010dan za zdravlje djeteta.<\/span><\/li>\n<li class=\"bullet-checkmark animated fadeInRight\"><span style=\"color: #000000;\"><strong>Daljinski alarm<\/strong><\/span><\/li>\n<li class=\"bullet-checkmark animated fadeInRight\"><span style=\"color: #000000;\"><strong>Vrijeme upotrebe<\/strong>: Oko 100 sati.<img loading=\"lazy\" decoding=\"async\" class=\"size-full wp-image-18927 alignright\" src=\"http:\/\/megapanda.si\/wp-content\/uploads\/2016\/07\/3.-09.-2016-15-39-05-9e4d.png\" alt=\"3.-09.-2016-15-39-05-9e4d\" width=\"592\" height=\"595\" \/><\/span><\/li>\n<li class=\"bullet-checkmark animated fadeInRight\"><span style=\"color: #000000;\"><strong>Intercom<\/strong>: Konverzacija izme\u0111u sata i aplikacija.<\/span><\/li>\n<li class=\"bullet-checkmark animated fadeInRight\"><span style=\"color: #000000;\"><strong>Mapa<\/strong>: Lociranje u realnom vremenu.<\/span><\/li>\n<li class=\"bullet-checkmark animated fadeInRight\"><span style=\"color: #000000;\"><strong>Vrijeme lokacije za vrijeme \u0161kolskih dana<\/strong>: GPS funkcija \u0107e slati povratne informacije o lokaciji od ponedjeljka do petka. U zatvorenom prostoru\u00a0GPS ne radi ispravno.<\/span><\/li>\n<li class=\"bullet-checkmark animated fadeInRight\"><span style=\"color: #000000;\"><strong>Kontakti<\/strong>: Do 10 telefonskih brojeva mo\u017ee da prati ure\u0111aj.<\/span><\/li>\n<li class=\"bullet-checkmark animated fadeInRight\"><span style=\"color: #000000;\"><strong>DND<\/strong> (<em>Do not disturb<\/em>) vrijeme: Svi dolazni pozivi biti \u0107e blokirani za vreme DND-a.<\/span><\/li>\n<\/ul>\n<p><span style=\"color: #000000;\"><strong>Specijalne funkcije:<\/strong><\/span><\/p>\n<ul>\n<li class=\"bullet-star animated fadeInRight\"><span style=\"color: #000000;\"><strong>Anti-Dropped:\u00a0<\/strong>Na dnu sata smje\u0161ten je opti\u010dki senzor koji je u stalnom kontaktu sa mobilnim telefonom va\u0161eg djeteta i u slu\u010daju da se sat skine sa ruke \u0161alje poruku na va\u0161 mobilni telefon.<\/span><\/li>\n<li class=\"bullet-star animated fadeInRight\"><span style=\"color: #000000;\"><strong>Pozicioniranje:\u00a0<\/strong>Koristi istovremeno GPS i LBS za lociranje \u010dime se posti\u017ee to\u010dnost\u00a0 ve\u0107a nego kod 99% drugih Smart satova na tr\u017ei\u0161tu.<\/span><\/li>\n<li class=\"bullet-star animated fadeInRight\"><span style=\"color: #000000;\"><strong>Daljinski monitoring:\u00a0<\/strong>Znatno osjetljiviji mikrofoni omogu\u0107avaju potpuni uvid u sve zvukove oko ure\u0111aja.<\/span><\/li>\n<li class=\"bullet-star animated fadeInRight\"><span style=\"color: #000000;\"><strong>Elektronska ograda:\u00a0<\/strong>Kada se ova funkcija aktivira, postavi se zona na satu unutar koje bi dijete trebalo da se nalazi i u slu\u010daju izlaska iz nje \u0161alje se poruka.<\/span><\/li>\n<\/ul>\n<p><span style=\"color: #000000;\"><strong>Paket sadr\u017eava:<\/strong><\/span><\/p>\n<ul>\n<li><span style=\"color: #000000;\">1 x Smart sat<\/span><\/li>\n<li><span style=\"color: #000000;\">1 x USB kabel<\/span><\/li>\n<li><span style=\"color: #000000;\">1 x Upute<\/span><\/li>\n<li><span style=\"color: #000000;\">1 x Mali odvija\u010d<\/span><\/li>\n<\/ul>\n<h2 style=\"text-align: center;\"><strong><span style=\"color: #000000;\">Mo\u017eete naru\u010diti na stranici ili \u0161aljite poruku sa Va\u0161om adresom i modelom sata. Pla\u0107anje poduze\u0107em\u00a00915329511.\u00a0<\/span><br \/>\n<\/strong><\/h2>\n","protected":false},"excerpt":{"rendered":"<p>Tra\u017eite neki poklon za svoje najdra\u017ee? \u017delite li uvijek znati gdje su vam djeca? Ovdje imate pametan sat Smart Kid Safe. Dje\u010dji GPS Smart sat \u2013 lokator Q50 vam omogu\u0107ava pra\u0107enje, nadgledanje i lociranje va\u0161eg djeteta u slu\u010daju da se izgubi! Osnovni parametri: Model: Q50 Naziv proizvoda: GPS Tracker sat Dimenzija ekrana: Pribli\u017eno 2,5 cm &#8230; <a title=\"Dje\u010dji pametni sat Smart Kid Safe\" class=\"read-more\" href=\"https:\/\/ql-shop.eu\/hr\/izdelek\/djecji-pametni-sat-smart-kid-safe\/\" aria-label=\"Read more about Dje\u010dji pametni sat Smart Kid Safe\">Pro\u010ditaj vi\u0161e<\/a><\/p>\n","protected":false},"featured_media":38070,"template":"","meta":[],"product_brand":[],"product_cat":[374,373,364],"product_tag":[],"class_list":{"0":"post-38008","1":"product","2":"type-product","3":"status-publish","4":"has-post-thumbnail","6":"product_cat-djecji-pametni-satovi","7":"product_cat-pametni-satovi","8":"product_cat-top-proizvodi","9":"","10":"woocommerce-text-align-center","11":"woocommerce-image-align-center","12":"do-quantity-buttons","13":"wc-has-gallery","15":"first","16":"instock","17":"sale","18":"taxable","19":"shipping-taxable","20":"purchasable","21":"product-type-variable"},"_links":{"self":[{"href":"https:\/\/ql-shop.eu\/hr\/wp-json\/wp\/v2\/product\/38008","targetHints":{"allow":["GET"]}}],"collection":[{"href":"https:\/\/ql-shop.eu\/hr\/wp-json\/wp\/v2\/product"}],"about":[{"href":"https:\/\/ql-shop.eu\/hr\/wp-json\/wp\/v2\/types\/product"}],"wp:featuredmedia":[{"embeddable":true,"href":"https:\/\/ql-shop.eu\/hr\/wp-json\/wp\/v2\/media\/38070"}],"wp:attachment":[{"href":"https:\/\/ql-shop.eu\/hr\/wp-json\/wp\/v2\/media?parent=38008"}],"wp:term":[{"taxonomy":"product_brand","embeddable":true,"href":"https:\/\/ql-shop.eu\/hr\/wp-json\/wp\/v2\/product_brand?post=38008"},{"taxonomy":"product_cat","embeddable":true,"href":"https:\/\/ql-shop.eu\/hr\/wp-json\/wp\/v2\/product_cat?post=38008"},{"taxonomy":"product_tag","embeddable":true,"href":"https:\/\/ql-shop.eu\/hr\/wp-json\/wp\/v2\/product_tag?post=38008"}],"curies":[{"name":"wp","href":"https:\/\/api.w.org\/{rel}","templated":true}]}}