{"id":34941,"date":"2024-04-24T15:05:23","date_gmt":"2024-04-24T13:05:23","guid":{"rendered":"https:\/\/ql-shop.eu\/hr\/?post_type=product&#038;p=34941"},"modified":"2024-04-24T15:26:08","modified_gmt":"2024-04-24T13:26:08","slug":"pretinac-za-u-automobil","status":"publish","type":"product","link":"https:\/\/ql-shop.eu\/hr\/izdelek\/pretinac-za-u-automobil\/","title":{"rendered":"Pretinac za u automobil"},"content":{"rendered":"<p>Je li se ikad dogodilo da se va\u0161i klju\u010devi, torbica ili telefon kad ih upravo hitno trebate nekako gube u automobilu ili negdje izme\u0111u sjedala? Da se tako ne\u0161to ne bi dogodilo, sad je tu najbolja stvar za u automobil, skladi\u0161tni pretinac.<\/p>\n<p>Pretinac je namijenjen <strong>za pohranu raznih stvari koje vas ometaju<\/strong> u d\u017eepovima tijekom vo\u017enje, i ne znate ni gdje bi ih stavljali. Sre\u0107om, tu je <strong>pretinac kojeg jednostavno umetnete<\/strong> izme\u0111u sjedala. Pretinac vam sprije\u010dava gubitak stvari i u njega mo\u017eete staviti \u0161to god \u017eelite, stvari poput olovaka, kovanica, papirnatih torbica, trupova ili karte, telefona, nov\u010danika, klju\u010deve.<\/p>\n<p><strong>Zna\u010dajke:<\/strong><\/p>\n<ul>\n<li>Univerzalni i prikladni za svaki automobil<\/li>\n<li>Sprje\u010dava klizanje stvari ispod sjedala<\/li>\n<li>Materijal: PU ko\u017ea<\/li>\n<li>Veli\u010dina: 30 cm (duljina) x 11 cm (visina) x do 8 cm (\u0161irina)<\/li>\n<li>Boja: <strong>crna<\/strong> \/ <strong>sme\u0111a<\/strong><\/li>\n<\/ul>\n<p><video with=\"480\" height=\"400\" controls><source src=\"https:\/\/megapanda.si\/wp-content\/uploads\/2017\/03\/Predal-za-odlaganje-stvari-v-avtomobilu-19.mp4\" type=\"video\/mp4\"><\/video><\/p>\n<p style=\"clear: both; text-align: center; color: #3366ff; font-weight: bold;\">Mo\u017eete naru\u010diti na stranici ili po\u0161aljite poruku sa va\u0161om adresom i odabranim proizvodom.<br \/>\nPla\u0107anje pouze\u0107em (Hrvatska po\u0161ta)! Broj MegaPanda telefona: <a href=\"tel:0915329511\">091 532 9511<\/a>.<\/p>\n","protected":false},"excerpt":{"rendered":"<p>Pretinac je namijenjen <strong>za pohranu raznih stvari koje vas ometaju<\/strong> u d\u017eepovima tijekom vo\u017enje, i ne znate ni gdje bi ih stavljali. Sre\u0107om, tu je <strong>pretinac kojeg jednostavno umetnete<\/strong> izme\u0111u sjedala.<\/p>\n","protected":false},"featured_media":34980,"template":"","meta":[],"product_brand":[],"product_cat":[673,364],"product_tag":[],"class_list":{"0":"post-34941","1":"product","2":"type-product","3":"status-publish","4":"has-post-thumbnail","6":"product_cat-sve-za-automobil","7":"product_cat-top-proizvodi","8":"","9":"woocommerce-text-align-center","10":"woocommerce-image-align-center","11":"do-quantity-buttons","12":"wc-has-gallery","14":"first","15":"instock","16":"sale","17":"taxable","18":"shipping-taxable","19":"purchasable","20":"product-type-variable"},"_links":{"self":[{"href":"https:\/\/ql-shop.eu\/hr\/wp-json\/wp\/v2\/product\/34941","targetHints":{"allow":["GET"]}}],"collection":[{"href":"https:\/\/ql-shop.eu\/hr\/wp-json\/wp\/v2\/product"}],"about":[{"href":"https:\/\/ql-shop.eu\/hr\/wp-json\/wp\/v2\/types\/product"}],"wp:featuredmedia":[{"embeddable":true,"href":"https:\/\/ql-shop.eu\/hr\/wp-json\/wp\/v2\/media\/34980"}],"wp:attachment":[{"href":"https:\/\/ql-shop.eu\/hr\/wp-json\/wp\/v2\/media?parent=34941"}],"wp:term":[{"taxonomy":"product_brand","embeddable":true,"href":"https:\/\/ql-shop.eu\/hr\/wp-json\/wp\/v2\/product_brand?post=34941"},{"taxonomy":"product_cat","embeddable":true,"href":"https:\/\/ql-shop.eu\/hr\/wp-json\/wp\/v2\/product_cat?post=34941"},{"taxonomy":"product_tag","embeddable":true,"href":"https:\/\/ql-shop.eu\/hr\/wp-json\/wp\/v2\/product_tag?post=34941"}],"curies":[{"name":"wp","href":"https:\/\/api.w.org\/{rel}","templated":true}]}}