{"id":34366,"date":"2024-04-24T15:04:07","date_gmt":"2024-04-24T13:04:07","guid":{"rendered":"https:\/\/ql-shop.eu\/hr\/?post_type=product&#038;p=34366"},"modified":"2024-04-24T15:04:14","modified_gmt":"2024-04-24T13:04:14","slug":"odstranjivac-dlacica-u-obliku-sminke","status":"publish","type":"product","link":"https:\/\/ql-shop.eu\/hr\/izdelek\/odstranjivac-dlacica-u-obliku-sminke\/","title":{"rendered":"Odstranjiva\u010d dla\u010dica u obliku \u0161minke"},"content":{"rendered":"<h1 style=\"text-align: center;\"><span style=\"color: #000000;\"><strong>Odstranjiva\u010d dla\u010dica u obliku \u0161minke<\/strong><\/span><\/h1>\n<p><span style=\"color: #000000;\">Si \u017eelite lagano i bezbolno ukloniti ne\u017eeljene dlake na obrazu i tijelu? Odstranjiva\u010d dla\u010dica u obliku \u0161minke je revolucionaran ure\u0111aj koja uklanja dla\u010dice u trenutku i bez boli. Uvjerite se same i vidjeti \u010dete za\u0161to je bio me\u0111u \u017eenskama odabran za broj #1 me\u0111u odstranjiva\u010dima dla\u010dica.<\/span><\/p>\n<p><span style=\"color: #000000;\">Inovativni odstranjiva\u010d u obliku \u0161minke \u0107e ukloniti neugodne dla\u010dice na va\u0161em obrazu. Do ko\u017ee je vrlo nje\u017ean te ju ne rani. Ima ugra\u0111enu svjetiljku s kojom lak\u0161e vidite dlake.<\/span><\/p>\n<p><span style=\"color: #000000;\">Pozla\u0107eni odstranjiva\u010d dla\u010dica u bijeloj-zlatoj boji je vrlo zgodan i diskretan.<\/span><\/p>\n<p><span style=\"color: #000000;\">Ugra\u0111ena svjetlika: Svijetlu mo\u017eete upotrijebiti da vidite preostale dlake koje ina\u010de ne bi vidjeli. Svijetlo je dosta sna\u017eno, da poka\u017ee ne\u017eeljene sakrite dla\u010dice na cijeloj ko\u017enoj povr\u0161ini.<\/span><\/p>\n<p><span style=\"color: #000000;\">Odstranjiva\u010d dla\u010dica mo\u017eete upotrijebiti na bilo kojem predjelu ko\u017ee: na bradi, licima i ostalim predjelima tako da va\u0161a ko\u017ena povr\u0161ina izgleda odli\u010dno. Kad zavr\u0161ite s uklanjanjem dla\u010dica mo\u017eete upotrijebiti hidratantnu kremu da va\u0161a ko\u017ea ostane vla\u017ena i bez gre\u0161ke.<\/span><\/p>\n<p><span style=\"color: #000000;\">Diskretan i prenosiv &#8211; Odstranjiva\u010d dla\u010dica mo\u017eete uzeti sa sobom posvuda. Mo\u017eete ga imati u torbici, d\u017eepu ili automobilu. Nitko ne\u0107e nikad znati da je ta \u0161minka zapravo odstranjiva\u010d dla\u010dica.<\/span><\/p>\n<p><span style=\"color: #000000;\">Nje\u017ean i siguran &#8211; Me\u0111u upotrebom ne\u0107ete osjetiti nikakvo dra\u017eenje ko\u017ee, bol ili ostale nuspojave. Odstranjiva\u010d dla\u010dica je nje\u017ean do va\u0161e ko\u017ee i djelotvorno uklanja dosadne dla\u010dice.<\/span><\/p>\n<p><span style=\"color: #000000;\"><strong>Karakteristike:<\/strong><\/span><\/p>\n<ul>\n<li><span style=\"color: #000000;\">Djelotvorno uklanja nepotrebne dla\u010dice<\/span><\/li>\n<li><span style=\"color: #000000;\">Nema vi\u0161e crvenkaste i nadra\u017euju\u0107e ko\u017ee<\/span><\/li>\n<li><span style=\"color: #000000;\">Prigodan za sve vrste ko\u017ee<\/span><\/li>\n<li><span style=\"color: #000000;\">Ne pu\u0161ta o\u017eiljke ili rezove kao \u0161to se to mo\u017ee dogoditi ako koristite obi\u010dne britve<\/span><\/li>\n<li><span style=\"color: #000000;\">Za djelovanje je potrebna 1 x AA baterija (nije prilo\u017eena)<\/span><\/li>\n<li><span style=\"color: #000000;\">Boja: bijela-zlata<\/span><\/li>\n<\/ul>\n<p><span style=\"color: #000000;\"><strong>Upozorenje: Slike su simboli\u010dne.<\/strong><\/span><\/p>\n<p><a href=\"https:\/\/www.youtube.com\/watch?v=uwqSmWeL3CI\"><img loading=\"lazy\" decoding=\"async\" class=\"wp-image-70050847 size-full aligncenter\" src=\"https:\/\/megapanda.hr\/wp-content\/uploads\/sites\/2\/2017\/10\/ID602381-Odstranjivac-dlacica-u-obliku-sminke.png\" alt=\"\" width=\"739\" height=\"416\" \/><\/a><\/p>\n<p style=\"clear: both; text-align: center; color: #3366ff; font-weight: bold;\">Mo\u017eete naru\u010diti na stranici ili po\u0161aljite poruku sa va\u0161om adresom i odabranim proizvodom.<br \/>\nPla\u0107anje pouze\u0107em (Hrvatska po\u0161ta)! Broj MegaPanda telefona: <a href=\"tel:0915329511\">091 532 9511<\/a>.<\/p>\n","protected":false},"excerpt":{"rendered":"<p>Naro\u010dilo lahko oddate preko spletne strani ter s klicem ali SMS sporo\u010dilom (podatki za dostavo ter ime artikla) na \u0161tevilko <a href=\"tel:041638666\">041 638 666<\/a>.<\/p>\n","protected":false},"featured_media":34427,"template":"","meta":[],"product_brand":[],"product_cat":[368,364,439],"product_tag":[],"class_list":{"0":"post-34366","1":"product","2":"type-product","3":"status-publish","4":"has-post-thumbnail","6":"product_cat-proizvodi-za-nju","7":"product_cat-top-proizvodi","8":"product_cat-za-nju","9":"","10":"woocommerce-text-align-center","11":"woocommerce-image-align-center","12":"do-quantity-buttons","13":"wc-has-gallery","15":"first","16":"instock","17":"sale","18":"taxable","19":"shipping-taxable","20":"purchasable","21":"product-type-simple"},"_links":{"self":[{"href":"https:\/\/ql-shop.eu\/hr\/wp-json\/wp\/v2\/product\/34366","targetHints":{"allow":["GET"]}}],"collection":[{"href":"https:\/\/ql-shop.eu\/hr\/wp-json\/wp\/v2\/product"}],"about":[{"href":"https:\/\/ql-shop.eu\/hr\/wp-json\/wp\/v2\/types\/product"}],"wp:featuredmedia":[{"embeddable":true,"href":"https:\/\/ql-shop.eu\/hr\/wp-json\/wp\/v2\/media\/34427"}],"wp:attachment":[{"href":"https:\/\/ql-shop.eu\/hr\/wp-json\/wp\/v2\/media?parent=34366"}],"wp:term":[{"taxonomy":"product_brand","embeddable":true,"href":"https:\/\/ql-shop.eu\/hr\/wp-json\/wp\/v2\/product_brand?post=34366"},{"taxonomy":"product_cat","embeddable":true,"href":"https:\/\/ql-shop.eu\/hr\/wp-json\/wp\/v2\/product_cat?post=34366"},{"taxonomy":"product_tag","embeddable":true,"href":"https:\/\/ql-shop.eu\/hr\/wp-json\/wp\/v2\/product_tag?post=34366"}],"curies":[{"name":"wp","href":"https:\/\/api.w.org\/{rel}","templated":true}]}}