{"id":34191,"date":"2024-04-24T15:03:46","date_gmt":"2024-04-24T13:03:46","guid":{"rendered":"https:\/\/ql-shop.eu\/hr\/?post_type=product&#038;p=34191"},"modified":"2024-04-24T15:04:10","modified_gmt":"2024-04-24T13:04:10","slug":"osvezivac-zraka-za-avto","status":"publish","type":"product","link":"https:\/\/ql-shop.eu\/hr\/izdelek\/osvezivac-zraka-za-avto\/","title":{"rendered":"Osve\u017eiva\u010d zraka za avto"},"content":{"rendered":"<h1 style=\"text-align: center;\"><span style=\"color: #000000;\"><strong>Osve\u017eiva\u010d zraka za avto<\/strong><\/span><\/h1>\n<p><span style=\"color: #000000;\"><em><strong>Da li se puno puta kad se vozite u va\u0161em avtomobilu osje\u010date slabo, zbog lo\u0161eg zraka i \u010dudnog mirisa jo\u0161 pogotovo ako nemate upalite klime?<\/strong><\/em><\/span><\/p>\n<p><span style=\"color: #000000;\">Predstavljamo vam univerzalni osve\u017eiva\u010d zraka, koji \u010de u va\u0161 avtomobil unijeti sve\u017einu. Zasnovan je sa posebnom tehnologijom i tako odjednom osvje\u017eiva zrak i oddaje aromati\u010dne mirise. Sa razli\u010ditim mirisima u vama budi razli\u010dita osje\u010danja.<\/span><\/p>\n<h3><span style=\"color: #000000;\"><strong>Opis:<\/strong><\/span><\/h3>\n<p><span style=\"color: #000000;\">Osve\u017eiva\u010d zraka u sam prostor oddaje aromati\u010dne mirise, koji \u010de va\u0161 avtomobil prepuniti sa lijepim mirisom i sa nje\u017enom LED svjetlo\u0161\u010du. On djeluje tako da \u010disti zrak u prostoru, smanjiva broj radikala u zraku i odaje prijatne mirise zbog kojih \u010de te se osje\u010dati prijatno. Poseban dizajn \u010de o\u017eivjeti va\u0161 avtomobil, a njegova svjetlost pomo\u010di \u010de kod dobrog osje\u010daja.<\/span><\/p>\n<h3><span style=\"color: #000000;\"><strong>Va\u017ene napomene:<\/strong><\/span><\/h3>\n<ul>\n<li><span style=\"color: #000000;\">Funkcija osve\u017eivanja zraka: osvje\u017ei zrak i pove\u010da njegovu kvalitetu<\/span><\/li>\n<li><span style=\"color: #000000;\">Funkcija aromaterapije: prijatan miris ustvari bolji osje\u010daj , sprije\u010dava pospanost, poma\u017ee kod opu\u0161tanja<\/span><\/li>\n<li><span style=\"color: #000000;\">Funkcija \u010di\u0161\u010denja zraka: Uklanja stati\u010dki prostor i smanjuje broj slobodnih radikala u automobilu<\/span><\/li>\n<li><span style=\"color: #000000;\">180 okre\u010danja: omogu\u010dava da cijeli prostor zapunite sa svije\u017eim zrakom<\/span><\/li>\n<li><span style=\"color: #000000;\">Avtomati\u010dko ga\u0161enje: poslje 2 sata rada, ona se sama izklopi<\/span><\/li>\n<li><span style=\"color: #000000;\">Upotreba: Od\u0161erafite rezervoar za vodu sa pokretom kontra od smjeri satnom kazaljca. Jednostavno ga napunite sa vodom, unutra kapnite 2-3 kapi eteri\u010dnog ulja. Rezervoar sa vodom pri\u0161erafite nazad na svoje mjesto. Umetnite osve\u017eiva\u010d zraka u utor za cigaretni upalja\u010d u avtomobilu. Zbog sigurnosti ne brinite jer \u010de se osve\u017eiva\u010d avtomati\u010dki sam izklopiti, kad bude nestalo vode i vas o tome obavijestiti sa kratkim zvu\u010dnim signalom.<\/span><\/li>\n<\/ul>\n<h3><span style=\"color: #000000;\">Zna\u010dajke:<\/span><\/h3>\n<ul>\n<li><span style=\"color: #000000;\">Prijatan i osve\u017eavaju\u010d miris<\/span><\/li>\n<li><span style=\"color: #000000;\">Poma\u017ee kod navla\u017eivanja suhe ko\u017ee sa vla\u017eenjem zraka u prostoru<\/span><\/li>\n<li><span style=\"color: #000000;\">Poma\u017ee kod boljeg disanja kad vozite<\/span><\/li>\n<li><span style=\"color: #000000;\">Volumen: 50 ml vode<\/span><\/li>\n<li><span style=\"color: #000000;\">Proizvede d0 25ml hladne pare na sat<\/span><\/li>\n<li><span style=\"color: #000000;\">Otporan na vibracije<\/span><\/li>\n<li><span style=\"color: #000000;\">Uklju\u010dite ga u cigaretni upalja\u010d u avtomobilu<\/span><\/li>\n<li><span style=\"color: #000000;\">Vrijeme djelovanja: do 10 sati<\/span><\/li>\n<li><span style=\"color: #000000;\">Material: ABS plastika<\/span><\/li>\n<li><span style=\"color: #000000;\">Dimenzije: 164 mm x 56 mm<\/span><\/li>\n<li><span style=\"color: #000000;\">Te\u017eina: 153 g<\/span><\/li>\n<li><span style=\"color: #000000;\">Boja: svijetlo zelena<\/span><\/li>\n<\/ul>\n<p><span style=\"color: #000000;\"><strong>Opozorjenje: <em>Slike su simboli\u010dne.<\/em><\/strong><\/span><\/p>\n<p><span style=\"color: #000000;\"><em><strong>Osve\u017eiva\u010d zraka ne stvara maglu, koja bi vam onemogu\u010davala sigurnu vo\u017enju. Garantiramo, da je proizvod potpuno siguran.<\/strong><\/em><\/span><\/p>\n<p><span style=\"color: #000000;\"><strong>U paketu dobijete:<\/strong><\/span><\/p>\n<ul>\n<li><span style=\"color: #000000;\">1 x Osve\u017eiva\u010d zraka za avto sa led svijetlom<\/span><\/li>\n<li><span style=\"color: #000000;\">1 x Upute za upotrebu<\/span><\/li>\n<\/ul>\n\n\n<div style=\"width: 1200px;\" class=\"wp-video\"><video class=\"wp-video-shortcode\" id=\"video-34191-1\" width=\"1200\" height=\"675\" preload=\"metadata\" controls=\"controls\"><source type=\"video\/mp4\" src=\"http:\/\/megapanda.hr\/wp-content\/uploads\/2017\/10\/Osve\u017eiva\u010d-zraka-za-avto-7.mp4?_=1\" \/><a href=\"http:\/\/megapanda.hr\/wp-content\/uploads\/2017\/10\/Osve\u017eiva\u010d-zraka-za-avto-7.mp4\">http:\/\/megapanda.hr\/wp-content\/uploads\/2017\/10\/Osve\u017eiva\u010d-zraka-za-avto-7.mp4<\/a><\/video><\/div>\n<h3 style=\"text-align: center;\">Mo\u017eete naru\u010diti na stranici ili po\u0161aljite poruku sa va\u0161om adresom i modelom telefona. Pla\u0107anje pouze\u0107em\u00a00915329511. Dostava-Po\u0161ta Hrvatska<\/h3>\n","protected":false},"excerpt":{"rendered":"<p>Osve\u017eiva\u010d zraka za avto Da li se puno puta kad se vozite u va\u0161em avtomobilu osje\u010date slabo, zbog lo\u0161eg zraka i \u010dudnog mirisa jo\u0161 pogotovo ako nemate upalite klime? Predstavljamo vam univerzalni osve\u017eiva\u010d zraka, koji \u010de u va\u0161 avtomobil unijeti sve\u017einu. Zasnovan je sa posebnom tehnologijom i tako odjednom osvje\u017eiva zrak i oddaje aromati\u010dne mirise. &#8230; <a title=\"Osve\u017eiva\u010d zraka za avto\" class=\"read-more\" href=\"https:\/\/ql-shop.eu\/hr\/izdelek\/osvezivac-zraka-za-avto\/\" aria-label=\"Read more about Osve\u017eiva\u010d zraka za avto\">Pro\u010ditaj vi\u0161e<\/a><\/p>\n","protected":false},"featured_media":34393,"template":"","meta":[],"product_brand":[],"product_cat":[444,364],"product_tag":[],"class_list":{"0":"post-34191","1":"product","2":"type-product","3":"status-publish","4":"has-post-thumbnail","6":"product_cat-praznimo-skladiste","7":"product_cat-top-proizvodi","8":"","9":"woocommerce-text-align-center","10":"woocommerce-image-align-center","11":"do-quantity-buttons","12":"wc-has-gallery","14":"first","15":"instock","16":"sale","17":"taxable","18":"shipping-taxable","19":"purchasable","20":"product-type-simple"},"_links":{"self":[{"href":"https:\/\/ql-shop.eu\/hr\/wp-json\/wp\/v2\/product\/34191","targetHints":{"allow":["GET"]}}],"collection":[{"href":"https:\/\/ql-shop.eu\/hr\/wp-json\/wp\/v2\/product"}],"about":[{"href":"https:\/\/ql-shop.eu\/hr\/wp-json\/wp\/v2\/types\/product"}],"wp:featuredmedia":[{"embeddable":true,"href":"https:\/\/ql-shop.eu\/hr\/wp-json\/wp\/v2\/media\/34393"}],"wp:attachment":[{"href":"https:\/\/ql-shop.eu\/hr\/wp-json\/wp\/v2\/media?parent=34191"}],"wp:term":[{"taxonomy":"product_brand","embeddable":true,"href":"https:\/\/ql-shop.eu\/hr\/wp-json\/wp\/v2\/product_brand?post=34191"},{"taxonomy":"product_cat","embeddable":true,"href":"https:\/\/ql-shop.eu\/hr\/wp-json\/wp\/v2\/product_cat?post=34191"},{"taxonomy":"product_tag","embeddable":true,"href":"https:\/\/ql-shop.eu\/hr\/wp-json\/wp\/v2\/product_tag?post=34191"}],"curies":[{"name":"wp","href":"https:\/\/api.w.org\/{rel}","templated":true}]}}