{"id":34190,"date":"2024-04-24T15:03:46","date_gmt":"2024-04-24T13:03:46","guid":{"rendered":"https:\/\/ql-shop.eu\/hr\/?post_type=product&#038;p=34190"},"modified":"2024-04-24T15:04:10","modified_gmt":"2024-04-24T13:04:10","slug":"kalup-za-palacinke-i-jaja","status":"publish","type":"product","link":"https:\/\/ql-shop.eu\/hr\/izdelek\/kalup-za-palacinke-i-jaja\/","title":{"rendered":"Kalup za pala\u010dinke i jaja"},"content":{"rendered":"<h2 style=\"text-align: center;\"><span style=\"color: #000000;\">Kalup za pala\u010dinke i jaja<\/span><\/h2>\n<p><span style=\"color: #000000;\">Imate premalo vremena za doru\u010dkovanje? Sad \u010dete ga imati mnogo.<\/span><\/p>\n<p><span style=\"color: #000000;\">Predstavljamo vam\u00a0kalup za pala\u010dinke i jaja s kojim mo\u017eete pripremiti doru\u010dak ili ve\u010deru za cijelu obitelj u samo 5 minuta!<\/span><\/p>\n<p><span style=\"color: #000000;\">Pripremite odli\u010dna pe\u010dena jajca i to \u010dak 7 odjednom!<\/span><\/p>\n<p><span style=\"color: #000000;\"><strong>Opis:<\/strong><\/span><\/p>\n<ul>\n<li><span style=\"color: #000000;\">BRZO I U\u0160TEDI VRIJEME: Kalup ima 7 okruglih rupa za 7 jajca, pala\u010dinka ili omleta. Odli\u010dna mogu\u0107nost za perfektno okrugle pala\u010dinke.<\/span><\/li>\n<li><span style=\"color: #000000;\">HRANI NE\u0160TETAN SILIKON: Kalup je izra\u0111en iz 100% visokokvalitetnog silikona te je pogodan za kori\u0161tenje s hranom.<\/span><\/li>\n<li><span style=\"color: #000000;\">SIGURAN ZA KORI\u0160TENJE: Kalup mo\u017eete koristiti na temperaturama od -75\u00b0C do 230\u00b0C. Pogodan je za upotrebu u pe\u0107nici, mikrovalki i tavi.<\/span><\/li>\n<li><span style=\"color: #000000;\">HRANA SE NE LIJEPI: Hrana se ne lijepi na kalup iz silikona me\u0111u pe\u010denjem zato na jako jednostavan na\u010din uzmete gotove pala\u010dinke i jajca iz modela. Kalup ima dvije ru\u010dke za lak\u0161e primanje modela da se ne ope\u010dete.<\/span><\/li>\n<li><span style=\"color: #000000;\">JEDNOSTAVAN ZA \u010cI\u0160\u0106ENJE I SPREMANJE: Po upotrebi se silikonski kalup jednostavno opere s vru\u0107om vodom ili ga jednostavno polo\u017eite u stroj za pranje su\u0111a. U ladici ili u ormaru zauzme jako malo prostora.<\/span><\/li>\n<\/ul>\n<p><span style=\"color: #000000;\"><strong>Lastnosti:<\/strong><\/span><\/p>\n<ul>\n<li><span style=\"color: #000000;\">Doru\u010dak ili ve\u010dera u samo 5 minuta<\/span><\/li>\n<li><span style=\"color: #000000;\"><strong>Pripremite odli\u010dne prave ameri\u010dke pala\u010dinke<\/strong><\/span><\/li>\n<li><span style=\"color: #000000;\">Pred pripremom pala\u010dinka ili jaja kalup prema\u017eite s uljem<\/span><\/li>\n<li><span style=\"color: #000000;\">Materijal: silikon<\/span><\/li>\n<li><span style=\"color: #000000;\">Veli\u010dina: 40 cm x 23 cm x 1,5 cm<\/span><\/li>\n<li><span style=\"color: #000000;\">Boja: crvena<\/span><\/li>\n<\/ul>\n<p><span style=\"color: #000000;\"><strong>U paketu dobijete:<\/strong><\/span><\/p>\n<p><span style=\"color: #000000;\">1 x Kalup za pala\u010dinke i jaja<\/span><\/p>\n<p><span style=\"color: #000000;\"><strong>Opozorilo: Slike so simboli\u010dne.<\/strong><\/span><\/p>\n\n\n<div style=\"width: 864px;\" class=\"wp-video\"><video class=\"wp-video-shortcode\" id=\"video-34190-1\" width=\"864\" height=\"720\" preload=\"metadata\" controls=\"controls\"><source type=\"video\/mp4\" src=\"https:\/\/megapanda.hr\/wp-content\/uploads\/sites\/2\/2017\/11\/602253-kalup-za-palacinke-i-jaja.mp4?_=1\" \/><a href=\"https:\/\/megapanda.hr\/wp-content\/uploads\/sites\/2\/2017\/11\/602253-kalup-za-palacinke-i-jaja.mp4\">https:\/\/megapanda.hr\/wp-content\/uploads\/sites\/2\/2017\/11\/602253-kalup-za-palacinke-i-jaja.mp4<\/a><\/video><\/div>\n<p>&nbsp;<\/p>\n<p style=\"text-align: center;\"><span style=\"color: #3366ff;\"><strong>Mo\u017eete naru\u010diti na stranici ili po\u0161aljite poruku sa va\u0161om adresom i modelom telefona. Pla\u0107anje pouze\u0107em\u00a00915329511. Dostava-Po\u0161ta Hrvatska<\/strong><\/span><\/p>\n","protected":false},"excerpt":{"rendered":"<p>Kalup za pala\u010dinke i jaja Imate premalo vremena za doru\u010dkovanje? Sad \u010dete ga imati mnogo. Predstavljamo vam\u00a0kalup za pala\u010dinke i jaja s kojim mo\u017eete pripremiti doru\u010dak ili ve\u010deru za cijelu obitelj u samo 5 minuta! Pripremite odli\u010dna pe\u010dena jajca i to \u010dak 7 odjednom! Opis: BRZO I U\u0160TEDI VRIJEME: Kalup ima 7 okruglih rupa za &#8230; <a title=\"Kalup za pala\u010dinke i jaja\" class=\"read-more\" href=\"https:\/\/ql-shop.eu\/hr\/izdelek\/kalup-za-palacinke-i-jaja\/\" aria-label=\"Read more about Kalup za pala\u010dinke i jaja\">Pro\u010ditaj vi\u0161e<\/a><\/p>\n","protected":false},"featured_media":34390,"template":"","meta":[],"product_brand":[],"product_cat":[370,364],"product_tag":[],"class_list":{"0":"post-34190","1":"product","2":"type-product","3":"status-publish","4":"has-post-thumbnail","6":"product_cat-sve-za-dom-i-vrt","7":"product_cat-top-proizvodi","8":"","9":"woocommerce-text-align-center","10":"woocommerce-image-align-center","11":"do-quantity-buttons","12":"wc-has-gallery","14":"first","15":"instock","16":"sale","17":"taxable","18":"shipping-taxable","19":"purchasable","20":"product-type-simple"},"_links":{"self":[{"href":"https:\/\/ql-shop.eu\/hr\/wp-json\/wp\/v2\/product\/34190","targetHints":{"allow":["GET"]}}],"collection":[{"href":"https:\/\/ql-shop.eu\/hr\/wp-json\/wp\/v2\/product"}],"about":[{"href":"https:\/\/ql-shop.eu\/hr\/wp-json\/wp\/v2\/types\/product"}],"wp:featuredmedia":[{"embeddable":true,"href":"https:\/\/ql-shop.eu\/hr\/wp-json\/wp\/v2\/media\/34390"}],"wp:attachment":[{"href":"https:\/\/ql-shop.eu\/hr\/wp-json\/wp\/v2\/media?parent=34190"}],"wp:term":[{"taxonomy":"product_brand","embeddable":true,"href":"https:\/\/ql-shop.eu\/hr\/wp-json\/wp\/v2\/product_brand?post=34190"},{"taxonomy":"product_cat","embeddable":true,"href":"https:\/\/ql-shop.eu\/hr\/wp-json\/wp\/v2\/product_cat?post=34190"},{"taxonomy":"product_tag","embeddable":true,"href":"https:\/\/ql-shop.eu\/hr\/wp-json\/wp\/v2\/product_tag?post=34190"}],"curies":[{"name":"wp","href":"https:\/\/api.w.org\/{rel}","templated":true}]}}