{"id":34176,"date":"2024-04-24T15:03:45","date_gmt":"2024-04-24T13:03:45","guid":{"rendered":"https:\/\/ql-shop.eu\/hr\/?post_type=product&#038;p=34176"},"modified":"2024-04-24T15:03:53","modified_gmt":"2024-04-24T13:03:53","slug":"vrtlarske-rukavice-s-kandzama","status":"publish","type":"product","link":"https:\/\/ql-shop.eu\/hr\/izdelek\/vrtlarske-rukavice-s-kandzama\/","title":{"rendered":"Vrtlarske rukavice s kand\u017eama"},"content":{"rendered":"<h1 style=\"text-align: center;\"><span style=\"color: #00a859;\">Vrtlarske rukavice s kand\u017eama<\/span><\/h1>\n<p>Jedva \u010dekate prve proljetne zrake da kona\u010dno otvorite vrtlarsku sezonu, a onda se sjetite koliko vremena \u0107ete potro\u0161iti na pripremanje i uklanjanje alata? Uz vi\u0161enamjenske hortikulturne rukavice, izbje\u0107i \u0107ete dodatni rad, a sjeme \u0107e biti u tlu dok trepnete!<\/p>\n<p><strong>Opis:<\/strong><\/p>\n<p>Inovativne hortikulturne rukavice pobrinut \u0107e se da va\u0161e ruke ostanu za\u0161ti\u0107ene i neo\u0161te\u0107ene prilikom obavljanja vrtlarskih aktivnosti.<\/p>\n<p>Rukavice sadr\u017ee 4 plasti\u010dne kand\u017ee, koje \u0107e vam pomo\u0107i da brzo i lako kopate rupe ili pripremite grede u jo\u0161 te\u017ee tlo bez uporabe dodatnih alata. Prikladni su za kopanje, sadnju, uklanjanje trave, obrezivanje, grabljenje &#8230;<\/p>\n<p>Kvalitetne, izdr\u017eljive i vodootporne gumene rukavice za\u0161titit \u0107e va\u0161e ruke od teku\u0107ina, kukaca, modrica, rezova, blistera i prljav\u0161tine. Zra\u010dni lateks spre\u010dava znojenje ruku. Vrtlarske rukavice lako se \u010diste vodom.<\/p>\n<p style=\"text-align: center;\"><img loading=\"lazy\" decoding=\"async\" class=\"alignnone size-full wp-image-58052\" src=\"http:\/\/megapanda.hr\/wp-content\/uploads\/2018\/04\/Vrtnarske-rokavice-2.jpg\" alt=\"Vrtnarske-rokavice-2\" width=\"600\" height=\"450\" \/> <img loading=\"lazy\" decoding=\"async\" class=\"alignnone size-medium wp-image-58053\" src=\"http:\/\/megapanda.hr\/wp-content\/uploads\/2018\/04\/Vrtnarske-rokavice-5.jpg\" alt=\"Vrtnarske-rokavice-5\" width=\"400\" height=\"400\" \/> <img loading=\"lazy\" decoding=\"async\" class=\"alignnone size-medium wp-image-58054\" src=\"http:\/\/megapanda.hr\/wp-content\/uploads\/2018\/04\/Vrtnarske-rokavice-6.jpg\" alt=\"Vrtnarske-rokavice-6\" width=\"600\" height=\"600\" \/> <img loading=\"lazy\" decoding=\"async\" class=\"alignnone size-medium wp-image-58055\" src=\"http:\/\/megapanda.hr\/wp-content\/uploads\/2018\/04\/Vrtnarske-rokavice-7.jpg\" alt=\"Vrtnarske-rokavice-7\" width=\"600\" height=\"600\" \/> <img loading=\"lazy\" decoding=\"async\" class=\"alignnone size-medium wp-image-58056\" src=\"http:\/\/megapanda.hr\/wp-content\/uploads\/2018\/04\/Vrtnarske-rokavice-9.jpg\" alt=\"Vrtnarske-rokavice-9\" width=\"600\" height=\"360\" \/> <img loading=\"lazy\" decoding=\"async\" class=\"alignnone size-medium wp-image-58057\" src=\"http:\/\/megapanda.hr\/wp-content\/uploads\/2018\/04\/Vrtnarske-rokavice-11.jpg\" alt=\"Vrtnarske-rokavice-11\" width=\"600\" height=\"450\" \/> <img loading=\"lazy\" decoding=\"async\" class=\"alignnone size-medium wp-image-58058\" src=\"http:\/\/megapanda.hr\/wp-content\/uploads\/2018\/04\/Vrtnarske-rokavice-14.jpg\" alt=\"Vrtnarske-rokavice-14\" width=\"350\" height=\"226\" \/><\/p>\n<p><strong>Zna\u010dajke:<\/strong><\/p>\n<ul>\n<li>Material: Gumeni lateks i ABS plastika<\/li>\n<li>Vodootpornost<\/li>\n<li>Dugotrajnost<\/li>\n<li>4 kand\u017ee na desnoj rukavici<\/li>\n<li>Boja: zeleno-crna<\/li>\n<li>Jednostavno \u010di\u0161\u0107enje<\/li>\n<li>U\u010dinkovita za\u0161tita<\/li>\n<li>Duljina: 23-26 cm<\/li>\n<li>Univerzalna veli\u010dina<\/li>\n<\/ul>\n<p><strong>Paket uklju\u010duje:<\/strong><\/p>\n<ul>\n<li>1 x par rukavica s kand\u017eama<\/li>\n<\/ul>\n<p>Oprostite se od prljav\u0161tine izpod noktiju!<\/p>\n<h2>Mo\u017eete naru\u010diti na stranici ili po\u0161aljite poruku sa va\u0161ima podacima. Pla\u0107anje pouze\u0107em .<\/h2>\n","protected":false},"excerpt":{"rendered":"<p>Kvalitetna, izdr\u017eljiva i vodootporna guma na vrtlarskim rukavicama s kand\u017eama za\u0161titit \u0107e va\u0161e ruke od teku\u0107ina, uboda insekata, ogrebotina, posjekotina, \u017euljeva i prljav\u0161tine.<\/p>\n","protected":false},"featured_media":34250,"template":"","meta":[],"product_brand":[],"product_cat":[444,364],"product_tag":[],"class_list":{"0":"post-34176","1":"product","2":"type-product","3":"status-publish","4":"has-post-thumbnail","6":"product_cat-praznimo-skladiste","7":"product_cat-top-proizvodi","8":"","9":"woocommerce-text-align-center","10":"woocommerce-image-align-center","11":"do-quantity-buttons","12":"wc-has-gallery","14":"first","15":"instock","16":"sale","17":"taxable","18":"shipping-taxable","19":"purchasable","20":"product-type-simple"},"_links":{"self":[{"href":"https:\/\/ql-shop.eu\/hr\/wp-json\/wp\/v2\/product\/34176","targetHints":{"allow":["GET"]}}],"collection":[{"href":"https:\/\/ql-shop.eu\/hr\/wp-json\/wp\/v2\/product"}],"about":[{"href":"https:\/\/ql-shop.eu\/hr\/wp-json\/wp\/v2\/types\/product"}],"wp:featuredmedia":[{"embeddable":true,"href":"https:\/\/ql-shop.eu\/hr\/wp-json\/wp\/v2\/media\/34250"}],"wp:attachment":[{"href":"https:\/\/ql-shop.eu\/hr\/wp-json\/wp\/v2\/media?parent=34176"}],"wp:term":[{"taxonomy":"product_brand","embeddable":true,"href":"https:\/\/ql-shop.eu\/hr\/wp-json\/wp\/v2\/product_brand?post=34176"},{"taxonomy":"product_cat","embeddable":true,"href":"https:\/\/ql-shop.eu\/hr\/wp-json\/wp\/v2\/product_cat?post=34176"},{"taxonomy":"product_tag","embeddable":true,"href":"https:\/\/ql-shop.eu\/hr\/wp-json\/wp\/v2\/product_tag?post=34176"}],"curies":[{"name":"wp","href":"https:\/\/api.w.org\/{rel}","templated":true}]}}