{"id":34081,"date":"2024-04-24T15:03:34","date_gmt":"2024-04-24T13:03:34","guid":{"rendered":"https:\/\/ql-shop.eu\/hr\/?post_type=product&#038;p=34081"},"modified":"2024-04-24T15:03:39","modified_gmt":"2024-04-24T13:03:39","slug":"super-bijeli-paket","status":"publish","type":"product","link":"https:\/\/ql-shop.eu\/hr\/izdelek\/super-bijeli-paket\/","title":{"rendered":"SUPER &#8211; bijeli paket"},"content":{"rendered":"<h1 style=\"text-align: center;\">SUPER &#8211; bijeli paket<\/h1>\n<p>&nbsp;<\/p>\n<p><strong>Opis:<\/strong><\/p>\n<p>Paket sadr\u017ei zvu\u010dnik i sat, koji su tako\u0111er lijep dar! Visokokvalitetni vodootporni zvu\u010dnik pogodan je za svaki tu\u0161 i mo\u017ee se koristiti u automobilu bez ruku. Ima glasan zvu\u010dnik i sna\u017ean bas. Idealno za svakoga tko se dugo \u017eeli opustiti u tu\u0161u. Sat je izra\u0111en od mekog silikona, plastike, te je vrlo tanak i elegantan na ruci. Izgleda sjajno kao moderan pribor za funkcionalnu svrhu i mnoge prikladne funkcionalnosti koje svakodnevno olak\u0161avaju \u017eivot.<\/p>\n<p><strong>Glavne zna\u010dajke sata:<\/strong><\/p>\n<ul>\n<li>Prikaz vremena<\/li>\n<li>Fotoaparat za snimanje<\/li>\n<li>Brojanje koraka<\/li>\n<li>Mjerenje kvalitete spavanja<\/li>\n<li>Prikaz vremena<\/li>\n<li>Sat je otporan na znoj i kapljice<\/li>\n<li>Alert SMS, Facebook obavijesti, Twitter, chat &#8230; (samo android)<\/li>\n<li>Sat se mo\u017ee povezati s va\u0161im telefonom putem Bluetooth veze<\/li>\n<li>SIM kartica (mikro SD) mo\u017ee se umetnuti i koristiti kao zasebni telefon<\/li>\n<li>Jamstvo: 2 godine<\/li>\n<\/ul>\n<p><img loading=\"lazy\" decoding=\"async\" class=\"alignnone size-full wp-image-58116\" src=\"http:\/\/megapanda.hr\/wp-content\/uploads\/2018\/04\/ura-bela.jpg\" alt=\"ura bela\" width=\"350\" height=\"350\" \/><\/p>\n<p><strong>Glavne zna\u010dajke zvu\u010dnika:<\/strong><\/p>\n<ul>\n<li>Bluetooth ina\u010dica: 3.0 + EDR<\/li>\n<li>Vrijeme punjenja: 3 sata<\/li>\n<li>Vrijeme slu\u0161anja glazbe: 6 sati<\/li>\n<li>Materijal: silikonska plastika<\/li>\n<li>Veli\u010dina 80 x 50 mm<\/li>\n<li>Povezuje se sa svim pametnim telefonima i drugim ure\u0111ajima<\/li>\n<\/ul>\n<p><img loading=\"lazy\" decoding=\"async\" class=\"alignnone wp-image-58117\" src=\"http:\/\/megapanda.hr\/wp-content\/uploads\/2018\/04\/k2-_962dce0f-3a24-41ca-92e8-02716ad412cf.v3_large.jpg\" alt=\"k2-_962dce0f-3a24-41ca-92e8-02716ad412cf.v3_large\" width=\"352\" height=\"352\" \/><\/p>\n<p><strong>PAKET uklju\u010duje:<\/strong><\/p>\n<ul>\n<li>1x PAMETAN SAT PREMIUM ELEGANT &#8211; u bijeloj boji<\/li>\n<li>1x VODOOTPORNI ZVU\u010cNIK &#8211; u bijeloj boji<\/li>\n<\/ul>\n<h2>Mo\u017eete naru\u010diti na stranici ili po\u0161aljite poruku sa va\u0161ima podacima. Pla\u0107anje pouze\u0107em 0915329511. Dostava-Po\u0161ta Hrvatska<\/h2>\n<p>&nbsp;<\/p>\n","protected":false},"excerpt":{"rendered":"<p>SUPER &#8211; bijeli paket &nbsp; Opis: Paket sadr\u017ei zvu\u010dnik i sat, koji su tako\u0111er lijep dar! Visokokvalitetni vodootporni zvu\u010dnik pogodan je za svaki tu\u0161 i mo\u017ee se koristiti u automobilu bez ruku. Ima glasan zvu\u010dnik i sna\u017ean bas. Idealno za svakoga tko se dugo \u017eeli opustiti u tu\u0161u. Sat je izra\u0111en od mekog silikona, plastike, &#8230; <a title=\"SUPER &#8211; bijeli paket\" class=\"read-more\" href=\"https:\/\/ql-shop.eu\/hr\/izdelek\/super-bijeli-paket\/\" aria-label=\"Read more about SUPER &#8211; bijeli paket\">Pro\u010ditaj vi\u0161e<\/a><\/p>\n","protected":false},"featured_media":34127,"template":"","meta":[],"product_brand":[],"product_cat":[653,444,364,365],"product_tag":[],"class_list":{"0":"post-34081","1":"product","2":"type-product","3":"status-publish","4":"has-post-thumbnail","6":"product_cat-manje-je-vise","7":"product_cat-praznimo-skladiste","8":"product_cat-top-proizvodi","9":"product_cat-zabavna-elektronika","10":"","11":"woocommerce-text-align-center","12":"woocommerce-image-align-center","13":"do-quantity-buttons","14":"wc-has-gallery","16":"first","17":"instock","18":"taxable","19":"shipping-taxable","20":"purchasable","21":"product-type-simple"},"_links":{"self":[{"href":"https:\/\/ql-shop.eu\/hr\/wp-json\/wp\/v2\/product\/34081","targetHints":{"allow":["GET"]}}],"collection":[{"href":"https:\/\/ql-shop.eu\/hr\/wp-json\/wp\/v2\/product"}],"about":[{"href":"https:\/\/ql-shop.eu\/hr\/wp-json\/wp\/v2\/types\/product"}],"wp:featuredmedia":[{"embeddable":true,"href":"https:\/\/ql-shop.eu\/hr\/wp-json\/wp\/v2\/media\/34127"}],"wp:attachment":[{"href":"https:\/\/ql-shop.eu\/hr\/wp-json\/wp\/v2\/media?parent=34081"}],"wp:term":[{"taxonomy":"product_brand","embeddable":true,"href":"https:\/\/ql-shop.eu\/hr\/wp-json\/wp\/v2\/product_brand?post=34081"},{"taxonomy":"product_cat","embeddable":true,"href":"https:\/\/ql-shop.eu\/hr\/wp-json\/wp\/v2\/product_cat?post=34081"},{"taxonomy":"product_tag","embeddable":true,"href":"https:\/\/ql-shop.eu\/hr\/wp-json\/wp\/v2\/product_tag?post=34081"}],"curies":[{"name":"wp","href":"https:\/\/api.w.org\/{rel}","templated":true}]}}