{"id":33974,"date":"2024-04-24T15:03:20","date_gmt":"2024-04-24T13:03:20","guid":{"rendered":"https:\/\/ql-shop.eu\/hr\/?post_type=product&#038;p=33974"},"modified":"2024-04-24T15:03:31","modified_gmt":"2024-04-24T13:03:31","slug":"square-bezicna-stanica-za-punjenje","status":"publish","type":"product","link":"https:\/\/ql-shop.eu\/hr\/izdelek\/square-bezicna-stanica-za-punjenje\/","title":{"rendered":"SQUARE be\u017ei\u010dna stanica za punjenje"},"content":{"rendered":"<p>Dosta vam je kablova koji se zapetljaju, prekratki su..? Imamo rije\u0161enje \u2013 bez kablova i bez problema.<\/p>\n<p>Polo\u017eite va\u0161 pametni telefon na be\u017ei\u010dnu stanicu i automatski \u0107e se po\u010deti puniti bez dosdnih kablova \u2013 brzo i u\u010dinkovito!<\/p>\n<ul>\n<li>BE\u017dI\u010cNO PUNJENJE: Punjenje po\u010dne istog trenutka kada odlo\u017eite pametni telefon na stanicu za punjenje. Bez nepotrebnih kablova i USB priklju\u010daka.<\/li>\n<li>SUPER TANKA STANICA ZA PUNJENJE: Zauzima jako malo prostora<\/li>\n<li>POBOLJ\u0160ANA TEHNOLOGIJA: Novija, update-ovana verzija QI be\u017ei\u010dne stanice za punjenje \u0107e zagrijati va\u0161 telefon za 50% manje od obi\u010dnih stanica za punjenje a pored toga bi\u0107e moderan dodatak na va\u0161em pisa\u0107em stolu.<\/li>\n<li>PLAVO LED SVJETLO: Indikatorska plava LED lampica pobrinu\u0107e se da to\u010dno znate kada je va\u0161 telefon napunjen.<\/li>\n<\/ul>\n<p><strong>Primjerno za telefone:<\/strong><\/p>\n<ul>\n<li>Apple iPhone:<strong>\u00a08, 8 Plus, X<\/strong><\/li>\n<li>Samsung Galaxy:<strong>\u00a0S9, S9+, Note 8, S8, S8+, S7, S7 Edge, Note 5, S6, S6\u00a0Edge<\/strong><\/li>\n<li>LG:\u00a0<strong>V30, G6 (US version only), G4 (optional), G3 (optional)<\/strong><\/li>\n<li>Microsoft Lumia:\u00a0<strong>1520, 1020, 930, 929, 928, 920<\/strong><\/li>\n<li>Google Nexus:<strong>\u00a04, 5, 6, 7 (2013)<\/strong><\/li>\n<li>BlackBerry<\/li>\n<\/ul>\n<p><strong>Zna\u010dajke:<\/strong><\/p>\n<ul>\n<li>Ultra tanka be\u017ei\u010dna stanica za punjenje sa jo\u0161 br\u017eim punjenjem<\/li>\n<li>Odli\u010dan dodatak za pisa\u0107i sto<\/li>\n<li>Plava LED lampica<\/li>\n<li>Ulazna ja\u010dina: 4,6 \u2013 5,5V<\/li>\n<\/ul>\n<h2 dir=\"ltr\">Mo\u017eete naru\u010diti na stranici ili po\u0161aljite poruku sa va\u0161ima podacima. Pla\u0107anje pouze\u0107em 0915329511. Dostava-Po\u0161ta Hrvatska<\/h2>\n","protected":false},"excerpt":{"rendered":"<p>Dosta vam je kablova koji se zapetljaju, prekratki su..? Imamo rije\u0161enje \u2013 bez kablova i bez problema. Polo\u017eite va\u0161 pametni telefon na be\u017ei\u010dnu stanicu i automatski \u0107e se po\u010deti puniti bez dosdnih kablova \u2013 brzo i u\u010dinkovito! BE\u017dI\u010cNO PUNJENJE: Punjenje po\u010dne istog trenutka kada odlo\u017eite pametni telefon na stanicu za punjenje. Bez nepotrebnih kablova i &#8230; <a title=\"SQUARE be\u017ei\u010dna stanica za punjenje\" class=\"read-more\" href=\"https:\/\/ql-shop.eu\/hr\/izdelek\/square-bezicna-stanica-za-punjenje\/\" aria-label=\"Read more about SQUARE be\u017ei\u010dna stanica za punjenje\">Pro\u010ditaj vi\u0161e<\/a><\/p>\n","protected":false},"featured_media":34011,"template":"","meta":[],"product_brand":[],"product_cat":[444,364,365],"product_tag":[],"class_list":{"0":"post-33974","1":"product","2":"type-product","3":"status-publish","4":"has-post-thumbnail","6":"product_cat-praznimo-skladiste","7":"product_cat-top-proizvodi","8":"product_cat-zabavna-elektronika","9":"","10":"woocommerce-text-align-center","11":"woocommerce-image-align-center","12":"do-quantity-buttons","13":"wc-has-gallery","15":"first","16":"instock","17":"sale","18":"taxable","19":"shipping-taxable","20":"purchasable","21":"product-type-variable"},"_links":{"self":[{"href":"https:\/\/ql-shop.eu\/hr\/wp-json\/wp\/v2\/product\/33974","targetHints":{"allow":["GET"]}}],"collection":[{"href":"https:\/\/ql-shop.eu\/hr\/wp-json\/wp\/v2\/product"}],"about":[{"href":"https:\/\/ql-shop.eu\/hr\/wp-json\/wp\/v2\/types\/product"}],"wp:featuredmedia":[{"embeddable":true,"href":"https:\/\/ql-shop.eu\/hr\/wp-json\/wp\/v2\/media\/34011"}],"wp:attachment":[{"href":"https:\/\/ql-shop.eu\/hr\/wp-json\/wp\/v2\/media?parent=33974"}],"wp:term":[{"taxonomy":"product_brand","embeddable":true,"href":"https:\/\/ql-shop.eu\/hr\/wp-json\/wp\/v2\/product_brand?post=33974"},{"taxonomy":"product_cat","embeddable":true,"href":"https:\/\/ql-shop.eu\/hr\/wp-json\/wp\/v2\/product_cat?post=33974"},{"taxonomy":"product_tag","embeddable":true,"href":"https:\/\/ql-shop.eu\/hr\/wp-json\/wp\/v2\/product_tag?post=33974"}],"curies":[{"name":"wp","href":"https:\/\/api.w.org\/{rel}","templated":true}]}}