{"id":33967,"date":"2024-04-24T15:03:19","date_gmt":"2024-04-24T13:03:19","guid":{"rendered":"https:\/\/ql-shop.eu\/hr\/?post_type=product&#038;p=33967"},"modified":"2024-04-24T15:03:23","modified_gmt":"2024-04-24T13:03:23","slug":"aparat-za-brijanje","status":"publish","type":"product","link":"https:\/\/ql-shop.eu\/hr\/izdelek\/aparat-za-brijanje\/","title":{"rendered":"Aparat za brijanje"},"content":{"rendered":"<h1 style=\"text-align: center;\"><span style=\"color: #000080;\">Aparat za brijanje<\/span><\/h1>\n<h3>Noviji, bolji i prikladniji remover aparat za brijanje\u00a0za svakoga tko se \u017eeli rije\u0161iti dlaka bilo gdje i u bilo kojem trenutku na jednostavan na\u010din. Ure\u0111aj koji u potpunosti\u00a0stane u va\u0161u ruku je odli\u010dan za putovanja, jer je dizajniran\u00a0u\u00a0izvanrednu prakti\u010dnost brijanja. Dva priklju\u010dka s o\u0161trim i visokokvalitetnim o\u0161tricama olak\u0161avaju\u0107e pristup na svim mjestima.\u00a0<a href=\"https:\/\/megapanda.si\/wp-content\/uploads\/2018\/04\/blue-sv006401.jpg\"><img loading=\"lazy\" decoding=\"async\" class=\" wp-image-69911\" src=\"https:\/\/megapanda.si\/wp-content\/uploads\/2018\/04\/blue-sv006401.jpg\" alt=\"blue-sv006401\" width=\"462\" height=\"462\" \/><\/a><a href=\"https:\/\/megapanda.si\/wp-content\/uploads\/2018\/04\/blue-sv006.gif\"><img loading=\"lazy\" decoding=\"async\" class=\" wp-image-69909\" src=\"https:\/\/megapanda.si\/wp-content\/uploads\/2018\/04\/blue-sv006.gif\" alt=\"blue-sv006\" width=\"547\" height=\"416\" \/><\/a><\/h3>\n<p><span style=\"text-decoration: underline;\"><strong>OPIS<\/strong>:<\/span><\/p>\n<p>Sada se mo\u017eete rije\u0161iti\u00a0dla\u010dica\u00a0gdje god \u017eelite s ovim aparatom za brijanje. Iznimno prakti\u010dan, i tijekom brijanja ne\u0107ete trebati nikakve druge pripreme, kao na primjer, kreme za brijanje i voskovi, a uklonjene dlake ostat \u0107e zarobljene unutar aparata. Aparat za brijanje sadr\u017ei dva razli\u010dita priloga s o\u0161trim i visokokvalitetnim lopaticama kako bi vam olak\u0161ao pristup na razli\u010ditim mjestima na kojima \u0107ete se htjeti rije\u0161iti dosadnih dla\u010dica. O\u0161tre o\u0161trice omogu\u0107it \u0107e \u010disti rez i sprije\u010de nakupljanje dlaka, stvaranje crvenih zraka i upala. Ure\u0111aj je dermatolo\u0161ki\u00a0testiran i pogodan za sve tipove ko\u017ee.<\/p>\n<p>Ostavlja svilenkastu i meku ko\u017eu, a i dla\u010dice se mo\u017ee razrijediti nakon ponovljene uporabe. Ure\u0111aj je prikladan za uklanjanje dla\u010dica na stopalima, licu, bikinijskom podru\u010dju, trbuhu i ispod pazuha (tako\u0111er pod vodom). .<\/p>\n<h3>\u00a0<span style=\"text-decoration: underline;\"><span style=\"color: #d83131;\"><strong>ZNA\u010cAJKE:<a href=\"https:\/\/megapanda.si\/wp-content\/uploads\/2018\/04\/brivnik7.jpg\"><img loading=\"lazy\" decoding=\"async\" class=\"wp-image-68489 alignleft\" src=\"https:\/\/megapanda.si\/wp-content\/uploads\/2018\/04\/brivnik7.jpg\" alt=\"brivnik7\" width=\"588\" height=\"589\" \/><\/a><\/strong><\/span><\/span><\/h3>\n<ul>\n<li>Veli\u010dina: 14,5 cm<\/li>\n<li>2 rezne o\u0161trice za razli\u010dite vrste dla\u010dica<\/li>\n<li>O\u0161tre i visoko kvalitetne o\u0161trice<\/li>\n<li>Skladi\u0161te za\u00a0dla\u010dice<\/li>\n<li>Materijal: plastika, \u010delik<\/li>\n<li>Boja: bijelo-crvena<\/li>\n<li>Dugi vijek trajanja baterije AAA 1.5V<\/li>\n<li>Lagana i prijenosna<\/li>\n<li>Automatski detektira kontakt ko\u017ee<\/li>\n<li>Sigurno za upotrebu<\/li>\n<li>Dermatolo\u0161ki\u00a0testiran<\/li>\n<\/ul>\n<p><strong>Paket uklju\u010duje:<\/strong><\/p>\n<p>1 x Epilator za uklanjanje dla\u010dica<\/p>\n<p>2 x pri\u010dvr\u0161\u0107ivanje no\u017ea<\/p>\n<p>1 x \u010cetka za \u010di\u0161\u0107enje \u010detke<\/p>\n<p style=\"text-align: left;\"><a href=\"https:\/\/megapanda.si\/wp-content\/uploads\/2018\/04\/bl.gif\"><img loading=\"lazy\" decoding=\"async\" class=\" wp-image-69907\" src=\"https:\/\/megapanda.si\/wp-content\/uploads\/2018\/04\/bl.gif\" alt=\"bl\" width=\"408\" height=\"408\" \/><\/a>\u00a0<a href=\"https:\/\/megapanda.si\/wp-content\/uploads\/2018\/04\/blue-.jpg\"><img loading=\"lazy\" decoding=\"async\" class=\" wp-image-69908\" src=\"https:\/\/megapanda.si\/wp-content\/uploads\/2018\/04\/blue-.jpg\" alt=\"blue-\" width=\"421\" height=\"421\" \/><\/a><\/p>\n<p>&nbsp;<\/p>\n<h2 dir=\"ltr\">Mo\u017eete naru\u010diti na stranici ili po\u0161aljite poruku sa va\u0161ima podacima. Pla\u0107anje pouze\u0107em 0915329511. Dostava-Po\u0161ta Hrvatska<\/h2>\n","protected":false},"excerpt":{"rendered":"<p>Aparat za brijanje Noviji, bolji i prikladniji remover aparat za brijanje\u00a0za svakoga tko se \u017eeli rije\u0161iti dlaka bilo gdje i u bilo kojem trenutku na jednostavan na\u010din. Ure\u0111aj koji u potpunosti\u00a0stane u va\u0161u ruku je odli\u010dan za putovanja, jer je dizajniran\u00a0u\u00a0izvanrednu prakti\u010dnost brijanja. Dva priklju\u010dka s o\u0161trim i visokokvalitetnim o\u0161tricama olak\u0161avaju\u0107e pristup na svim mjestima.\u00a0 &#8230; <a title=\"Aparat za brijanje\" class=\"read-more\" href=\"https:\/\/ql-shop.eu\/hr\/izdelek\/aparat-za-brijanje\/\" aria-label=\"Read more about Aparat za brijanje\">Pro\u010ditaj vi\u0161e<\/a><\/p>\n","protected":false},"featured_media":33995,"template":"","meta":[],"product_brand":[],"product_cat":[444,368,364],"product_tag":[],"class_list":{"0":"post-33967","1":"product","2":"type-product","3":"status-publish","4":"has-post-thumbnail","6":"product_cat-praznimo-skladiste","7":"product_cat-proizvodi-za-nju","8":"product_cat-top-proizvodi","9":"","10":"woocommerce-text-align-center","11":"woocommerce-image-align-center","12":"do-quantity-buttons","13":"wc-has-gallery","15":"first","16":"instock","17":"sale","18":"taxable","19":"shipping-taxable","20":"purchasable","21":"product-type-simple"},"_links":{"self":[{"href":"https:\/\/ql-shop.eu\/hr\/wp-json\/wp\/v2\/product\/33967","targetHints":{"allow":["GET"]}}],"collection":[{"href":"https:\/\/ql-shop.eu\/hr\/wp-json\/wp\/v2\/product"}],"about":[{"href":"https:\/\/ql-shop.eu\/hr\/wp-json\/wp\/v2\/types\/product"}],"wp:featuredmedia":[{"embeddable":true,"href":"https:\/\/ql-shop.eu\/hr\/wp-json\/wp\/v2\/media\/33995"}],"wp:attachment":[{"href":"https:\/\/ql-shop.eu\/hr\/wp-json\/wp\/v2\/media?parent=33967"}],"wp:term":[{"taxonomy":"product_brand","embeddable":true,"href":"https:\/\/ql-shop.eu\/hr\/wp-json\/wp\/v2\/product_brand?post=33967"},{"taxonomy":"product_cat","embeddable":true,"href":"https:\/\/ql-shop.eu\/hr\/wp-json\/wp\/v2\/product_cat?post=33967"},{"taxonomy":"product_tag","embeddable":true,"href":"https:\/\/ql-shop.eu\/hr\/wp-json\/wp\/v2\/product_tag?post=33967"}],"curies":[{"name":"wp","href":"https:\/\/api.w.org\/{rel}","templated":true}]}}