{"id":33966,"date":"2024-04-24T15:03:19","date_gmt":"2024-04-24T13:03:19","guid":{"rendered":"https:\/\/ql-shop.eu\/hr\/?post_type=product&#038;p=33966"},"modified":"2024-04-24T15:03:22","modified_gmt":"2024-04-24T13:03:22","slug":"multifunkcijsko-kutno-ravnalo-pro","status":"publish","type":"product","link":"https:\/\/ql-shop.eu\/hr\/izdelek\/multifunkcijsko-kutno-ravnalo-pro\/","title":{"rendered":"Multifunkcijsko kutno ravnalo &#8211; PRO"},"content":{"rendered":"<h3><strong>Mo\u017eete naru\u010dit na stranici ili \u0161aljite poruku sa va\u0161u adresu. Pla\u010danje Pouze\u0107em\u00a00915329511. Dostava-Po\u0161ta Hrvatska<\/strong><\/h3>\n<p><a href=\"https:\/\/megapanda.si\/wp-content\/uploads\/2018\/04\/ravnilo9.jpg\"><img loading=\"lazy\" decoding=\"async\" class=\"size-full wp-image-68482 alignleft\" src=\"https:\/\/megapanda.si\/wp-content\/uploads\/2018\/04\/ravnilo9.jpg\" alt=\"ravnilo9\" width=\"450\" height=\"423\" \/><\/a><a href=\"https:\/\/megapanda.si\/wp-content\/uploads\/2018\/04\/ravnilo7.jpg\"><img loading=\"lazy\" decoding=\"async\" class=\"size-full wp-image-68481 alignleft\" src=\"https:\/\/megapanda.si\/wp-content\/uploads\/2018\/04\/ravnilo7.jpg\" alt=\"ravnilo7\" width=\"400\" height=\"383\" \/><\/a><a href=\"https:\/\/megapanda.si\/wp-content\/uploads\/2018\/04\/ravnilo6.jpg\"><img loading=\"lazy\" decoding=\"async\" class=\"size-full wp-image-68480 alignleft\" src=\"https:\/\/megapanda.si\/wp-content\/uploads\/2018\/04\/ravnilo6.jpg\" alt=\"ravnilo6\" width=\"400\" height=\"400\" \/><\/a><\/p>\n<p><a href=\"https:\/\/megapanda.si\/wp-content\/uploads\/2018\/04\/ravnilo4.jpg\"><img loading=\"lazy\" decoding=\"async\" class=\"size-full wp-image-68478 alignleft\" src=\"https:\/\/megapanda.si\/wp-content\/uploads\/2018\/04\/ravnilo4.jpg\" alt=\"ravnilo4\" width=\"400\" height=\"400\" \/><\/a><a href=\"https:\/\/megapanda.si\/wp-content\/uploads\/2018\/04\/ravnilo3.jpg\"><img loading=\"lazy\" decoding=\"async\" class=\"size-full wp-image-68477 alignleft\" src=\"https:\/\/megapanda.si\/wp-content\/uploads\/2018\/04\/ravnilo3.jpg\" alt=\"ravnilo3\" width=\"400\" height=\"400\" \/><\/a><\/p>\n","protected":false},"excerpt":{"rendered":"<p>Mo\u017eete naru\u010dit na stranici ili \u0161aljite poruku sa va\u0161u adresu. Pla\u010danje Pouze\u0107em\u00a00915329511. Dostava-Po\u0161ta Hrvatska<\/p>\n","protected":false},"featured_media":33994,"template":"","meta":[],"product_brand":[],"product_cat":[419,364],"product_tag":[],"class_list":{"0":"post-33966","1":"product","2":"type-product","3":"status-publish","4":"has-post-thumbnail","6":"product_cat-sam-svoj-majstor","7":"product_cat-top-proizvodi","8":"","9":"woocommerce-text-align-center","10":"woocommerce-image-align-center","11":"do-quantity-buttons","13":"first","14":"instock","15":"sale","16":"featured","17":"taxable","18":"shipping-taxable","19":"purchasable","20":"product-type-simple"},"_links":{"self":[{"href":"https:\/\/ql-shop.eu\/hr\/wp-json\/wp\/v2\/product\/33966","targetHints":{"allow":["GET"]}}],"collection":[{"href":"https:\/\/ql-shop.eu\/hr\/wp-json\/wp\/v2\/product"}],"about":[{"href":"https:\/\/ql-shop.eu\/hr\/wp-json\/wp\/v2\/types\/product"}],"wp:featuredmedia":[{"embeddable":true,"href":"https:\/\/ql-shop.eu\/hr\/wp-json\/wp\/v2\/media\/33994"}],"wp:attachment":[{"href":"https:\/\/ql-shop.eu\/hr\/wp-json\/wp\/v2\/media?parent=33966"}],"wp:term":[{"taxonomy":"product_brand","embeddable":true,"href":"https:\/\/ql-shop.eu\/hr\/wp-json\/wp\/v2\/product_brand?post=33966"},{"taxonomy":"product_cat","embeddable":true,"href":"https:\/\/ql-shop.eu\/hr\/wp-json\/wp\/v2\/product_cat?post=33966"},{"taxonomy":"product_tag","embeddable":true,"href":"https:\/\/ql-shop.eu\/hr\/wp-json\/wp\/v2\/product_tag?post=33966"}],"curies":[{"name":"wp","href":"https:\/\/api.w.org\/{rel}","templated":true}]}}