{"id":33963,"date":"2024-04-24T15:03:19","date_gmt":"2024-04-24T13:03:19","guid":{"rendered":"https:\/\/ql-shop.eu\/hr\/?post_type=product&#038;p=33963"},"modified":"2024-04-24T15:03:31","modified_gmt":"2024-04-24T13:03:31","slug":"pametni-sat-y1","status":"publish","type":"product","link":"https:\/\/ql-shop.eu\/hr\/izdelek\/pametni-sat-y1\/","title":{"rendered":"Pametni sat Y1"},"content":{"rendered":"<p><strong>Glavne zna\u010dajke<\/strong><\/p>\n<ul>\n<li>Prikaz vremena<\/li>\n<li>Upozorenje poziva, alarm, SMS i ostala upozorenja uz laganu vibraciju ili zvuk<\/li>\n<li>Web preglednik<\/li>\n<li>Brojanje koraka<\/li>\n<li>NFC funkcija: Bluetooth veza, razmjena telefonskog broja, pla\u0107anje, identifikaciju &#8230;<\/li>\n<li>\u0160toperica<\/li>\n<li>Alarm protiv gubitka telefona. Ako se telefon i sat kre\u0107u dulje od 15m, zvu\u010di alarm. Mogu\u0107e je uklju\u010diti ili isklju\u010diti funkciju<\/li>\n<li>Mjerenje kvalitete spavanja<\/li>\n<li>Alert SMS, Facebook obavijesti, Twitter, chat &#8230; (samo android)<\/li>\n<li>Upozorenja o doga\u0111ajima (tablete, voda, sastanak &#8230;)Jezik izbornika: engleski, francuski, \u0161panjolski, poljski, talijanski, nizozemski, ruski, turski<\/li>\n<li>Sat je otporan na znoj i kapljice.<\/li>\n<li>Sportski &#8211; elegantan<\/li>\n<li>Sat se mo\u017ee povezati s va\u0161im telefonom putem Bluetooth veze<\/li>\n<li>Jamstvo: 2 godine<\/li>\n<li>Materijal je mekani silikon i plastika<\/li>\n<li>Boja: crna, bijela<\/li>\n<\/ul>\n<p><img loading=\"lazy\" decoding=\"async\" class=\"alignnone wp-image-59426\" src=\"http:\/\/megapanda.hr\/wp-content\/uploads\/2018\/04\/rBVaI1jcb3yAaZ1VAANKzyIXg7o702.gif\" alt=\"rBVaI1jcb3yAaZ1VAANKzyIXg7o702\" width=\"497\" height=\"690\" \/><\/p>\n<ul>\n<li>Razlu\u010divost: 240 x 240 piksela<\/li>\n<li>Stamina: 48 sati<\/li>\n<li>Dimenzije: 51,6 * 44,5 * 8,8<\/li>\n<li>Smartphone za Android i iPhone<\/li>\n<li>Ookrugli LCD zaslon od 1,3 in\u010da<\/li>\n<li>Ima izvrstan zaslon, osjetljiv na dodir koji \u010dini zaslon \u010distim. tako da ne sjaji<\/li>\n<\/ul>\n<p><em>Android IOSPodr\u017eava SIM karticu (GSM: 850\/900\/1800\/1900) i prote\u017ee SD karticu od 32 GB, a ne samo pametni sat, ve\u0107 preglednik, web preglednik i zna\u010dajke chatinga.<\/em><\/p>\n<p><em>IPhone podr\u017eava samo djelomi\u010dne funkcije kao \u0161to su pedometar, kalendar, sinkronizacija poziva, kalkulator, sat, \u0161toperica, glazbeni player, itd.<\/em><\/p>\n<p><strong>Paket uklju\u010duje:<\/strong><\/p>\n<ul>\n<li>1x Smart sat Y11x USB kabel za punjenje<\/li>\n<li>Pametni sat Y1 dolazi u lijepem ambala\u017eu<\/li>\n<\/ul>\n<p><img loading=\"lazy\" decoding=\"async\" class=\"alignnone wp-image-59427\" src=\"http:\/\/megapanda.hr\/wp-content\/uploads\/2018\/04\/rBVaI1jcc3iATnKSAAD86lRsv5E8.gif\" alt=\"rBVaI1jcc3iATnKSAAD86lRsv5E8\" width=\"385\" height=\"344\" \/><br \/>\n<img loading=\"lazy\" decoding=\"async\" class=\"alignnone wp-image-59428\" src=\"http:\/\/megapanda.hr\/wp-content\/uploads\/2018\/04\/rBVaI1jcc42AWYb8AAEcD4TwVvA.gif\" alt=\"rBVaI1jcc42AWYb8AAEcD4TwVvA\" width=\"366\" height=\"357\" \/><\/p>\n<p style=\"clear: both; text-align: center; color: #3366ff; font-weight: bold;\">Mo\u017eete naru\u010diti na stranici ili po\u0161aljite poruku sa va\u0161om adresom i odabranim proizvodom.<br \/>\nPla\u0107anje pouze\u0107em (Hrvatska po\u0161ta)! Broj MegaPanda telefona: <a href=\"tel:0915329511\">091 532 9511<\/a>.<\/p>\n","protected":false},"excerpt":{"rendered":"<p>Glavne zna\u010dajke Prikaz vremena Upozorenje poziva, alarm, SMS i ostala upozorenja uz laganu vibraciju ili zvuk Web preglednik Brojanje koraka NFC funkcija: Bluetooth veza, razmjena telefonskog broja, pla\u0107anje, identifikaciju &#8230; \u0160toperica Alarm protiv gubitka telefona. Ako se telefon i sat kre\u0107u dulje od 15m, zvu\u010di alarm. Mogu\u0107e je uklju\u010diti ili isklju\u010diti funkciju Mjerenje kvalitete spavanja &#8230; <a title=\"Pametni sat Y1\" class=\"read-more\" href=\"https:\/\/ql-shop.eu\/hr\/izdelek\/pametni-sat-y1\/\" aria-label=\"Read more about Pametni sat Y1\">Pro\u010ditaj vi\u0161e<\/a><\/p>\n","protected":false},"featured_media":33991,"template":"","meta":[],"product_brand":[],"product_cat":[373,364],"product_tag":[],"class_list":{"0":"post-33963","1":"product","2":"type-product","3":"status-publish","4":"has-post-thumbnail","6":"product_cat-pametni-satovi","7":"product_cat-top-proizvodi","8":"","9":"woocommerce-text-align-center","10":"woocommerce-image-align-center","11":"do-quantity-buttons","13":"first","14":"instock","15":"sale","16":"taxable","17":"shipping-taxable","18":"purchasable","19":"product-type-variable"},"_links":{"self":[{"href":"https:\/\/ql-shop.eu\/hr\/wp-json\/wp\/v2\/product\/33963","targetHints":{"allow":["GET"]}}],"collection":[{"href":"https:\/\/ql-shop.eu\/hr\/wp-json\/wp\/v2\/product"}],"about":[{"href":"https:\/\/ql-shop.eu\/hr\/wp-json\/wp\/v2\/types\/product"}],"wp:featuredmedia":[{"embeddable":true,"href":"https:\/\/ql-shop.eu\/hr\/wp-json\/wp\/v2\/media\/33991"}],"wp:attachment":[{"href":"https:\/\/ql-shop.eu\/hr\/wp-json\/wp\/v2\/media?parent=33963"}],"wp:term":[{"taxonomy":"product_brand","embeddable":true,"href":"https:\/\/ql-shop.eu\/hr\/wp-json\/wp\/v2\/product_brand?post=33963"},{"taxonomy":"product_cat","embeddable":true,"href":"https:\/\/ql-shop.eu\/hr\/wp-json\/wp\/v2\/product_cat?post=33963"},{"taxonomy":"product_tag","embeddable":true,"href":"https:\/\/ql-shop.eu\/hr\/wp-json\/wp\/v2\/product_tag?post=33963"}],"curies":[{"name":"wp","href":"https:\/\/api.w.org\/{rel}","templated":true}]}}