{"id":33906,"date":"2024-04-24T15:03:09","date_gmt":"2024-04-24T13:03:09","guid":{"rendered":"https:\/\/ql-shop.eu\/hr\/?post_type=product&#038;p=33906"},"modified":"2024-04-24T15:03:18","modified_gmt":"2024-04-24T13:03:18","slug":"univerzalna-torbica-za-telefon","status":"publish","type":"product","link":"https:\/\/ql-shop.eu\/hr\/izdelek\/univerzalna-torbica-za-telefon\/","title":{"rendered":"Univerzalna torbica za telefon"},"content":{"rendered":"<p id=\"tw-target-text\" class=\"tw-data-text tw-ta tw-text-small\" dir=\"ltr\" data-placeholder=\"Translation\"><span lang=\"hr\"><strong>Zna\u010dajke<\/strong>: <\/span><\/p>\n<ul>\n<li class=\"tw-data-text tw-ta tw-text-small\" dir=\"ltr\" data-placeholder=\"Translation\"><span lang=\"hr\">Za\u0161titite svoj telefon kvalitetom <\/span><\/li>\n<li class=\"tw-data-text tw-ta tw-text-small\" dir=\"ltr\" data-placeholder=\"Translation\"><span lang=\"hr\">Elegantan izgled<\/span><\/li>\n<li class=\"tw-data-text tw-ta tw-text-small\" dir=\"ltr\" data-placeholder=\"Translation\"><span lang=\"hr\">Izuzetno laka <\/span><\/li>\n<li class=\"tw-data-text tw-ta tw-text-small\" dir=\"ltr\" data-placeholder=\"Translation\"><span lang=\"hr\">Otporan na \u010destice pra\u0161ine <\/span><\/li>\n<li class=\"tw-data-text tw-ta tw-text-small\" dir=\"ltr\" data-placeholder=\"Translation\"><span lang=\"hr\">Jednostavno mo\u017eete pri\u010dvrstiti torbu na pojas <\/span><\/li>\n<li class=\"tw-data-text tw-ta tw-text-small\" dir=\"ltr\" data-placeholder=\"Translation\"><span lang=\"hr\">Omogu\u0107uje rotaciju od 360 \u00b0 <\/span><\/li>\n<li class=\"tw-data-text tw-ta tw-text-small\" dir=\"ltr\" data-placeholder=\"Translation\"><span lang=\"hr\">Dodatni elasti\u010dan koji dr\u017ei olovku <\/span><\/li>\n<li class=\"tw-data-text tw-ta tw-text-small\" dir=\"ltr\" data-placeholder=\"Translation\"><span lang=\"hr\">Zgodan i stabilan <\/span><\/li>\n<li class=\"tw-data-text tw-ta tw-text-small\" dir=\"ltr\" data-placeholder=\"Translation\"><span lang=\"hr\">Materijal: najlon<\/span><\/li>\n<\/ul>\n<p><span style=\"color: #000000;\"><strong>Veli\u010dina:<\/strong><\/span><\/p>\n<p>Torbica\u00a0za male telefone: 15 cm (du\u017eina) x 9,5 cm (\u0161irina) x 3 cm (debljina)<\/p>\n<p>Torbica za ve\u0107e telefone: 17 cm (du\u017eina) x 9 cm (\u0161irina) x 3 cm (debljina)<\/p>\n<p><strong><span style=\"color: #000000;\">V paketu dobite:<\/span><\/strong><\/p>\n<ul>\n<li><span style=\"color: #000000;\">1 x Univerzalna torbica za telefon<\/span><\/li>\n<\/ul>\n","protected":false},"excerpt":{"rendered":"<p>Zna\u010dajke: Za\u0161titite svoj telefon kvalitetom Elegantan izgled Izuzetno laka Otporan na \u010destice pra\u0161ine Jednostavno mo\u017eete pri\u010dvrstiti torbu na pojas Omogu\u0107uje rotaciju od 360 \u00b0 Dodatni elasti\u010dan koji dr\u017ei olovku Zgodan i stabilan Materijal: najlon Veli\u010dina: Torbica\u00a0za male telefone: 15 cm (du\u017eina) x 9,5 cm (\u0161irina) x 3 cm (debljina) Torbica za ve\u0107e telefone: 17 cm &#8230; <a title=\"Univerzalna torbica za telefon\" class=\"read-more\" href=\"https:\/\/ql-shop.eu\/hr\/izdelek\/univerzalna-torbica-za-telefon\/\" aria-label=\"Read more about Univerzalna torbica za telefon\">Pro\u010ditaj vi\u0161e<\/a><\/p>\n","protected":false},"featured_media":33934,"template":"","meta":[],"product_brand":[],"product_cat":[653,361,364],"product_tag":[],"class_list":{"0":"post-33906","1":"product","2":"type-product","3":"status-publish","4":"has-post-thumbnail","6":"product_cat-manje-je-vise","7":"product_cat-mobilna-telefonija","8":"product_cat-top-proizvodi","9":"","10":"woocommerce-text-align-center","11":"woocommerce-image-align-center","12":"do-quantity-buttons","14":"first","15":"instock","16":"taxable","17":"shipping-taxable","18":"purchasable","19":"product-type-variable"},"_links":{"self":[{"href":"https:\/\/ql-shop.eu\/hr\/wp-json\/wp\/v2\/product\/33906","targetHints":{"allow":["GET"]}}],"collection":[{"href":"https:\/\/ql-shop.eu\/hr\/wp-json\/wp\/v2\/product"}],"about":[{"href":"https:\/\/ql-shop.eu\/hr\/wp-json\/wp\/v2\/types\/product"}],"wp:featuredmedia":[{"embeddable":true,"href":"https:\/\/ql-shop.eu\/hr\/wp-json\/wp\/v2\/media\/33934"}],"wp:attachment":[{"href":"https:\/\/ql-shop.eu\/hr\/wp-json\/wp\/v2\/media?parent=33906"}],"wp:term":[{"taxonomy":"product_brand","embeddable":true,"href":"https:\/\/ql-shop.eu\/hr\/wp-json\/wp\/v2\/product_brand?post=33906"},{"taxonomy":"product_cat","embeddable":true,"href":"https:\/\/ql-shop.eu\/hr\/wp-json\/wp\/v2\/product_cat?post=33906"},{"taxonomy":"product_tag","embeddable":true,"href":"https:\/\/ql-shop.eu\/hr\/wp-json\/wp\/v2\/product_tag?post=33906"}],"curies":[{"name":"wp","href":"https:\/\/api.w.org\/{rel}","templated":true}]}}