{"id":33859,"date":"2024-04-24T15:02:59","date_gmt":"2024-04-24T13:02:59","guid":{"rendered":"https:\/\/ql-shop.eu\/hr\/?post_type=product&#038;p=33859"},"modified":"2024-04-24T15:03:08","modified_gmt":"2024-04-24T13:03:08","slug":"epilator-3v1","status":"publish","type":"product","link":"https:\/\/ql-shop.eu\/hr\/izdelek\/epilator-3v1\/","title":{"rendered":"Epilator 3v1"},"content":{"rendered":"<h1 style=\"text-align: center;\">Epilator 3v1<\/h1>\n<h3 id=\"tw-target-text\" class=\"tw-data-text tw-ta tw-text-small\" dir=\"ltr\" style=\"text-align: center;\" data-placeholder=\"Prevod\"><span lang=\"hr\" style=\"color: #ed1c24;\">ODLI\u010cAN\u00a0epilator s 3 funkcije, koje mo\u017eete slobodno mijenjati prema trenutnim potrebama i \u017eeljama. <\/span><\/h3>\n<h3 class=\"tw-data-text tw-ta tw-text-small\" dir=\"ltr\" data-placeholder=\"Prevod\">\u00a0<strong><span lang=\"hr\">To je multi-efekt stroj koji brzo i u\u010dinkovito uklanja dla\u010dice iz korijena, i promijeni va\u0161u ko\u017eu svilenkasto glatkom. Epilacijska glava osigurava dugotrajno i anti-iritiraju\u0107e uklanjanje dlaka. Ima funkciju 3-u-1, koji \u0107e vam donijeti ugodno iskustvo za njegu ko\u017ee za svakodnevnu upotrebu! <\/span><\/strong><\/h3>\n<p><span style=\"text-decoration: underline;\"><strong><span lang=\"hr\">Zna\u010dajke:<\/span><\/strong><\/span><\/p>\n<ul>\n<li><span lang=\"hr\"><strong>3 u 1<\/strong>: vi\u0161enamjenski stroj s tri razli\u010dite funkcije: uklanjanje dlaka &#8211; epilacija, brijanje i piling ko\u017ee na petama. <\/span><\/li>\n<li><span lang=\"hr\"><strong>U\u010dinkovito<\/strong>: dizajniran za ispravno uklanjanje dlaka s kvalitetom va\u0161eg tijela iu kratkom vremenu od nogu, lica, pazuha, bikini zonu i drugim osjetljivim podru\u010djima.<\/span><\/li>\n<li><strong>Be\u017ei\u010dno i prakti\u010dno<\/strong>: bez kabela, napajanja i jednostavnog prekida\u010da s ergonomskim izgledom i kompaktnom preciznom ru\u010dkom.<\/li>\n<li><strong>Podesiva<\/strong>: Dva stupnja za pode\u0161avanje na razli\u010dite vrste dlake, sigurnije od strugala.<\/li>\n<\/ul>\n<p>Uklanjanje dla\u010dica: Uklju\u010dite epilator i odaberite odgovaraju\u0107u brzinu za brijanje \/ depilaciju (ovisno o gusto\u0107i kose) i stavite epilator okomito na ko\u017eu s on \/ off prekida\u010dem\u00a0u smjeri u kojem se pomaknuti. Premjestite epilator polako iznad ko\u017ee, prema smjeru rasti dla\u010dica.<\/p>\n<p>Brijanje: treb pritisnuti dvije bo\u010dne tipke na vrhu stroja za osloba\u0111anje glavu, stavi glavu za brijanje u jedinicu i pritisnite \u010dvrsto. Uklju\u010dite aparat i brijte u smjeru rasti dla\u010dica.<\/p>\n<p><span lang=\"hr\"><strong><span style=\"text-decoration: underline;\">Specifikacije<\/span>:<\/strong><\/span><\/p>\n<ul>\n<li>Snaga: 300 mAh litij-ionska baterija<\/li>\n<li>Du\u017eina kabela: 1,5 m<\/li>\n<li>Vrsta napajanja: punjenje<\/li>\n<li>Vrijeme uporabe: 40 min<\/li>\n<li>Vrijeme punjenja: 6 sati<\/li>\n<li>Napon: 220V<\/li>\n<\/ul>\n<h3><strong>Mo\u017eete naru\u010dit na stranici ili \u0161aljite poruku sa va\u0161u adresu. Pla\u010danje Pouze\u0107em\u00a00915329511. Dostava-Po\u0161ta Hrvatska<\/strong><\/h3>\n<p><img loading=\"lazy\" decoding=\"async\" class=\"size-full wp-image-69926 alignleft\" src=\"https:\/\/megapanda.si\/wp-content\/uploads\/2018\/05\/Depilador-El\u00e9trico-Kemei-2-em-1-KM-505-2-600x600.jpg\" alt=\"Depilador-El\u00e9trico-Kemei-2-em-1-KM-505-2-600x600\" width=\"600\" height=\"600\" \/><\/p>\n","protected":false},"excerpt":{"rendered":"<p>Epilator 3v1 ODLI\u010cAN\u00a0epilator s 3 funkcije, koje mo\u017eete slobodno mijenjati prema trenutnim potrebama i \u017eeljama. \u00a0To je multi-efekt stroj koji brzo i u\u010dinkovito uklanja dla\u010dice iz korijena, i promijeni va\u0161u ko\u017eu svilenkasto glatkom. Epilacijska glava osigurava dugotrajno i anti-iritiraju\u0107e uklanjanje dlaka. Ima funkciju 3-u-1, koji \u0107e vam donijeti ugodno iskustvo za njegu ko\u017ee za svakodnevnu &#8230; <a title=\"Epilator 3v1\" class=\"read-more\" href=\"https:\/\/ql-shop.eu\/hr\/izdelek\/epilator-3v1\/\" aria-label=\"Read more about Epilator 3v1\">Pro\u010ditaj vi\u0161e<\/a><\/p>\n","protected":false},"featured_media":33897,"template":"","meta":[],"product_brand":[],"product_cat":[368,364],"product_tag":[],"class_list":{"0":"post-33859","1":"product","2":"type-product","3":"status-publish","4":"has-post-thumbnail","6":"product_cat-proizvodi-za-nju","7":"product_cat-top-proizvodi","8":"","9":"woocommerce-text-align-center","10":"woocommerce-image-align-center","11":"do-quantity-buttons","12":"wc-has-gallery","14":"first","15":"instock","16":"sale","17":"taxable","18":"shipping-taxable","19":"purchasable","20":"product-type-simple"},"_links":{"self":[{"href":"https:\/\/ql-shop.eu\/hr\/wp-json\/wp\/v2\/product\/33859","targetHints":{"allow":["GET"]}}],"collection":[{"href":"https:\/\/ql-shop.eu\/hr\/wp-json\/wp\/v2\/product"}],"about":[{"href":"https:\/\/ql-shop.eu\/hr\/wp-json\/wp\/v2\/types\/product"}],"wp:featuredmedia":[{"embeddable":true,"href":"https:\/\/ql-shop.eu\/hr\/wp-json\/wp\/v2\/media\/33897"}],"wp:attachment":[{"href":"https:\/\/ql-shop.eu\/hr\/wp-json\/wp\/v2\/media?parent=33859"}],"wp:term":[{"taxonomy":"product_brand","embeddable":true,"href":"https:\/\/ql-shop.eu\/hr\/wp-json\/wp\/v2\/product_brand?post=33859"},{"taxonomy":"product_cat","embeddable":true,"href":"https:\/\/ql-shop.eu\/hr\/wp-json\/wp\/v2\/product_cat?post=33859"},{"taxonomy":"product_tag","embeddable":true,"href":"https:\/\/ql-shop.eu\/hr\/wp-json\/wp\/v2\/product_tag?post=33859"}],"curies":[{"name":"wp","href":"https:\/\/api.w.org\/{rel}","templated":true}]}}