{"id":33856,"date":"2024-04-24T15:02:59","date_gmt":"2024-04-24T13:02:59","guid":{"rendered":"https:\/\/ql-shop.eu\/hr\/?post_type=product&#038;p=33856"},"modified":"2024-04-24T15:03:08","modified_gmt":"2024-04-24T13:03:08","slug":"pametna-narukvica-m2","status":"publish","type":"product","link":"https:\/\/ql-shop.eu\/hr\/izdelek\/pametna-narukvica-m2\/","title":{"rendered":"Pametna\u00a0narukvica M2"},"content":{"rendered":"<h2><span style=\"color: #f99b1c;\">Pametna\u00a0narukvica M2<\/span><\/h2>\n<h3>Narukvica \u0107e biti va\u0161 najbolji pratilac, koji \u0107e uvijek biti na dohvatu va\u0161e ruke. Bilje\u017ei sve informacije o podacima iz otkucaja va\u0161eg srca, broj koraka koje napravite tijekom dana, kontrolira va\u0161 san, vas budi na vreme, a istovremeno privla\u010di pozornost na dolazne poruke i pozive.<\/h3>\n<p><a href=\"https:\/\/megapanda.si\/wp-content\/uploads\/2018\/05\/61pIX5ZeSxL.gif\"><img loading=\"lazy\" decoding=\"async\" class=\"size-full wp-image-69882 aligncenter\" src=\"https:\/\/megapanda.si\/wp-content\/uploads\/2018\/05\/61pIX5ZeSxL.gif\" alt=\"61pIX5ZeSxL\" width=\"400\" height=\"400\" \/><\/a><\/p>\n<p><span style=\"text-decoration: underline;\"><strong>Zna\u010dajke:<\/strong><\/span><\/p>\n<p>\u3010<strong>Kompatibilnost<\/strong>\u3011:\u00a0Fitness Trackers podr\u0161ka za iOS 8.0 ili noviji, Android 4.3 ili noviji, jednostavna veza s mobilnim telefonima putem Bluetooth 4.0.<\/p>\n<p>\u3010<strong>Sna\u017ena baterija<\/strong>\u3011: Pametna narukvica ima 70mAh visokou\u010dinkovitu polimersku litijsku bateriju. Ulazni napon je 5V, puni 1.5 sati i potpuno je napunjen, a mo\u017ee biti i do 300 sati u stanju \u010dekanja.<\/p>\n<p>\u3010<strong>Vi\u0161enamjenska funkcija<\/strong>\u3011: SMS Bluetooth sinkronizacija podsjetnik, pedometar, sportski Records kilometara, kontrola sna, vibracija (pozivi, SMS poruke, WeChat, Facebook), podsjetnike, alarm, dijele\u0107i sportski status, itd APP.<\/p>\n<p>\u3010<strong>Pra\u0107enje kondicije<\/strong>\u3011: Mo\u017eete pratiti svoj nivo aktivnosti, \u0161to zna\u010di da narukvica mo\u017eete ra\u010dunati korake, kilometra\u017eu, kalorije, puls krivulje i kontrole sna i sinkronizirati va\u0161e podatke s primjenom putem Bluetooth 4.0. (Metar posti\u017ee to\u010dnost vi\u0161e od 95%)<\/p>\n<p>\u3010<strong>Vodootporan IP67<\/strong>\u3011: Tracker aktivnosti izra\u0111ene su od vodonepropusnog materijala, tako da ne brinite kada perete ruke, obavljate poslove u ku\u0107anstvu, hodanje u ki\u0161i, a tako\u0111er u kontaktu s jakim svjetlom.<\/p>\n<ul>\n<li>Set narukvice: nakon \u0161to je ure\u0111aj spojen, mo\u017eete postaviti va\u0161e osobne podatke, vrijeme spavanja, postavke alarma, i tako dalje. Na po\u010detnoj stranici kliknite gumb za sinkronizaciju, a podatke o aplikaciji mo\u017eete sinkronizirati ru\u010dnim slovima. Kad je sinkronizacija zavr\u0161ena, podaci i vrijeme na zglobu odgovarat \u0107e mobilnom telefonu.<\/li>\n<li>Sinkroni podatki: Pametni sat povezuje aplikaciju na svoj mobilni telefon putem Bluetooth, sinkronizacija zavr\u0161i, podaci se sinkronizira s podacima o koraku u APP, tako da mo\u017eete vidjeti povijesne podatke o\u00a0broju koraka, potro\u0161nje kalorija i kilometra\u017ea.<\/li>\n<\/ul>\n<p><a href=\"https:\/\/megapanda.si\/wp-content\/uploads\/2018\/05\/71FPhoGXF5L.gif\"><img loading=\"lazy\" decoding=\"async\" class=\"size-full wp-image-69886 alignleft\" src=\"https:\/\/megapanda.si\/wp-content\/uploads\/2018\/05\/71FPhoGXF5L.gif\" alt=\"71FPhoGXF5L\" width=\"500\" height=\"500\" \/><\/a><\/p>\n<p><a href=\"https:\/\/megapanda.si\/wp-content\/uploads\/2018\/05\/81QctqapqvL.gif\"><img loading=\"lazy\" decoding=\"async\" class=\" wp-image-69888 alignleft\" src=\"https:\/\/megapanda.si\/wp-content\/uploads\/2018\/05\/81QctqapqvL.gif\" alt=\"81QctqapqvL\" width=\"433\" height=\"433\" \/><\/a><\/p>\n<p>&nbsp;<\/p>\n<p>&nbsp;<\/p>\n<p>&nbsp;<\/p>\n<p>&nbsp;<\/p>\n<p>&nbsp;<\/p>\n<p>&nbsp;<\/p>\n<p>&nbsp;<\/p>\n<p>&nbsp;<\/p>\n<p>&nbsp;<\/p>\n<p>&nbsp;<\/p>\n<p>&nbsp;<\/p>\n<p>&nbsp;<\/p>\n<p>&nbsp;<\/p>\n<p><span style=\"text-decoration: underline;\"><strong>Specifikacija:<\/strong><\/span><\/p>\n<p>&#x25b6;\u00a0Bluetooth: Bluetooth 4.0<\/p>\n<p>&#x25b6;\u00a0Sustav: IOS 8.0 ili noviji, Android 4.3\u00a0ili noviji<\/p>\n<p>&#x25b6;\u00a0Prikaz:\u00a0OLED dijalo\u0161ki okvir od 0, 42 in\u010da<\/p>\n<p>&#x25b6;\u00a0Pas za trak: elastomer TPU, ukupna daljina: 235 mm<\/p>\n<p>&#x25b6;\u00a0Senzor: senzor pospe\u0161ka pri nizki mo\u010di<\/p>\n<p>&#x25b6;\u00a0TOUCH &#8211; na dodir<\/p>\n<p>&#x25b6;\u00a0Baterija: 70 mAh, lmo\u017ee se pripremati\u00a0300 sati<\/p>\n<p>&#x25b6;\u00a0Su\u010delje punjenja: USB uti\u010dnica<\/p>\n<p>&#x25b6;\u00a0Vodootporno: razina IP67<\/p>\n<p>&#x25b6;\u00a0Pametne zapestnice APP download: poi\u0161\u010dite APP &#8220;Fundo Bracelet&#8221; ali prenesite priro\u010dnik na strani s podrobnostmi za neposredno pregledovanje QR kode.<\/p>\n<p>&#x25b6; Punjenje &#8211; automatsko uklju\u010divanje.<\/p>\n<p>&#x25b6; Narukvica ne sadr\u017ei utika\u010d za punjenje, samo za kabel za punjenje.<\/p>\n<p>&#x25b6; Baterija na narukvici ne mo\u017ee se ukloniti. Ne poku\u0161avajte zamijeniti akumulator ili rastavljati ure\u0111aj.<\/p>\n<p>&#x25b6;\u00a0Proizvod ne sadr\u017ei nikakve upute, preuzmite priru\u010dnik na stranici s pojedinostima o upravljanju.<\/p>\n<p>&#x25b6; Kada je narukvica povezana s drugim mobilnim telefonom, prvo se mora povezati mobilni telefon.<\/p>\n<p><a href=\"https:\/\/megapanda.si\/wp-content\/uploads\/2018\/05\/61vYphdHgBL.gif\"><img loading=\"lazy\" decoding=\"async\" class=\"size-full wp-image-69885 alignleft\" src=\"https:\/\/megapanda.si\/wp-content\/uploads\/2018\/05\/61vYphdHgBL.gif\" alt=\"61vYphdHgBL\" width=\"400\" height=\"400\" \/><\/a><a href=\"https:\/\/megapanda.si\/wp-content\/uploads\/2018\/05\/71JeDrEBrSL.gif\"><img loading=\"lazy\" decoding=\"async\" class=\"size-full wp-image-69887 alignleft\" src=\"https:\/\/megapanda.si\/wp-content\/uploads\/2018\/05\/71JeDrEBrSL.gif\" alt=\"71JeDrEBrSL\" width=\"400\" height=\"400\" \/><\/a><\/p>\n<p>&nbsp;<\/p>\n<p style=\"clear: both; text-align: center; color: #3366ff; font-weight: bold;\">Mo\u017eete naru\u010diti na stranici ili po\u0161aljite poruku sa va\u0161om adresom i odabranim proizvodom.<br \/>\nPla\u0107anje pouze\u0107em (Hrvatska po\u0161ta)! Broj MegaPanda telefona: <a href=\"tel:0915329511\">091 532 9511<\/a>.<\/p>\n","protected":false},"excerpt":{"rendered":"<p>Pametna\u00a0narukvica M2 Narukvica \u0107e biti va\u0161 najbolji pratilac, koji \u0107e uvijek biti na dohvatu va\u0161e ruke. Bilje\u017ei sve informacije o podacima iz otkucaja va\u0161eg srca, broj koraka koje napravite tijekom dana, kontrolira va\u0161 san, vas budi na vreme, a istovremeno privla\u010di pozornost na dolazne poruke i pozive. Zna\u010dajke: \u3010Kompatibilnost\u3011:\u00a0Fitness Trackers podr\u0161ka za iOS 8.0 ili &#8230; <a title=\"Pametna\u00a0narukvica M2\" class=\"read-more\" href=\"https:\/\/ql-shop.eu\/hr\/izdelek\/pametna-narukvica-m2\/\" aria-label=\"Read more about Pametna\u00a0narukvica M2\">Pro\u010ditaj vi\u0161e<\/a><\/p>\n","protected":false},"featured_media":33894,"template":"","meta":[],"product_brand":[],"product_cat":[655,364],"product_tag":[],"class_list":{"0":"post-33856","1":"product","2":"type-product","3":"status-publish","4":"has-post-thumbnail","6":"product_cat-pametne-narukvice","7":"product_cat-top-proizvodi","8":"","9":"woocommerce-text-align-center","10":"woocommerce-image-align-center","11":"do-quantity-buttons","13":"first","14":"instock","15":"sale","16":"taxable","17":"shipping-taxable","18":"purchasable","19":"product-type-variable"},"_links":{"self":[{"href":"https:\/\/ql-shop.eu\/hr\/wp-json\/wp\/v2\/product\/33856","targetHints":{"allow":["GET"]}}],"collection":[{"href":"https:\/\/ql-shop.eu\/hr\/wp-json\/wp\/v2\/product"}],"about":[{"href":"https:\/\/ql-shop.eu\/hr\/wp-json\/wp\/v2\/types\/product"}],"wp:featuredmedia":[{"embeddable":true,"href":"https:\/\/ql-shop.eu\/hr\/wp-json\/wp\/v2\/media\/33894"}],"wp:attachment":[{"href":"https:\/\/ql-shop.eu\/hr\/wp-json\/wp\/v2\/media?parent=33856"}],"wp:term":[{"taxonomy":"product_brand","embeddable":true,"href":"https:\/\/ql-shop.eu\/hr\/wp-json\/wp\/v2\/product_brand?post=33856"},{"taxonomy":"product_cat","embeddable":true,"href":"https:\/\/ql-shop.eu\/hr\/wp-json\/wp\/v2\/product_cat?post=33856"},{"taxonomy":"product_tag","embeddable":true,"href":"https:\/\/ql-shop.eu\/hr\/wp-json\/wp\/v2\/product_tag?post=33856"}],"curies":[{"name":"wp","href":"https:\/\/api.w.org\/{rel}","templated":true}]}}