{"id":33837,"date":"2024-04-24T15:02:58","date_gmt":"2024-04-24T13:02:58","guid":{"rendered":"https:\/\/ql-shop.eu\/hr\/?post_type=product&#038;p=33837"},"modified":"2024-04-24T15:03:02","modified_gmt":"2024-04-24T13:03:02","slug":"visokotlacna-cijev","status":"publish","type":"product","link":"https:\/\/ql-shop.eu\/hr\/izdelek\/visokotlacna-cijev\/","title":{"rendered":"Visokotla\u010dna cijev"},"content":{"rendered":"<h2>Visokotla\u010dna cijev<\/h2>\n<p>S visokotla\u010dnom cijevi koja se osobno uklapa u va\u0161u cijev, dobit \u0107ete ve\u0107u snagu raspr\u0161ivanja, koje mo\u017eete usmjeriti u mlazu na bilo koji na\u010din. Posti\u0107i mo\u017eete\u00a0visoke objekte, prozore i objekte koje ina\u010de ne posti\u017eete. Lak\u0161e je o\u010distiti sve pra\u0161njave uglove, betonske terase, sjenila, palube, bazene, dvori\u0161ta i rije\u0161iti se prljav\u0161tine\u00a0bilo gdje.<\/p>\n<p><span style=\"text-decoration: underline;\"><strong>Zna\u010dajke:<\/strong><\/span><\/p>\n<p>Material: Aluminij poklopac (tijelo) + Bakar (glava) + TPR (okvir)<\/p>\n<p>Du\u017eina:\u00a046,5 cm<\/p>\n<p><strong>Paket uklju\u010duje<\/strong>:<\/p>\n<p>1x Visokotla\u010dni cijev<\/p>\n<p><a href=\"https:\/\/megapanda.si\/wp-content\/uploads\/2018\/05\/wejet-1.gif\"><img loading=\"lazy\" decoding=\"async\" class=\"size-full wp-image-70900 alignleft\" src=\"https:\/\/megapanda.si\/wp-content\/uploads\/2018\/05\/wejet-1.gif\" alt=\"wejet\" width=\"450\" height=\"450\" \/><\/a><\/p>\n<p>&nbsp;<\/p>\n<p>&nbsp;<\/p>\n<p>&nbsp;<\/p>\n<p>&nbsp;<\/p>\n<p>&nbsp;<\/p>\n<p>&nbsp;<\/p>\n<p>&nbsp;<\/p>\n<p>&nbsp;<\/p>\n<p>&nbsp;<\/p>\n<p>&nbsp;<\/p>\n<p>&nbsp;<\/p>\n<p>&nbsp;<\/p>\n<p><a href=\"https:\/\/megapanda.si\/wp-content\/uploads\/2018\/05\/vector.gif\"><img loading=\"lazy\" decoding=\"async\" class=\"size-full wp-image-70890 alignleft\" src=\"https:\/\/megapanda.si\/wp-content\/uploads\/2018\/05\/vector.gif\" alt=\"vector\" width=\"100\" height=\"87\" \/><\/a><\/p>\n<p>&nbsp;<\/p>\n<p>S visokotla\u010dnom cijevi koja se pri\u010dvr\u0161\u0107uje za va\u0161u cijev, dobiva vi\u0161e snage i spreja vodeni mlaz gdje god ga usmjerite.<\/p>\n<p>&nbsp;<\/p>\n<p><a href=\"https:\/\/megapanda.si\/wp-content\/uploads\/2018\/05\/vector1.gif\"><img loading=\"lazy\" decoding=\"async\" class=\"size-full wp-image-70891 alignleft\" src=\"https:\/\/megapanda.si\/wp-content\/uploads\/2018\/05\/vector1.gif\" alt=\"vector1\" width=\"100\" height=\"100\" \/><\/a><\/p>\n<p>&nbsp;<\/p>\n<p>Izvrsno je za \u010di\u0161\u0107enje bilo kojeg vozila.<\/p>\n<p>&nbsp;<\/p>\n<p><a href=\"https:\/\/megapanda.si\/wp-content\/uploads\/2018\/05\/house-vector-5-300x250.gif\"><img loading=\"lazy\" decoding=\"async\" class=\"size-full wp-image-70893 alignleft\" src=\"https:\/\/megapanda.si\/wp-content\/uploads\/2018\/05\/house-vector-5-300x250.gif\" alt=\"house-vector-5-300x250\" width=\"100\" height=\"83\" \/><\/a><\/p>\n<p>&nbsp;<\/p>\n<p>Rije\u0161ite se ne\u010disto\u0107e u va\u0161em domu.<\/p>\n<p>&nbsp;<\/p>\n<p><a href=\"https:\/\/megapanda.si\/wp-content\/uploads\/2018\/05\/vector3.gif\"><img loading=\"lazy\" decoding=\"async\" class=\"size-full wp-image-70894 alignleft\" src=\"https:\/\/megapanda.si\/wp-content\/uploads\/2018\/05\/vector3.gif\" alt=\"vector3\" width=\"100\" height=\"100\" \/><\/a><\/p>\n<p>&nbsp;<\/p>\n<p>Prikladan za zalijevanje vrtova, livada, polja, ..<\/p>\n<p>&nbsp;<\/p>\n<p><strong><span style=\"text-decoration: underline;\">Zna\u010dajke:\u00a0<\/span><\/strong><\/p>\n<p>Material: Aluminijska zlitina (telo) + Baker (glava \u0161obe) + TPR (ro\u010daj)<\/p>\n<p>Du\u017eina:\u00a046,5 cm<\/p>\n<p><strong><span style=\"text-decoration: underline;\">Paket uklju\u010duje:<\/span><\/strong><\/p>\n<p>1x Visokotla\u010dna cijev<\/p>\n<p>https:\/\/youtu.be\/JZ1Iyl3YT1w<\/p>\n<p>&nbsp;<\/p>\n<h2><span style=\"color: #000000;\"><strong>Mo\u017eete naru\u010diti na stranici ili po\u0161aljite poruku sa va\u0161om adresom i modelom\u00a0 telefona. Pla\u0107anje Pouze\u0107em\u00a00915329511.<\/strong><\/span><\/h2>\n","protected":false},"excerpt":{"rendered":"<p>Preveliki, hrupni stroji so popolnoma odve\u010d. Z visokotla\u010dno cevjo, ki se li\u010dno pritrdi na va\u0161o obstoje\u010do vrtno cev, pridobite ve\u010djo razpr\u0161ilno mo\u010d.<\/p>\n","protected":false},"featured_media":33864,"template":"","meta":[],"product_brand":[],"product_cat":[419,364],"product_tag":[],"class_list":{"0":"post-33837","1":"product","2":"type-product","3":"status-publish","4":"has-post-thumbnail","6":"product_cat-sam-svoj-majstor","7":"product_cat-top-proizvodi","8":"","9":"woocommerce-text-align-center","10":"woocommerce-image-align-center","11":"do-quantity-buttons","12":"wc-has-gallery","14":"first","15":"instock","16":"sale","17":"taxable","18":"shipping-taxable","19":"purchasable","20":"product-type-simple"},"_links":{"self":[{"href":"https:\/\/ql-shop.eu\/hr\/wp-json\/wp\/v2\/product\/33837","targetHints":{"allow":["GET"]}}],"collection":[{"href":"https:\/\/ql-shop.eu\/hr\/wp-json\/wp\/v2\/product"}],"about":[{"href":"https:\/\/ql-shop.eu\/hr\/wp-json\/wp\/v2\/types\/product"}],"wp:featuredmedia":[{"embeddable":true,"href":"https:\/\/ql-shop.eu\/hr\/wp-json\/wp\/v2\/media\/33864"}],"wp:attachment":[{"href":"https:\/\/ql-shop.eu\/hr\/wp-json\/wp\/v2\/media?parent=33837"}],"wp:term":[{"taxonomy":"product_brand","embeddable":true,"href":"https:\/\/ql-shop.eu\/hr\/wp-json\/wp\/v2\/product_brand?post=33837"},{"taxonomy":"product_cat","embeddable":true,"href":"https:\/\/ql-shop.eu\/hr\/wp-json\/wp\/v2\/product_cat?post=33837"},{"taxonomy":"product_tag","embeddable":true,"href":"https:\/\/ql-shop.eu\/hr\/wp-json\/wp\/v2\/product_tag?post=33837"}],"curies":[{"name":"wp","href":"https:\/\/api.w.org\/{rel}","templated":true}]}}