{"id":33762,"date":"2024-04-24T15:02:47","date_gmt":"2024-04-24T13:02:47","guid":{"rendered":"https:\/\/ql-shop.eu\/hr\/?post_type=product&#038;p=33762"},"modified":"2024-04-24T15:02:55","modified_gmt":"2024-04-24T13:02:55","slug":"zamka-za-komarce","status":"publish","type":"product","link":"https:\/\/ql-shop.eu\/hr\/izdelek\/zamka-za-komarce\/","title":{"rendered":"Zamka za komarce"},"content":{"rendered":"<ul>\n<li>Jedna od najnepo\u017eeljnijih stvari je zvuk komaraca, pogotovu po no\u0107i kad ste ve\u0107 ugodno smje\u0161teni u\u00a0krevetu.<\/li>\n<li>Svrab od uboda vam tako\u0111e remeti mir.<\/li>\n<li>Sada, kona\u010dno mo\u017eete stati na kraj tome.<\/li>\n<li>Za\u0161titite se i ne dopustite da kukac pobijedi.<\/li>\n<li>Razni sprejevi su puni kemikalija i mirisa koji traju samo kratko vrijeme.<\/li>\n<li>Uz hvata\u010d komaraca, sve je vrlo jednostavno, pomo\u0107u LED \u017earulje, koja u isto vrijeme emitira ugodnu\u00a0svjetlost.<\/li>\n<li>Mo\u017ee se koristiti za ku\u0107nu kuhinju, supermarket, stadion, ured, skladi\u0161te itd.<\/li>\n<li>Sigurno od komaraca bilo gdje<\/li>\n<\/ul>\n<p><strong><span style=\"text-decoration: underline;\">Zna\u010dajke:<\/span><\/strong><br \/>\n\u2022 Na\u010din elektronske za\u0161tite (LED)<br \/>\n\u2022 Ure\u0111aj crpi i uklanja sve mogu\u0107e insekte<br \/>\n\u2022 Zdrava i bezopasna<br \/>\n\u2022 Korisna u svakoj sobi<\/p>\n<h2 dir=\"ltr\">Mo\u017eete naru\u010diti na stranici ili po\u0161aljite poruku sa va\u0161om adresom i modelom telefona. Pla\u0107anje pouze\u0107em 0915329511. Dostava-Po\u0161ta Hrvatska<\/h2>\n","protected":false},"excerpt":{"rendered":"<p>Jedna od najnepo\u017eeljnijih stvari je zvuk komaraca, pogotovu po no\u0107i kad ste ve\u0107 ugodno smje\u0161teni u\u00a0krevetu. Svrab od uboda vam tako\u0111e remeti mir. Sada, kona\u010dno mo\u017eete stati na kraj tome. Za\u0161titite se i ne dopustite da kukac pobijedi. Razni sprejevi su puni kemikalija i mirisa koji traju samo kratko vrijeme. Uz hvata\u010d komaraca, sve je &#8230; <a title=\"Zamka za komarce\" class=\"read-more\" href=\"https:\/\/ql-shop.eu\/hr\/izdelek\/zamka-za-komarce\/\" aria-label=\"Read more about Zamka za komarce\">Pro\u010ditaj vi\u0161e<\/a><\/p>\n","protected":false},"featured_media":33819,"template":"","meta":[],"product_brand":[],"product_cat":[444,364],"product_tag":[],"class_list":{"0":"post-33762","1":"product","2":"type-product","3":"status-publish","4":"has-post-thumbnail","6":"product_cat-praznimo-skladiste","7":"product_cat-top-proizvodi","8":"","9":"woocommerce-text-align-center","10":"woocommerce-image-align-center","11":"do-quantity-buttons","12":"wc-has-gallery","14":"first","15":"instock","16":"sale","17":"taxable","18":"shipping-taxable","19":"purchasable","20":"product-type-simple"},"_links":{"self":[{"href":"https:\/\/ql-shop.eu\/hr\/wp-json\/wp\/v2\/product\/33762","targetHints":{"allow":["GET"]}}],"collection":[{"href":"https:\/\/ql-shop.eu\/hr\/wp-json\/wp\/v2\/product"}],"about":[{"href":"https:\/\/ql-shop.eu\/hr\/wp-json\/wp\/v2\/types\/product"}],"wp:featuredmedia":[{"embeddable":true,"href":"https:\/\/ql-shop.eu\/hr\/wp-json\/wp\/v2\/media\/33819"}],"wp:attachment":[{"href":"https:\/\/ql-shop.eu\/hr\/wp-json\/wp\/v2\/media?parent=33762"}],"wp:term":[{"taxonomy":"product_brand","embeddable":true,"href":"https:\/\/ql-shop.eu\/hr\/wp-json\/wp\/v2\/product_brand?post=33762"},{"taxonomy":"product_cat","embeddable":true,"href":"https:\/\/ql-shop.eu\/hr\/wp-json\/wp\/v2\/product_cat?post=33762"},{"taxonomy":"product_tag","embeddable":true,"href":"https:\/\/ql-shop.eu\/hr\/wp-json\/wp\/v2\/product_tag?post=33762"}],"curies":[{"name":"wp","href":"https:\/\/api.w.org\/{rel}","templated":true}]}}