{"id":33758,"date":"2024-04-24T15:02:47","date_gmt":"2024-04-24T13:02:47","guid":{"rendered":"https:\/\/ql-shop.eu\/hr\/?post_type=product&#038;p=33758"},"modified":"2024-04-24T15:02:57","modified_gmt":"2024-04-24T13:02:57","slug":"nepoderive-najlonke","status":"publish","type":"product","link":"https:\/\/ql-shop.eu\/hr\/izdelek\/nepoderive-najlonke\/","title":{"rendered":"Nepoderive najlonke"},"content":{"rendered":"<h2>Doista imate jo\u0161 cijele najlonke?<\/h2>\n<p>Koliko puta desilo se, da ste <strong>ostale bez najlonka?<\/strong> \u0160ta uradite, kad hitno trebate cijele najlonke, a nikako ne prona\u0111ete <strong>u va\u0161om ormaru nijednog para<\/strong> najlon \u010darapa? Sad to vi\u0161e nije problem!<\/p>\n<p><strong>Nepoderive najlonke<\/strong> su napravljene iz visoko-kvalitetnog najlona. \u010carape so nepoderive, <em>mo\u017eete jih upotrebljavati vi\u0161e puta<\/em>, \u010dak mo\u017ee, da <strong>se pere u perilici za rublje<\/strong>.<\/p>\n<p>Mo\u017eete jih imati u va\u0161oj ta\u0161ki,<strong> kao rezerva<\/strong>, kad se va\u0161e omiljene najlonke poderu. Uz nepoderive najlonke to se vi\u0161e nikad ne\u0107e dogoditi, da bih ostali bez \u010darapa!<\/p>\n<h2><strong>Zna\u010dajke nepoderivih najlonka<\/strong><\/h2>\n<ul>\n<li>Univerzalna veli\u010dina od XS do L<\/li>\n<li>Material: Visokokvalitetni najlon<\/li>\n<li>Ne paraju se i namjenjene su vi\u0161estruki upotrebi<\/li>\n<li>Pranje do 30 stupnjeva<\/li>\n<li>Izuzetno tanke<\/li>\n<li>Boja: crna i be\u017e<\/li>\n<\/ul>\n\n<p style=\"text-align: center; color: #3366ff; font-weight: bold;\">Mo\u017eete naru\u010diti na stranici ili po\u0161aljite poruku sa va\u0161om adresom i odabranim proizvodom.<br \/>\nPla\u0107anje pouze\u0107em (Hrvatska po\u0161ta)! Broj MegaPanda telefona: <a href=\"tel:0915329511\">091 532 9511<\/a>.<\/p>\n","protected":false},"excerpt":{"rendered":"<p>Bez brige na zabavu, na posao ili u kazali\u0161te.<strong> Nepoderive najlonke mogu se vi\u0161e puta uportebljavati<\/strong>, mo\u017ee \u010dak, da se pere u perilici za rublje. Univerzalna veli\u010dina.<\/p>\n","protected":false},"featured_media":33810,"template":"","meta":[],"product_brand":[],"product_cat":[438,368,364,439],"product_tag":[],"class_list":{"0":"post-33758","1":"product","2":"type-product","3":"status-publish","4":"has-post-thumbnail","6":"product_cat-odjeca-i-kozmetika","7":"product_cat-proizvodi-za-nju","8":"product_cat-top-proizvodi","9":"product_cat-za-nju","10":"","11":"woocommerce-text-align-center","12":"woocommerce-image-align-center","13":"do-quantity-buttons","14":"wc-has-gallery","16":"first","17":"instock","18":"sale","19":"taxable","20":"shipping-taxable","21":"purchasable","22":"product-type-variable"},"_links":{"self":[{"href":"https:\/\/ql-shop.eu\/hr\/wp-json\/wp\/v2\/product\/33758","targetHints":{"allow":["GET"]}}],"collection":[{"href":"https:\/\/ql-shop.eu\/hr\/wp-json\/wp\/v2\/product"}],"about":[{"href":"https:\/\/ql-shop.eu\/hr\/wp-json\/wp\/v2\/types\/product"}],"wp:featuredmedia":[{"embeddable":true,"href":"https:\/\/ql-shop.eu\/hr\/wp-json\/wp\/v2\/media\/33810"}],"wp:attachment":[{"href":"https:\/\/ql-shop.eu\/hr\/wp-json\/wp\/v2\/media?parent=33758"}],"wp:term":[{"taxonomy":"product_brand","embeddable":true,"href":"https:\/\/ql-shop.eu\/hr\/wp-json\/wp\/v2\/product_brand?post=33758"},{"taxonomy":"product_cat","embeddable":true,"href":"https:\/\/ql-shop.eu\/hr\/wp-json\/wp\/v2\/product_cat?post=33758"},{"taxonomy":"product_tag","embeddable":true,"href":"https:\/\/ql-shop.eu\/hr\/wp-json\/wp\/v2\/product_tag?post=33758"}],"curies":[{"name":"wp","href":"https:\/\/api.w.org\/{rel}","templated":true}]}}