{"id":33755,"date":"2024-04-24T15:02:46","date_gmt":"2024-04-24T13:02:46","guid":{"rendered":"https:\/\/ql-shop.eu\/hr\/?post_type=product&#038;p=33755"},"modified":"2024-04-24T15:02:51","modified_gmt":"2024-04-24T13:02:51","slug":"elektricni-dozator-za-pice","status":"publish","type":"product","link":"https:\/\/ql-shop.eu\/hr\/izdelek\/elektricni-dozator-za-pice\/","title":{"rendered":"Elektri\u010dni dozator za pi\u0107e"},"content":{"rendered":"<h1>Elektri\u010dni dozator za pi\u0107e<\/h1>\n<h4>To je kreativan privitak na razne staklenke i boce, koji, kada se pritisne, ulijeva vodu ili bilo koje drugo pi\u0107e bez prolijevanja i prolijevanja. Jedan od generi\u010dnijih posu\u0111a koji olak\u0161ava dosadu rutinskog rada.<\/h4>\n<p><a href=\"https:\/\/megapanda.si\/wp-content\/uploads\/2018\/04\/the-magic.jpg\"><img loading=\"lazy\" decoding=\"async\" class=\"size-full wp-image-67294 alignleft\" src=\"https:\/\/megapanda.si\/wp-content\/uploads\/2018\/04\/the-magic.jpg\" alt=\"the-magic\" width=\"400\" height=\"366\" \/><\/a><a href=\"https:\/\/megapanda.si\/wp-content\/uploads\/2018\/04\/the-magic-tap-spill-stopper-electric-automatic-water-drink.jpg\"><img loading=\"lazy\" decoding=\"async\" class=\"size-full wp-image-67295 alignleft\" src=\"https:\/\/megapanda.si\/wp-content\/uploads\/2018\/04\/the-magic-tap-spill-stopper-electric-automatic-water-drink.jpg\" alt=\"the-magic-tap-spill-stopper-electric-automatic-water-drink\" width=\"400\" height=\"330\" \/><\/a><a href=\"https:\/\/megapanda.si\/wp-content\/uploads\/2018\/04\/the-magic-tap-spill-stopper-electric-automatic-water-drink-beverage-dispenser-spill-proof-with-logo-packing.jpg\"><br \/>\n<\/a><\/p>\n<p><a href=\"https:\/\/megapanda.si\/wp-content\/uploads\/2018\/04\/spill-proof-.jpg\"><br \/>\n<\/a><a href=\"https:\/\/megapanda.si\/wp-content\/uploads\/2018\/04\/spill-stoppe.jpg\"><img loading=\"lazy\" decoding=\"async\" class=\"size-full wp-image-67299 alignleft\" src=\"https:\/\/megapanda.si\/wp-content\/uploads\/2018\/04\/spill-stoppe.jpg\" alt=\"spill-stoppe\" width=\"400\" height=\"400\" \/><\/a><\/p>\n<p>&nbsp;<\/p>\n<h3 style=\"text-align: center;\"><\/h3>\n<p>&nbsp;<\/p>\n<p>&nbsp;<\/p>\n<p>&nbsp;<\/p>\n<p>&nbsp;<\/p>\n<p>&nbsp;<\/p>\n<p>&nbsp;<\/p>\n<p>&nbsp;<\/p>\n<p>&nbsp;<\/p>\n<h2>Mo\u017eete naru\u010diti na stranici ili po\u0161aljite poruku sa va\u0161ima podacima. Pla\u0107anje pouze\u0107em 0915329511. Dostava-Po\u0161ta Hrvatska<\/h2>\n","protected":false},"excerpt":{"rendered":"<p>Elektri\u010dni dozator za pi\u0107e To je kreativan privitak na razne staklenke i boce, koji, kada se pritisne, ulijeva vodu ili bilo koje drugo pi\u0107e bez prolijevanja i prolijevanja. Jedan od generi\u010dnijih posu\u0111a koji olak\u0161ava dosadu rutinskog rada. &nbsp; &nbsp; &nbsp; &nbsp; &nbsp; &nbsp; &nbsp; &nbsp; &nbsp; Mo\u017eete naru\u010diti na stranici ili po\u0161aljite poruku sa va\u0161ima &#8230; <a title=\"Elektri\u010dni dozator za pi\u0107e\" class=\"read-more\" href=\"https:\/\/ql-shop.eu\/hr\/izdelek\/elektricni-dozator-za-pice\/\" aria-label=\"Read more about Elektri\u010dni dozator za pi\u0107e\">Pro\u010ditaj vi\u0161e<\/a><\/p>\n","protected":false},"featured_media":33787,"template":"","meta":[],"product_brand":[],"product_cat":[444,364],"product_tag":[],"class_list":{"0":"post-33755","1":"product","2":"type-product","3":"status-publish","4":"has-post-thumbnail","6":"product_cat-praznimo-skladiste","7":"product_cat-top-proizvodi","8":"","9":"woocommerce-text-align-center","10":"woocommerce-image-align-center","11":"do-quantity-buttons","12":"wc-has-gallery","14":"first","15":"instock","16":"sale","17":"taxable","18":"shipping-taxable","19":"purchasable","20":"product-type-simple"},"_links":{"self":[{"href":"https:\/\/ql-shop.eu\/hr\/wp-json\/wp\/v2\/product\/33755","targetHints":{"allow":["GET"]}}],"collection":[{"href":"https:\/\/ql-shop.eu\/hr\/wp-json\/wp\/v2\/product"}],"about":[{"href":"https:\/\/ql-shop.eu\/hr\/wp-json\/wp\/v2\/types\/product"}],"wp:featuredmedia":[{"embeddable":true,"href":"https:\/\/ql-shop.eu\/hr\/wp-json\/wp\/v2\/media\/33787"}],"wp:attachment":[{"href":"https:\/\/ql-shop.eu\/hr\/wp-json\/wp\/v2\/media?parent=33755"}],"wp:term":[{"taxonomy":"product_brand","embeddable":true,"href":"https:\/\/ql-shop.eu\/hr\/wp-json\/wp\/v2\/product_brand?post=33755"},{"taxonomy":"product_cat","embeddable":true,"href":"https:\/\/ql-shop.eu\/hr\/wp-json\/wp\/v2\/product_cat?post=33755"},{"taxonomy":"product_tag","embeddable":true,"href":"https:\/\/ql-shop.eu\/hr\/wp-json\/wp\/v2\/product_tag?post=33755"}],"curies":[{"name":"wp","href":"https:\/\/api.w.org\/{rel}","templated":true}]}}