{"id":33647,"date":"2024-04-24T15:02:27","date_gmt":"2024-04-24T13:02:27","guid":{"rendered":"https:\/\/ql-shop.eu\/hr\/?post_type=product&#038;p=33647"},"modified":"2024-04-24T15:02:34","modified_gmt":"2024-04-24T13:02:34","slug":"samsung-galaxy-s7-maska-coctail-california-360","status":"publish","type":"product","link":"https:\/\/ql-shop.eu\/hr\/izdelek\/samsung-galaxy-s7-maska-coctail-california-360\/","title":{"rendered":"Samsung Galaxy S7 maska Coctail California 360"},"content":{"rendered":"<h1><span style=\"color: #ff0000;\"><strong>POTPUNA 360 ZA\u0160TITA<\/strong><\/span><\/h1>\n<p><span style=\"color: #3366ff;\"><strong class=\"animated fadeIn\">Jedina maska, koja za\u0161titi va\u0161 telefon iz potpuno svih\u00a0strana, prednji dio, zadnji dio\u00a0i rubove.<\/strong><\/span><\/p>\n<h4><span style=\"color: #000000;\"><strong>Zna\u010dajke:<\/strong><\/span><\/h4>\n<ul>\n<li class=\"bullet-checkmark animated fadeInRight\">Izuzetno tanak i lak plasti\u010dan\u00a0etui, koji se to\u010dno prile\u017ee va\u0161em aparatu.<\/li>\n<li class=\"bullet-checkmark animated fadeInRight\">\u0160titi od udaraca, ne\u010disto\u0107e, padova, ogrebotina i ostalih o\u0161te\u0107enja.<\/li>\n<li class=\"bullet-checkmark animated fadeInRight\">Kvalitetna izrada.<\/li>\n<li class=\"bullet-checkmark animated fadeInRight\">Moderan izgled i potpuna za\u0161tita istovremeno.<\/li>\n<li class=\"bullet-checkmark animated fadeInRight\">Materijal: Plastika +\u00a0staklo<\/li>\n<\/ul>\n\n<p><img loading=\"lazy\" decoding=\"async\" class=\"alignnone wp-image-19129 animated fadeIn\" src=\"http:\/\/megapanda.si\/wp-content\/uploads\/2016\/08\/HTB1nXYwMVXXXXayaXXXq6xXFXXX0-800x800.jpg\" alt=\"HTB1nXYwMVXXXXayaXXXq6xXFXXX0\" width=\"421\" height=\"421\" \/>\u00a0 \u00a0 \u00a0 \u00a0 \u00a0 \u00a0 \u00a0 \u00a0 \u00a0 \u00a0<img loading=\"lazy\" decoding=\"async\" class=\"alignnone wp-image-19132 animated fadeIn\" src=\"http:\/\/megapanda.si\/wp-content\/uploads\/2016\/08\/4.-09.-2016-23-10-56-0096.png\" alt=\"4.-09.-2016-23-10-56-0096\" width=\"520\" height=\"422\" \/><\/p>\n<h3 style=\"text-align: left;\"><span style=\"color: #0c91f0;\"><strong>Uputa\u00a0za pravilno smje\u0161tanje\u00a0maske si pogledajte u\u00a0videu:<\/strong><\/span><\/h3>\n<p><iframe loading=\"lazy\" title=\"360 Degree Protective case for iphone\" width=\"1200\" height=\"675\" src=\"https:\/\/www.youtube.com\/embed\/e7LBG8iZ_Cs?feature=oembed\" frameborder=\"0\" allow=\"accelerometer; autoplay; clipboard-write; encrypted-media; gyroscope; picture-in-picture; web-share\" referrerpolicy=\"strict-origin-when-cross-origin\" allowfullscreen><\/iframe><\/p>\n<h2 style=\"text-align: left;\">Dostava: 2-5 radnih dana.<\/h2>\n<h2><strong>Mo\u017eete naru\u010dit na stranici ili \u0161aljite poruku sa va\u0161om\u00a0adresom i model telefona. Pla\u0107anje Pouze\u0107em\u00a00915329511. Dostava-Po\u0161ta Hrvatska<\/strong><\/h2>\n","protected":false},"excerpt":{"rendered":"<p>POTPUNA 360 ZA\u0160TITA Jedina maska, koja za\u0161titi va\u0161 telefon iz potpuno svih\u00a0strana, prednji dio, zadnji dio\u00a0i rubove. Zna\u010dajke: Izuzetno tanak i lak plasti\u010dan\u00a0etui, koji se to\u010dno prile\u017ee va\u0161em aparatu. \u0160titi od udaraca, ne\u010disto\u0107e, padova, ogrebotina i ostalih o\u0161te\u0107enja. Kvalitetna izrada. Moderan izgled i potpuna za\u0161tita istovremeno. Materijal: Plastika +\u00a0staklo \u00a0 \u00a0 \u00a0 \u00a0 \u00a0 \u00a0 &#8230; <a title=\"Samsung Galaxy S7 maska Coctail California 360\" class=\"read-more\" href=\"https:\/\/ql-shop.eu\/hr\/izdelek\/samsung-galaxy-s7-maska-coctail-california-360\/\" aria-label=\"Read more about Samsung Galaxy S7 maska Coctail California 360\">Pro\u010ditaj vi\u0161e<\/a><\/p>\n","protected":false},"featured_media":33677,"template":"","meta":[],"product_brand":[],"product_cat":[421,361,384,364],"product_tag":[],"class_list":{"0":"post-33647","1":"product","2":"type-product","3":"status-publish","4":"has-post-thumbnail","6":"product_cat-galaxy-s7","7":"product_cat-mobilna-telefonija","8":"product_cat-samsung","9":"product_cat-top-proizvodi","10":"","11":"woocommerce-text-align-center","12":"woocommerce-image-align-center","13":"do-quantity-buttons","15":"first","16":"instock","17":"sale","18":"taxable","19":"shipping-taxable","20":"purchasable","21":"product-type-variable"},"_links":{"self":[{"href":"https:\/\/ql-shop.eu\/hr\/wp-json\/wp\/v2\/product\/33647","targetHints":{"allow":["GET"]}}],"collection":[{"href":"https:\/\/ql-shop.eu\/hr\/wp-json\/wp\/v2\/product"}],"about":[{"href":"https:\/\/ql-shop.eu\/hr\/wp-json\/wp\/v2\/types\/product"}],"wp:featuredmedia":[{"embeddable":true,"href":"https:\/\/ql-shop.eu\/hr\/wp-json\/wp\/v2\/media\/33677"}],"wp:attachment":[{"href":"https:\/\/ql-shop.eu\/hr\/wp-json\/wp\/v2\/media?parent=33647"}],"wp:term":[{"taxonomy":"product_brand","embeddable":true,"href":"https:\/\/ql-shop.eu\/hr\/wp-json\/wp\/v2\/product_brand?post=33647"},{"taxonomy":"product_cat","embeddable":true,"href":"https:\/\/ql-shop.eu\/hr\/wp-json\/wp\/v2\/product_cat?post=33647"},{"taxonomy":"product_tag","embeddable":true,"href":"https:\/\/ql-shop.eu\/hr\/wp-json\/wp\/v2\/product_tag?post=33647"}],"curies":[{"name":"wp","href":"https:\/\/api.w.org\/{rel}","templated":true}]}}