{"id":33260,"date":"2024-04-24T15:01:31","date_gmt":"2024-04-24T13:01:31","guid":{"rendered":"https:\/\/ql-shop.eu\/hr\/?post_type=product&#038;p=33260"},"modified":"2024-04-24T15:01:40","modified_gmt":"2024-04-24T13:01:40","slug":"prelijepe-magnetne-trepavice-3d","status":"publish","type":"product","link":"https:\/\/ql-shop.eu\/hr\/izdelek\/prelijepe-magnetne-trepavice-3d\/","title":{"rendered":"Prelijepe magnetne trepavice 3D"},"content":{"rendered":"<p>Naglasite i istaknite va\u0161e o\u010di sa jednostavnim nano\u0161enjem, prelijepih 3D trepavica. Sa du\u017einom od 3cm,\u00a0savr\u0161eno pristaju po cijeloj du\u017eini kapka. Mo\u017eete ih koristiti nebrojano puta, nano\u0161enje je jednostavno,\u00a0bez upotrebe lijepila.\u00a0Za beskona\u010dno privla\u010dan pogled!<\/p>\n<p><strong>Zna\u010dajke:<\/strong><\/p>\n<ul>\n<li>Postojane i namjenjene vi\u0161ekratnoj upotrebi, zbog mog\u0107nih magneta.<\/li>\n<li>Prirodan oblik koji se lak\u0161e prilago\u0111ava kapku.<\/li>\n<li>Prikladne za sve prilike.<\/li>\n<li>Jednostavno nano\u0161enje, bez lijepila, koje iritira o\u010di.<\/li>\n<li>Veli\u010dina : 3cm<\/li>\n<\/ul>\n<p><strong>Paket sadr\u017ei:<\/strong> 2x gornje, i 2x donje trepavice.<\/p>\n<p><strong>Upozorenje:<\/strong> <em>Slike i video su simboli\u010dni.<\/em><br \/>\nPrimjer postupka nano\u0161enja trepavica u videu ispod. Gornji dijel magnetne trepavice polo\u017eite na svoje<br \/>\nprirodne trepavice, potom stavite donje, tako da se magneti spoje. Trepavice \u0107e tako stajati dok ih ne<br \/>\npo\u017eelite odstraniti.<\/p>\n<h4><\/h4>\n<p><iframe loading=\"lazy\" title=\"How To Apply Magnetic Lashes! | Magnetic Lashes Review!\" width=\"1200\" height=\"675\" src=\"https:\/\/www.youtube.com\/embed\/OFWNiVttBFw?feature=oembed\" frameborder=\"0\" allow=\"accelerometer; autoplay; clipboard-write; encrypted-media; gyroscope; picture-in-picture; web-share\" referrerpolicy=\"strict-origin-when-cross-origin\" allowfullscreen><\/iframe><\/p>\n<h2><strong>Mo\u017eete naru\u010diti na stranici ili po\u0161aljite poruku sa va\u0161om adresom i modelom telefona. Pla\u0107anje pouze\u0107em 0915329511. Dostava-Po\u0161ta Hrvatska<\/strong><\/h2>\n<p>&nbsp;<\/p>\n","protected":false},"excerpt":{"rendered":"<p>Naglasite i istaknite va\u0161e o\u010di sa jednostavnim nano\u0161enjem, prelijepih 3D trepavica. Sa du\u017einom od 3cm,\u00a0savr\u0161eno pristaju po cijeloj du\u017eini kapka. Mo\u017eete ih koristiti nebrojano puta, nano\u0161enje je jednostavno,\u00a0bez upotrebe lijepila.\u00a0Za beskona\u010dno privla\u010dan pogled! Zna\u010dajke: Postojane i namjenjene vi\u0161ekratnoj upotrebi, zbog mog\u0107nih magneta. Prirodan oblik koji se lak\u0161e prilago\u0111ava kapku. Prikladne za sve prilike. Jednostavno nano\u0161enje, &#8230; <a title=\"Prelijepe magnetne trepavice 3D\" class=\"read-more\" href=\"https:\/\/ql-shop.eu\/hr\/izdelek\/prelijepe-magnetne-trepavice-3d\/\" aria-label=\"Read more about Prelijepe magnetne trepavice 3D\">Pro\u010ditaj vi\u0161e<\/a><\/p>\n","protected":false},"featured_media":33313,"template":"","meta":[],"product_brand":[],"product_cat":[444,368,364],"product_tag":[],"class_list":{"0":"post-33260","1":"product","2":"type-product","3":"status-publish","4":"has-post-thumbnail","6":"product_cat-praznimo-skladiste","7":"product_cat-proizvodi-za-nju","8":"product_cat-top-proizvodi","9":"","10":"woocommerce-text-align-center","11":"woocommerce-image-align-center","12":"do-quantity-buttons","13":"wc-has-gallery","15":"first","16":"instock","17":"sale","18":"taxable","19":"shipping-taxable","20":"purchasable","21":"product-type-simple"},"_links":{"self":[{"href":"https:\/\/ql-shop.eu\/hr\/wp-json\/wp\/v2\/product\/33260","targetHints":{"allow":["GET"]}}],"collection":[{"href":"https:\/\/ql-shop.eu\/hr\/wp-json\/wp\/v2\/product"}],"about":[{"href":"https:\/\/ql-shop.eu\/hr\/wp-json\/wp\/v2\/types\/product"}],"wp:featuredmedia":[{"embeddable":true,"href":"https:\/\/ql-shop.eu\/hr\/wp-json\/wp\/v2\/media\/33313"}],"wp:attachment":[{"href":"https:\/\/ql-shop.eu\/hr\/wp-json\/wp\/v2\/media?parent=33260"}],"wp:term":[{"taxonomy":"product_brand","embeddable":true,"href":"https:\/\/ql-shop.eu\/hr\/wp-json\/wp\/v2\/product_brand?post=33260"},{"taxonomy":"product_cat","embeddable":true,"href":"https:\/\/ql-shop.eu\/hr\/wp-json\/wp\/v2\/product_cat?post=33260"},{"taxonomy":"product_tag","embeddable":true,"href":"https:\/\/ql-shop.eu\/hr\/wp-json\/wp\/v2\/product_tag?post=33260"}],"curies":[{"name":"wp","href":"https:\/\/api.w.org\/{rel}","templated":true}]}}