{"id":33255,"date":"2024-04-24T15:01:28","date_gmt":"2024-04-24T13:01:28","guid":{"rendered":"https:\/\/ql-shop.eu\/hr\/?post_type=product&#038;p=33255"},"modified":"2024-04-24T15:01:34","modified_gmt":"2024-04-24T13:01:34","slug":"revolucionarni-magnetni-kabel-tip-c-pvc","status":"publish","type":"product","link":"https:\/\/ql-shop.eu\/hr\/izdelek\/revolucionarni-magnetni-kabel-tip-c-pvc\/","title":{"rendered":"Revolucionarni magnetni kabel tip C (PVC)"},"content":{"rendered":"<p>Revolucionarni magnetni kabel za punjenje za Android telefon je inovativan kabel, koji\u00a0sprje\u010dava, da va\u0161 telefon padne med punjenjem. Kabel ima posebni priklju\u010dak, koji ima\u00a0na jednoj strani micro USB, Lighting ili tip C konektor, na drugoj strani je magnet, koji se\u00a0avtomatsko spoji na kabel i po\u010dne puniti va\u0161 aparat.<\/p>\n<p>Koristan je za punjenje i istovremeno\u00a0prjenos podataka iz aparata na va\u0161 ra\u010dunar ili obrnuto. Priklju\u010dak za magnet mo\u017eete\u00a0imati cjelo vrijeme u re\u017ei za punjenje u telefonu, kad \u017eelite napuniti telefon, jednostavno\u00a0spojite magnetni kabel. Magnet \u0107e sprje\u010diti, da bi se med punjenjem telefon izklopio iz\u00a0kabla i o\u0161tetio telefon (ako ga naprimer punite u autu ili da telefon puno koristite med\u00a0punjenjem).<\/p>\n<p><strong>Zna\u010dajke:<\/strong><\/p>\n<ul>\n<li>Micro USB, Lightning ili tip C konektor<\/li>\n<li>LED indikator punjenj<\/li>\n<li>Prenos podataka na ra\u010duna<\/li>\n<li>Priklju\u010dak je reverzibilan, mo\u017eete ga priklopiti bez da provjeravate da li ste ga<br \/>\nokrenuli na pravu stran<\/li>\n<li><strong>Du\u017eina: pribli\u017eno 1m<\/strong><\/li>\n<li>Boja: siva<\/li>\n<\/ul>\n<h2><\/h2>\n","protected":false},"excerpt":{"rendered":"<p>Mo\u017eete naru\u010diti na stranici ili po\u0161aljite poruku sa va\u0161om adresom i modelom telefona. Pla\u0107anje pouze\u0107em 0915329511. Dostava-Po\u0161ta Hrvatska<\/p>\n","protected":false},"featured_media":33286,"template":"","meta":[],"product_brand":[],"product_cat":[446,447,448,449,450,451,452,453,454,456,457,458,459,460,461,462,464,465,466,467,468,470,471,472,473,474,475,476,477,479,480,481,482,483,484,485,486,487,488,428,388,387,421,386,489,490,491,492,493,494,495,496,497,498,499,500,501,502,503,504,505,506,507,508,509,378,511,512,513,515,516,517,518,519,520,521,523,524,525,526,527,528,529,418,530,531,532,533,380,534,535,536,537,538,539,540,541,542,543,544,545,546,547,548,549,550,551,552,553,554,555,556,557,558,559,560,561,562,563,564,565,566,567,568,569,570,571,572,573,574,575,576,577,578,579,580,581,582,583,584,585,586,587,588,589,590,591,592,593,594,595,596,597,361,598,599,600,445,463,384,601,602,603,604,605,606,607,608,609,610,611,612,613,614,615,616,617,618,619,620,364,621,622,623,624],"product_tag":[],"class_list":{"0":"post-33255","1":"product","2":"type-product","3":"status-publish","4":"has-post-thumbnail","6":"product_cat-alcatel","7":"product_cat-alcatel-idol-3","8":"product_cat-alcatel-pixi-3-4","9":"product_cat-alcatel-pixi-4-5","10":"product_cat-alcatel-pixi-4-6","11":"product_cat-alcatel-pop-4","12":"product_cat-alcatel-pop-c3","13":"product_cat-blackberry","14":"product_cat-blackberry-z30","15":"product_cat-galaxy-a3","16":"product_cat-galaxy-a3-2016","17":"product_cat-galaxy-a3-2017","18":"product_cat-galaxy-a5","19":"product_cat-galaxy-a5-2016","20":"product_cat-galaxy-a5-2017","21":"product_cat-galaxy-a7","22":"product_cat-galaxy-alpha","23":"product_cat-galaxy-core-prime","24":"product_cat-galaxy-grand-duos","25":"product_cat-galaxy-grand-neo","26":"product_cat-galaxy-grand-prime","27":"product_cat-galaxy-j1","28":"product_cat-galaxy-j1-2016","29":"product_cat-galaxy-j2","30":"product_cat-galaxy-j3","31":"product_cat-galaxy-j3-2016","32":"product_cat-galaxy-j5","33":"product_cat-galaxy-j5-2016","34":"product_cat-galaxy-j7-2016","35":"product_cat-galaxy-note","36":"product_cat-galaxy-note-2","37":"product_cat-galaxy-note-4","38":"product_cat-galaxy-note-7","39":"product_cat-galaxy-note5","40":"product_cat-galaxy-s3","41":"product_cat-galaxy-s4","42":"product_cat-galaxy-s4-mini","43":"product_cat-galaxy-s5-active","44":"product_cat-galaxy-s5-mini","45":"product_cat-galaxy-s6","46":"product_cat-galaxy-s6-edge","47":"product_cat-galaxy-s6-edge-plus","48":"product_cat-galaxy-s7","49":"product_cat-galaxy-s7-edge","50":"product_cat-galaxy-xcover-3","51":"product_cat-htc","52":"product_cat-htc-10","53":"product_cat-htc-desire-310","54":"product_cat-htc-desire-320","55":"product_cat-htc-desire-516","56":"product_cat-htc-desire-526g","57":"product_cat-htc-desire-530","58":"product_cat-htc-desire-610","59":"product_cat-htc-desire-620g","60":"product_cat-htc-desire-626","61":"product_cat-htc-desire-816","62":"product_cat-htc-desire-820","63":"product_cat-htc-desire-825","64":"product_cat-htc-desire-826","65":"product_cat-htc-desire-eye","66":"product_cat-htc-one-a9","67":"product_cat-htc-one-m7","68":"product_cat-htc-one-m8","69":"product_cat-htc-one-m8-mini","70":"product_cat-htc-one-m9","71":"product_cat-huawei","72":"product_cat-huawei-ascend-g620s","73":"product_cat-huawei-ascend-mate7","74":"product_cat-huawei-ascend-p7","75":"product_cat-huawei-honor-4x","76":"product_cat-huawei-honor-5x","77":"product_cat-huawei-honor-6","78":"product_cat-huawei-honor-6x","79":"product_cat-huawei-honor-7","80":"product_cat-huawei-honor-7-lite-5c","81":"product_cat-huawei-honor-8","82":"product_cat-huawei-mate-8","83":"product_cat-huawei-mate-9","84":"product_cat-huawei-nexus-6p","85":"product_cat-huawei-nova","86":"product_cat-huawei-nova-plus","87":"product_cat-huawei-p8","88":"product_cat-huawei-p8lite","89":"product_cat-huawei-p9","90":"product_cat-huawei-p9-lite","91":"product_cat-huawei-y3ii","92":"product_cat-huawei-y5","93":"product_cat-huawei-y5ii","94":"product_cat-huawei-y6","95":"product_cat-lenovo","96":"product_cat-lenovo-a-plus","97":"product_cat-lenovo-a1000","98":"product_cat-lenovo-a2010","99":"product_cat-lenovo-a5000","100":"product_cat-lenovo-a536","101":"product_cat-lenovo-a6000","102":"product_cat-lenovo-a6010","103":"product_cat-lenovo-c2","104":"product_cat-lenovo-k6","105":"product_cat-lenovo-moto-z","106":"product_cat-lenovo-moto-z-play","107":"product_cat-lenovo-p70","108":"product_cat-lenovo-p90","109":"product_cat-lenovo-s90-sisley","110":"product_cat-lenovo-vibe-c","111":"product_cat-lenovo-vibe-k5","112":"product_cat-lenovo-vibe-k5-note","113":"product_cat-lenovo-vibe-p1","114":"product_cat-lenovo-vibe-s1","115":"product_cat-lenovo-vibe-x2","116":"product_cat-lenovo-vibe-x3","117":"product_cat-lg","118":"product_cat-lg-bello-ii","119":"product_cat-lg-g-flex2","120":"product_cat-lg-g2","121":"product_cat-lg-g2-mini","122":"product_cat-lg-g3","123":"product_cat-lg-g3-s","124":"product_cat-lg-g3-stylus","125":"product_cat-lg-g4","126":"product_cat-lg-g4-stylus","127":"product_cat-lg-g4c","128":"product_cat-lg-g4s","129":"product_cat-lg-g5","130":"product_cat-lg-g5-se","131":"product_cat-lg-joy","132":"product_cat-lg-k10","133":"product_cat-lg-k3","134":"product_cat-lg-k4","135":"product_cat-lg-k8","136":"product_cat-lg-l90","137":"product_cat-lg-leon","138":"product_cat-lg-magna","139":"product_cat-lg-nexus-4","140":"product_cat-lg-nexus-5","141":"product_cat-lg-nexus-5x","142":"product_cat-lg-spirit","143":"product_cat-lg-stylus-2","144":"product_cat-lg-v10","145":"product_cat-lg-x-cam","146":"product_cat-lg-x-power","147":"product_cat-lg-x-screen","148":"product_cat-lg-zero","149":"product_cat-microsoft","150":"product_cat-microsoft-lumia-535","151":"product_cat-microsoft-lumia-550","152":"product_cat-microsoft-lumia-635","153":"product_cat-microsoft-lumia-640-lte","154":"product_cat-microsoft-lumia-640-xl","155":"product_cat-microsoft-lumia-650","156":"product_cat-microsoft-lumia-930","157":"product_cat-microsoft-lumia-950","158":"product_cat-microsoft-lumia-950-xl","159":"product_cat-mobilna-telefonija","160":"product_cat-motorola","161":"product_cat-motorola-moto-g2","162":"product_cat-motorola-moto-g3","163":"product_cat-ostale-znamke","164":"product_cat-ostali-modeli-samsung","165":"product_cat-samsung","166":"product_cat-sony","167":"product_cat-sony-xperia-e3","168":"product_cat-sony-xperia-e4","169":"product_cat-sony-xperia-e5","170":"product_cat-sony-xperia-m2","171":"product_cat-sony-xperia-m4-aqua","172":"product_cat-sony-xperia-m5","173":"product_cat-sony-xperia-t3","174":"product_cat-sony-xperia-x","175":"product_cat-sony-xperia-x-compact","176":"product_cat-sony-xperia-xa","177":"product_cat-sony-xperia-xz","178":"product_cat-sony-xperia-z1","179":"product_cat-sony-xperia-z2","180":"product_cat-sony-xperia-z3","181":"product_cat-sony-xperia-z3-compact","182":"product_cat-sony-xperia-z4","183":"product_cat-sony-xperia-z5","184":"product_cat-sony-xperia-z5-compact","185":"product_cat-sony-xperia-z5-premium","186":"product_cat-top-proizvodi","187":"product_cat-zte","188":"product_cat-zte-blade-a460","189":"product_cat-zte-blade-l2","190":"product_cat-zte-blade-v6","191":"","192":"woocommerce-text-align-center","193":"woocommerce-image-align-center","194":"do-quantity-buttons","195":"wc-has-gallery","197":"first","198":"instock","199":"sale","200":"taxable","201":"shipping-taxable","202":"purchasable","203":"product-type-simple"},"_links":{"self":[{"href":"https:\/\/ql-shop.eu\/hr\/wp-json\/wp\/v2\/product\/33255","targetHints":{"allow":["GET"]}}],"collection":[{"href":"https:\/\/ql-shop.eu\/hr\/wp-json\/wp\/v2\/product"}],"about":[{"href":"https:\/\/ql-shop.eu\/hr\/wp-json\/wp\/v2\/types\/product"}],"wp:featuredmedia":[{"embeddable":true,"href":"https:\/\/ql-shop.eu\/hr\/wp-json\/wp\/v2\/media\/33286"}],"wp:attachment":[{"href":"https:\/\/ql-shop.eu\/hr\/wp-json\/wp\/v2\/media?parent=33255"}],"wp:term":[{"taxonomy":"product_brand","embeddable":true,"href":"https:\/\/ql-shop.eu\/hr\/wp-json\/wp\/v2\/product_brand?post=33255"},{"taxonomy":"product_cat","embeddable":true,"href":"https:\/\/ql-shop.eu\/hr\/wp-json\/wp\/v2\/product_cat?post=33255"},{"taxonomy":"product_tag","embeddable":true,"href":"https:\/\/ql-shop.eu\/hr\/wp-json\/wp\/v2\/product_tag?post=33255"}],"curies":[{"name":"wp","href":"https:\/\/api.w.org\/{rel}","templated":true}]}}