{"id":33252,"date":"2024-04-24T15:01:28","date_gmt":"2024-04-24T13:01:28","guid":{"rendered":"https:\/\/ql-shop.eu\/hr\/?post_type=product&#038;p=33252"},"modified":"2024-04-24T15:01:45","modified_gmt":"2024-04-24T13:01:45","slug":"akcija-savrseni-push-up-bikini","status":"publish","type":"product","link":"https:\/\/ql-shop.eu\/hr\/izdelek\/akcija-savrseni-push-up-bikini\/","title":{"rendered":"AKCIJA \u2013 Savr\u0161eni Push Up Bikini"},"content":{"rendered":"<h2><strong>AKCIJA \u2013 Savr\u0161eni Push Up Bikini brojevi S i XS po ludo dobroj cijeni!!! <\/strong><\/h2>\n<p><strong>Po\u017eurite, jo\u0161\u00a0nekoliko komada na zalihi.<\/strong><\/p>\n<p>Savr\u0161eni push up bikini je napravljen od izdr\u017eljivog materiala koji se brzo su\u0161i. Prilago\u0111ava se\u00a0oblinama tijela i isti\u010de va\u0161a lijepe obline. Broj prsa pove\u0107a za dva puta. Dvodijelni bikini sa\u00a0gornjim i donjim dijelom koji mo\u017eete prilagoditi pomo\u0107u vezica.<\/p>\n<p>&#x2665; MAKSIMALAN U\u017dITAK<br \/>\n&#x2665; PUSH UP DEKOLTE<br \/>\n&#x2665; ULTRA NJE\u017dAN MATERIJAL<br \/>\n&#x2665; DVOSTRUKI KOMPLET<\/p>\n<p><strong>OPIS:<\/strong><\/p>\n<p>* Podr\u017eava va\u0161 dekolte i dodaje dva puta ve\u0107u veli\u010dinu va\u0161e ko\u0161arice.<br \/>\n* Bikini je izra\u0111en od ultra laganog i izdr\u017eljivog materijala.<\/p>\n<p>* Ima podesive trake koje omogogu\u0107avaju postizanje maksimalne udobnosti.<\/p>\n<p>* Materijal: 80% poliester 20% Spandex.<\/p>\n<p>* Boja: Crna<\/p>\n<h2>Mo\u017eete naru\u010diti na stranici ili po\u0161aljite poruku sa va\u0161om adresom i modelom telefona. Pla\u0107anje pouze\u0107em 0915329511. Dostava-Po\u0161ta Hrvatska<\/h2>\n","protected":false},"excerpt":{"rendered":"<p>AKCIJA \u2013 Savr\u0161eni Push Up Bikini brojevi S i XS po ludo dobroj cijeni!!! Po\u017eurite, jo\u0161\u00a0nekoliko komada na zalihi. Savr\u0161eni push up bikini je napravljen od izdr\u017eljivog materiala koji se brzo su\u0161i. Prilago\u0111ava se\u00a0oblinama tijela i isti\u010de va\u0161a lijepe obline. Broj prsa pove\u0107a za dva puta. Dvodijelni bikini sa\u00a0gornjim i donjim dijelom koji mo\u017eete prilagoditi &#8230; <a title=\"AKCIJA \u2013 Savr\u0161eni Push Up Bikini\" class=\"read-more\" href=\"https:\/\/ql-shop.eu\/hr\/izdelek\/akcija-savrseni-push-up-bikini\/\" aria-label=\"Read more about AKCIJA \u2013 Savr\u0161eni Push Up Bikini\">Pro\u010ditaj vi\u0161e<\/a><\/p>\n","protected":false},"featured_media":33285,"template":"","meta":[],"product_brand":[],"product_cat":[438,368,364,439],"product_tag":[],"class_list":{"0":"post-33252","1":"product","2":"type-product","3":"status-publish","4":"has-post-thumbnail","6":"product_cat-odjeca-i-kozmetika","7":"product_cat-proizvodi-za-nju","8":"product_cat-top-proizvodi","9":"product_cat-za-nju","10":"","11":"woocommerce-text-align-center","12":"woocommerce-image-align-center","13":"do-quantity-buttons","15":"first","16":"instock","17":"sale","18":"taxable","19":"shipping-taxable","20":"purchasable","21":"product-type-variable"},"_links":{"self":[{"href":"https:\/\/ql-shop.eu\/hr\/wp-json\/wp\/v2\/product\/33252","targetHints":{"allow":["GET"]}}],"collection":[{"href":"https:\/\/ql-shop.eu\/hr\/wp-json\/wp\/v2\/product"}],"about":[{"href":"https:\/\/ql-shop.eu\/hr\/wp-json\/wp\/v2\/types\/product"}],"wp:featuredmedia":[{"embeddable":true,"href":"https:\/\/ql-shop.eu\/hr\/wp-json\/wp\/v2\/media\/33285"}],"wp:attachment":[{"href":"https:\/\/ql-shop.eu\/hr\/wp-json\/wp\/v2\/media?parent=33252"}],"wp:term":[{"taxonomy":"product_brand","embeddable":true,"href":"https:\/\/ql-shop.eu\/hr\/wp-json\/wp\/v2\/product_brand?post=33252"},{"taxonomy":"product_cat","embeddable":true,"href":"https:\/\/ql-shop.eu\/hr\/wp-json\/wp\/v2\/product_cat?post=33252"},{"taxonomy":"product_tag","embeddable":true,"href":"https:\/\/ql-shop.eu\/hr\/wp-json\/wp\/v2\/product_tag?post=33252"}],"curies":[{"name":"wp","href":"https:\/\/api.w.org\/{rel}","templated":true}]}}