{"id":33250,"date":"2024-04-24T15:01:28","date_gmt":"2024-04-24T13:01:28","guid":{"rendered":"https:\/\/ql-shop.eu\/hr\/?post_type=product&#038;p=33250"},"modified":"2024-04-24T15:01:32","modified_gmt":"2024-04-24T13:01:32","slug":"kalupi-za-savrseno-nalakirane-nokte","status":"publish","type":"product","link":"https:\/\/ql-shop.eu\/hr\/izdelek\/kalupi-za-savrseno-nalakirane-nokte\/","title":{"rendered":"Kalupi za savr\u0161eno nalakirane nokte"},"content":{"rendered":"<p>\u017duri vam se, kasnite a morate jo\u0161 nokte nalakirati? Linije nikad nisu tako ravne kako bi \u017eeljeli?<\/p>\n<p>Sa kalupima za lakiranje \u0107e svi ti problemi nestati. Ovi jednostavni kalupi za savr\u0161eno nalakirane za nokte, \u0107e vam pomo\u0107i da nalakirate nokte bez nerviranja. Preporu\u010dujemo ih za profesionalnu upotrebu, kao i za kori\u0161\u0107enje kod<br \/>\nku\u0107e.<\/p>\n<p><strong>Zna\u010dajke:<\/strong><\/p>\n<ul>\n<li>Potpuna za\u0161tita za savr\u0161ene nokte.<\/li>\n<li>Vi\u0161ekratno i trajno, u\u0161tedite vrijeme i novac.<\/li>\n<li>Izra\u0111eno od mekog materiala koji ne\u0107e povrjediti prste.<\/li>\n<li>Jednostavani za upotrebu.<\/li>\n<li>Univerzalni.<\/li>\n<li>Koli\u010dina: 26 nastavaka<\/li>\n<li><strong>Boja: Crvena<\/strong><\/li>\n<\/ul>\n\n<p style=\"clear: both; text-align: center; color: #3366ff; font-weight: bold;\">Mo\u017eete naru\u010diti na stranici ili po\u0161aljite poruku sa va\u0161om adresom i odabranim proizvodom.<br \/>\nPla\u0107anje pouze\u0107em (Hrvatska po\u0161ta)! Broj MegaPanda telefona: <a href=\"tel:0915329511\">091 532 9511<\/a>.<\/p>\n","protected":false},"excerpt":{"rendered":"<p>\u017duri vam se, kasnite a morate jo\u0161 nokte nalakirati? Linije nikad nisu tako ravne kako bi \u017eeljeli? Sa kalupima za lakiranje \u0107e svi ti problemi nestati. Ovi jednostavni kalupi za savr\u0161eno nalakirane za nokte, \u0107e vam pomo\u0107i da nalakirate nokte bez nerviranja. Preporu\u010dujemo ih za profesionalnu upotrebu, kao i za kori\u0161\u0107enje kod ku\u0107e. Zna\u010dajke: Potpuna &#8230; <a title=\"Kalupi za savr\u0161eno nalakirane nokte\" class=\"read-more\" href=\"https:\/\/ql-shop.eu\/hr\/izdelek\/kalupi-za-savrseno-nalakirane-nokte\/\" aria-label=\"Read more about Kalupi za savr\u0161eno nalakirane nokte\">Pro\u010ditaj vi\u0161e<\/a><\/p>\n","protected":false},"featured_media":33280,"template":"","meta":[],"product_brand":[],"product_cat":[438,368,364,439],"product_tag":[],"class_list":{"0":"post-33250","1":"product","2":"type-product","3":"status-publish","4":"has-post-thumbnail","6":"product_cat-odjeca-i-kozmetika","7":"product_cat-proizvodi-za-nju","8":"product_cat-top-proizvodi","9":"product_cat-za-nju","10":"","11":"woocommerce-text-align-center","12":"woocommerce-image-align-center","13":"do-quantity-buttons","14":"wc-has-gallery","16":"first","17":"instock","18":"sale","19":"taxable","20":"shipping-taxable","21":"purchasable","22":"product-type-simple"},"_links":{"self":[{"href":"https:\/\/ql-shop.eu\/hr\/wp-json\/wp\/v2\/product\/33250","targetHints":{"allow":["GET"]}}],"collection":[{"href":"https:\/\/ql-shop.eu\/hr\/wp-json\/wp\/v2\/product"}],"about":[{"href":"https:\/\/ql-shop.eu\/hr\/wp-json\/wp\/v2\/types\/product"}],"wp:featuredmedia":[{"embeddable":true,"href":"https:\/\/ql-shop.eu\/hr\/wp-json\/wp\/v2\/media\/33280"}],"wp:attachment":[{"href":"https:\/\/ql-shop.eu\/hr\/wp-json\/wp\/v2\/media?parent=33250"}],"wp:term":[{"taxonomy":"product_brand","embeddable":true,"href":"https:\/\/ql-shop.eu\/hr\/wp-json\/wp\/v2\/product_brand?post=33250"},{"taxonomy":"product_cat","embeddable":true,"href":"https:\/\/ql-shop.eu\/hr\/wp-json\/wp\/v2\/product_cat?post=33250"},{"taxonomy":"product_tag","embeddable":true,"href":"https:\/\/ql-shop.eu\/hr\/wp-json\/wp\/v2\/product_tag?post=33250"}],"curies":[{"name":"wp","href":"https:\/\/api.w.org\/{rel}","templated":true}]}}