{"id":33196,"date":"2024-04-24T15:01:17","date_gmt":"2024-04-24T13:01:17","guid":{"rendered":"https:\/\/ql-shop.eu\/hr\/?post_type=product&#038;p=33196"},"modified":"2024-04-24T15:01:27","modified_gmt":"2024-04-24T13:01:27","slug":"haljina-za-plazu","status":"publish","type":"product","link":"https:\/\/ql-shop.eu\/hr\/izdelek\/haljina-za-plazu\/","title":{"rendered":"Haljina za pla\u017eu"},"content":{"rendered":"<p><span style=\"color: #ff0000;\"><strong>Jednostavna i prelijepa haljinica za pla\u017eu.<\/strong> <\/span>Kad morate na brzinu da \u00bbsko\u010dite\u00ab do trgovine, ili vam se pije<br \/>\nkava u baru na pla\u017ei, ili \u017eelite u \u0161etnju. Neophodna ovog ljeta. Kad je prevru\u0107e za bilo \u0161ta drugo, a u<br \/>\nkupa\u0107em ne mo\u017eete u bar ili restoran. Haljinica je dostupna u rozoj i lijepoj \u017eutoj boji s cvijetnim<br \/>\nmotivima, da po\u017eivi va\u0161u garderobu. Napravljena iz prijatnog materiala koji \u00bbdi\u0161e\u00ab.<\/p>\n<p><strong>Veli\u010dina<\/strong>: 140x70cm. ( Univerzalna )<\/p>\n<p style=\"clear: both; text-align: center; color: #3366ff; font-weight: bold;\">Mo\u017eete naru\u010diti na stranici ili po\u0161aljite poruku sa va\u0161om adresom i odabranim proizvodom.<br \/>\nPla\u0107anje pouze\u0107em (Hrvatska po\u0161ta)! Broj MegaPanda telefona: <a href=\"tel:0915329511\">091 532 9511<\/a>.<\/p>\n","protected":false},"excerpt":{"rendered":"<p>Jednostavna i prelijepa haljinica za pla\u017eu. Kad morate na brzinu da \u00bbsko\u010dite\u00ab do trgovine, ili vam se pije kava u baru na pla\u017ei, ili \u017eelite u \u0161etnju. Neophodna ovog ljeta. Kad je prevru\u0107e za bilo \u0161ta drugo, a u kupa\u0107em ne mo\u017eete u bar ili restoran. Haljinica je dostupna u rozoj i lijepoj \u017eutoj boji &#8230; <a title=\"Haljina za pla\u017eu\" class=\"read-more\" href=\"https:\/\/ql-shop.eu\/hr\/izdelek\/haljina-za-plazu\/\" aria-label=\"Read more about Haljina za pla\u017eu\">Pro\u010ditaj vi\u0161e<\/a><\/p>\n","protected":false},"featured_media":33244,"template":"","meta":[],"product_brand":[],"product_cat":[438,368,364,439],"product_tag":[],"class_list":{"0":"post-33196","1":"product","2":"type-product","3":"status-publish","4":"has-post-thumbnail","6":"product_cat-odjeca-i-kozmetika","7":"product_cat-proizvodi-za-nju","8":"product_cat-top-proizvodi","9":"product_cat-za-nju","10":"","11":"woocommerce-text-align-center","12":"woocommerce-image-align-center","13":"do-quantity-buttons","14":"wc-has-gallery","16":"first","17":"instock","18":"sale","19":"taxable","20":"shipping-taxable","21":"purchasable","22":"product-type-variable"},"_links":{"self":[{"href":"https:\/\/ql-shop.eu\/hr\/wp-json\/wp\/v2\/product\/33196","targetHints":{"allow":["GET"]}}],"collection":[{"href":"https:\/\/ql-shop.eu\/hr\/wp-json\/wp\/v2\/product"}],"about":[{"href":"https:\/\/ql-shop.eu\/hr\/wp-json\/wp\/v2\/types\/product"}],"wp:featuredmedia":[{"embeddable":true,"href":"https:\/\/ql-shop.eu\/hr\/wp-json\/wp\/v2\/media\/33244"}],"wp:attachment":[{"href":"https:\/\/ql-shop.eu\/hr\/wp-json\/wp\/v2\/media?parent=33196"}],"wp:term":[{"taxonomy":"product_brand","embeddable":true,"href":"https:\/\/ql-shop.eu\/hr\/wp-json\/wp\/v2\/product_brand?post=33196"},{"taxonomy":"product_cat","embeddable":true,"href":"https:\/\/ql-shop.eu\/hr\/wp-json\/wp\/v2\/product_cat?post=33196"},{"taxonomy":"product_tag","embeddable":true,"href":"https:\/\/ql-shop.eu\/hr\/wp-json\/wp\/v2\/product_tag?post=33196"}],"curies":[{"name":"wp","href":"https:\/\/api.w.org\/{rel}","templated":true}]}}