{"id":32862,"date":"2024-04-24T15:00:05","date_gmt":"2024-04-24T13:00:05","guid":{"rendered":"https:\/\/ql-shop.eu\/hr\/?post_type=product&#038;p=32862"},"modified":"2024-04-24T15:02:50","modified_gmt":"2024-04-24T13:02:50","slug":"set-rostilj-podloga-protiv-lijepljenja-set2x","status":"publish","type":"product","link":"https:\/\/ql-shop.eu\/hr\/izdelek\/set-rostilj-podloga-protiv-lijepljenja-set2x\/","title":{"rendered":"Set ro\u0161tilj podloga protiv lijepljenja (set2x)"},"content":{"rendered":"<h2>Odli\u010dne podloge za pe\u010denje bez lijepljena<\/h2>\n<p><img loading=\"lazy\" decoding=\"async\" class=\"size-full wp-image-60458 aligncenter\" src=\"http:\/\/megapanda.hr\/wp-content\/uploads\/2018\/05\/\u017ear1-1.gif\" alt=\"\u017ear1-1\" width=\"400\" height=\"278\" \/><\/p>\n<ul>\n<li>Napravljene od materijala PTFE (teflon i staklena vlakna)<\/li>\n<li><strong>Ne \u0161teti zdravlju<\/strong><\/li>\n<li>Izuzetno tanka podloga &#8211; za bolje pe\u010denje ili grijanje.<\/li>\n<li>Otporna na visoke temperature, napravljena od tehnolo\u0161ki naprednih materijala koji ne gore.<\/li>\n<li>Otpornost na\u00a0temperaturu do<strong> 260 stupnjeva Celzija<\/strong>.<\/li>\n<li>Primjerno za sve vrste ro\u0161tilja (ugljen, propan, plin, struja, ..)<\/li>\n<li>Odgovara bilo kojoj veli\u010dini i formi<\/li>\n<li>Primjereno za perilicu posu\u0111a<\/li>\n<li>Primjereno za kori\u0161tenje u pe\u0107nici<\/li>\n<li>Vodotporna podloga<\/li>\n<li>Sprje\u010dava lijepljenje i ispadanje hrane<\/li>\n<li>Dimenzije<strong> 40cm x 33cm<\/strong><\/li>\n<li>Set sadr\u017ei: <strong>2 podloge za pe\u010denje<\/strong><\/li>\n<\/ul>\n<p><a href=\"https:\/\/megapanda.hr\/shop\/set-za-pecenje-big\/\"><strong>Ako tra\u017eite vi\u0161e podloga, pogledajte set sa 4 podloge!<\/strong><\/a><\/p>\n<p><iframe loading=\"lazy\" title=\"Reusable Non-Stick BBQ Grill Mat (Set of 2)\" width=\"1200\" height=\"675\" src=\"https:\/\/www.youtube.com\/embed\/rRPjTKSISwY?feature=oembed\" frameborder=\"0\" allow=\"accelerometer; autoplay; clipboard-write; encrypted-media; gyroscope; picture-in-picture; web-share\" referrerpolicy=\"strict-origin-when-cross-origin\" allowfullscreen><\/iframe><\/p>\n<p style=\"clear: both; text-align: center; color: #3366ff; font-weight: bold;\">Mo\u017eete naru\u010diti na stranici ili po\u0161aljite poruku sa va\u0161om adresom i odabranim proizvodom.<br \/>\nPla\u0107anje pouze\u0107em (Hrvatska po\u0161ta)! Broj MegaPanda telefona: <a href=\"tel:0915329511\">091 532 9511<\/a>.<\/p>\n","protected":false},"excerpt":{"rendered":"<p>Ako volite ro\u0161tilj, set podloga protiv lijepljenja najbolje je re\u0161enje protiv ispadanja hrane u uglje i super protiv lijepljena hrane na re\u0161etku od ro\u0161tilja.<strong> Za svakog pravog ljubitelja ro\u0161tilja!<\/strong><\/p>\n","protected":false},"featured_media":33781,"template":"","meta":[],"product_brand":[],"product_cat":[370,364],"product_tag":[],"class_list":{"0":"post-32862","1":"product","2":"type-product","3":"status-publish","4":"has-post-thumbnail","6":"product_cat-sve-za-dom-i-vrt","7":"product_cat-top-proizvodi","8":"","9":"woocommerce-text-align-center","10":"woocommerce-image-align-center","11":"do-quantity-buttons","12":"wc-has-gallery","14":"first","15":"instock","16":"sale","17":"taxable","18":"shipping-taxable","19":"purchasable","20":"product-type-simple"},"_links":{"self":[{"href":"https:\/\/ql-shop.eu\/hr\/wp-json\/wp\/v2\/product\/32862","targetHints":{"allow":["GET"]}}],"collection":[{"href":"https:\/\/ql-shop.eu\/hr\/wp-json\/wp\/v2\/product"}],"about":[{"href":"https:\/\/ql-shop.eu\/hr\/wp-json\/wp\/v2\/types\/product"}],"wp:featuredmedia":[{"embeddable":true,"href":"https:\/\/ql-shop.eu\/hr\/wp-json\/wp\/v2\/media\/33781"}],"wp:attachment":[{"href":"https:\/\/ql-shop.eu\/hr\/wp-json\/wp\/v2\/media?parent=32862"}],"wp:term":[{"taxonomy":"product_brand","embeddable":true,"href":"https:\/\/ql-shop.eu\/hr\/wp-json\/wp\/v2\/product_brand?post=32862"},{"taxonomy":"product_cat","embeddable":true,"href":"https:\/\/ql-shop.eu\/hr\/wp-json\/wp\/v2\/product_cat?post=32862"},{"taxonomy":"product_tag","embeddable":true,"href":"https:\/\/ql-shop.eu\/hr\/wp-json\/wp\/v2\/product_tag?post=32862"}],"curies":[{"name":"wp","href":"https:\/\/api.w.org\/{rel}","templated":true}]}}