{"id":32861,"date":"2024-04-24T15:00:05","date_gmt":"2024-04-24T13:00:05","guid":{"rendered":"https:\/\/ql-shop.eu\/hr\/?post_type=product&#038;p=32861"},"modified":"2024-04-24T15:00:42","modified_gmt":"2024-04-24T13:00:42","slug":"set-za-pecenje-set-4x","status":"publish","type":"product","link":"https:\/\/ql-shop.eu\/hr\/izdelek\/set-za-pecenje-set-4x\/","title":{"rendered":"Set za pe\u010denje (set 4x)"},"content":{"rendered":"<h2>Odli\u010dan\u00a0<strong>Set za pe\u010denje, koji se jedini ne\u00a0<\/strong>prima za podlogu. <strong>BEZ<\/strong> nepotrebne prljav\u0161tine.<\/h2>\n<p><img loading=\"lazy\" decoding=\"async\" class=\"alignnone size-full wp-image-60458\" src=\"http:\/\/megapanda.hr\/wp-content\/uploads\/2018\/05\/\u017ear1-1.gif\" alt=\"\u017ear1-1\" width=\"400\" height=\"278\" \/><\/p>\n<p><span style=\"text-decoration: underline;\"><strong>Zna\u010dajke:<\/strong><\/span><\/p>\n<ul>\n<li>Od materijala koji ne sadr\u017ei kemikalije i PFOA materijale. (Ne \u0161teti zdravlju)<\/li>\n<li>Izuzetno tanak, za bolje pe\u010denje ili grijanje.<\/li>\n<li>Otporno na visoke temperature, napravljen od tehnolo\u0161ki naprednih materijala koji ne gore.<\/li>\n<li>Otpornost na\u00a0temperaturu do<strong> 260 stupnjeva Celzija<\/strong>.<\/li>\n<li>Primjerno za sve vrste ro\u0161tilja. (ugljen, propan, plin, struja, ..)<\/li>\n<li>Dobivate: 2 jastu\u010di\u0107a za pe\u010denje. Bolje od bilo kojeg ro\u0161tilja, odgovara bilo kojoj veli\u010dini i formi.<\/li>\n<li>Va\u0161a\u00a0hrana ne\u0107e pasti kroz re\u0161etake!<\/li>\n<li>Nemojte tro\u0161iti vi\u0161e novca na aluminijsku foliju ili druge dodatke koji imaju samo jednokratnu uporabu.<\/li>\n<li>Dimenzije<strong> 40cm x 33cm<\/strong><\/li>\n<\/ul>\n<p><strong>Dobivate: 4 jastu\u010di\u0107a za pe\u010denje. Bolje od bilo kojeg ro\u0161tilja, odgovara bilo kojoj veli\u010dini i formi. Va\u0161a<\/strong><br \/>\n<strong>hrana ne\u0107e pasti kroz re\u0161etake<\/strong><\/p>\n<p><iframe loading=\"lazy\" title=\"Reusable Non-Stick BBQ Grill Mat (Set of 2)\" width=\"1200\" height=\"675\" src=\"https:\/\/www.youtube.com\/embed\/rRPjTKSISwY?feature=oembed\" frameborder=\"0\" allow=\"accelerometer; autoplay; clipboard-write; encrypted-media; gyroscope; picture-in-picture; web-share\" referrerpolicy=\"strict-origin-when-cross-origin\" allowfullscreen><\/iframe><\/p>\n<h2>Mo\u017eete naru\u010diti na stranici ili po\u0161aljite poruku sa va\u0161om adresom<\/h2>\n","protected":false},"excerpt":{"rendered":"<p>Odli\u010dan\u00a0Set za pe\u010denje, koji se jedini ne\u00a0prima za podlogu. BEZ nepotrebne prljav\u0161tine. Zna\u010dajke: Od materijala koji ne sadr\u017ei kemikalije i PFOA materijale. (Ne \u0161teti zdravlju) Izuzetno tanak, za bolje pe\u010denje ili grijanje. Otporno na visoke temperature, napravljen od tehnolo\u0161ki naprednih materijala koji ne gore. Otpornost na\u00a0temperaturu do 260 stupnjeva Celzija. Primjerno za sve vrste ro\u0161tilja. &#8230; <a title=\"Set za pe\u010denje (set 4x)\" class=\"read-more\" href=\"https:\/\/ql-shop.eu\/hr\/izdelek\/set-za-pecenje-set-4x\/\" aria-label=\"Read more about Set za pe\u010denje (set 4x)\">Pro\u010ditaj vi\u0161e<\/a><\/p>\n","protected":false},"featured_media":33033,"template":"","meta":[],"product_brand":[],"product_cat":[419,364],"product_tag":[],"class_list":{"0":"post-32861","1":"product","2":"type-product","3":"status-publish","4":"has-post-thumbnail","6":"product_cat-sam-svoj-majstor","7":"product_cat-top-proizvodi","8":"","9":"woocommerce-text-align-center","10":"woocommerce-image-align-center","11":"do-quantity-buttons","12":"wc-has-gallery","14":"first","15":"instock","16":"sale","17":"taxable","18":"shipping-taxable","19":"purchasable","20":"product-type-simple"},"_links":{"self":[{"href":"https:\/\/ql-shop.eu\/hr\/wp-json\/wp\/v2\/product\/32861","targetHints":{"allow":["GET"]}}],"collection":[{"href":"https:\/\/ql-shop.eu\/hr\/wp-json\/wp\/v2\/product"}],"about":[{"href":"https:\/\/ql-shop.eu\/hr\/wp-json\/wp\/v2\/types\/product"}],"wp:featuredmedia":[{"embeddable":true,"href":"https:\/\/ql-shop.eu\/hr\/wp-json\/wp\/v2\/media\/33033"}],"wp:attachment":[{"href":"https:\/\/ql-shop.eu\/hr\/wp-json\/wp\/v2\/media?parent=32861"}],"wp:term":[{"taxonomy":"product_brand","embeddable":true,"href":"https:\/\/ql-shop.eu\/hr\/wp-json\/wp\/v2\/product_brand?post=32861"},{"taxonomy":"product_cat","embeddable":true,"href":"https:\/\/ql-shop.eu\/hr\/wp-json\/wp\/v2\/product_cat?post=32861"},{"taxonomy":"product_tag","embeddable":true,"href":"https:\/\/ql-shop.eu\/hr\/wp-json\/wp\/v2\/product_tag?post=32861"}],"curies":[{"name":"wp","href":"https:\/\/api.w.org\/{rel}","templated":true}]}}