{"id":32620,"date":"2024-04-24T14:59:13","date_gmt":"2024-04-24T12:59:13","guid":{"rendered":"https:\/\/ql-shop.eu\/hr\/?post_type=product&#038;p=32620"},"modified":"2024-04-24T14:59:23","modified_gmt":"2024-04-24T12:59:23","slug":"djecji-pametni-sat-smart-kid-safe-gps-mp21-4g-plava-boja","status":"publish","type":"product","link":"https:\/\/ql-shop.eu\/hr\/izdelek\/djecji-pametni-sat-smart-kid-safe-gps-mp21-4g-plava-boja\/","title":{"rendered":"Dje\u010dji pametni sat SMART KID SAFE GPS MP21 4G PLAVA BOJA"},"content":{"rendered":"<div class=\"row\">\n<p>Pametni dje\u010dji sat MP21 4G<br \/>\nPametni dje\u010dji sat s 4G tehnologijom, GPS su\u010deljem, video kamerom, velikom baterijom i 1,4-in\u010dnim zaslonom osjetljivim na dodir, u kombinaciji sa pametnim telefonom i napunjenom besplatnom aplikacijom Seetracker, osigurat \u0107e to\u010dno mjesto va\u0161eg djeteta. Mo\u017eete odrediti djetetova podru\u010dja kretanja i tako osigurati kontroliranu sigurnost va\u0161eg djeteta. U slu\u010daju da dijete napusti sigurnu zonu kretanja koju ste sami stvorili, odmah \u0107ete primiti upozorenje na svoj pametni telefon. Dijete mo\u017eete nazvati ili poslati poruku u bilo kojem trenutku.<\/p>\n<p>Obavezna instalacija SIM kartice za rad.<br \/>\nObavezni prijenos podataka min 1 GB \/ mjesec<\/p>\n<\/div>\n<div><\/div>\n<div><img loading=\"lazy\" decoding=\"async\" class=\" wp-image-325321 aligncenter\" src=\"https:\/\/malakoala.si\/wp-content\/uploads\/sites\/3\/2021\/05\/4G-300x278.jpg\" alt=\"\" width=\"642\" height=\"595\" \/><\/div>\n<div style=\"text-align: center;\">\n<p style=\"text-align: center;\">Funkcije<br \/>\nFotografiranje satom<br \/>\nPotrebna neovisna upotreba (SIM kartica)<br \/>\nSOS gumb<br \/>\nImenik<br \/>\nzatvara\u010d kamere<br \/>\nWechat<br \/>\nFunkcija Geo Ograde<br \/>\nPra\u0107enje lokacije u stvarnom vremenu<br \/>\nIzdr\u017eljiva baterija (650 mAh)<br \/>\nOmogu\u0107uje pozivanje<br \/>\nvideo poziv<br \/>\nOmogu\u0107uje slanje glasovne poruke<br \/>\nZaslonske animacije<br \/>\nJednostavne igre<br \/>\npra\u0107enje vremena<br \/>\nWi-Fi<br \/>\nSenzor tro\u0161enja &#8211; Ako dijete ukloni sat iz ruke, na telefon mo\u017eete primiti upozorenje.<br \/>\nDaljinski upravlja\u010d: Osjetljivi mikrofon tako da mo\u017eete \u010duti dijete i njegovu okolinu.<br \/>\nElektroni\u010dka ograda: Mo\u017ee se postaviti elektroni\u010dka ograda, koliko dijete mo\u017ee i\u0107i, ako pre\u0111e, primit \u0107e SMS obavijest na svoj pametni sat.<br \/>\nZdravstvene funkcije na aplikaciji (hodanje, vje\u017ebanje, tr\u010danje, spavanje)<br \/>\nSOS: Kada se dijete na\u0111e u opasnoj situaciji, pritisne SOS gumb i sat odmah bira unaprijed zadani telefonski broj.<br \/>\nDaljinsko nadgledanje: Roditelj mo\u017ee nadzirati dijete putem svog mobilnog telefona. (Na telefonu mo\u017eete vidjeti gdje se dijete trenutno nalazi).<br \/>\nInteligentna u\u0161teda energije: GPS Close na\u010din rada.<br \/>\nPovijest djetetova putovanja<br \/>\nDaljinski alarm<br \/>\nRok trajanja bez punjenja: 2-3 dana.<br \/>\nInterfon: veza izme\u0111u sata i aplikacije.<br \/>\nKarta: lokacija u stvarnom vremenu.<br \/>\nVrijeme lokacije: GPS funkcija \u0161alje vam podatke o lokaciji od ponedjeljka do petka (primjer: obavijest je li dijete do\u0161lo u \u0161kolu ili iz nje.)<br \/>\nU zatvorenom, GPS ne radi to\u010dno, jer koristi LBS signal &#8211; signal operatera.<br \/>\nKontakti: Mo\u017eete spremiti do 10 telefonskih brojeva na sat.<br \/>\nDND (Ne ometaj) na\u010din: Kada je DND uklju\u010den, sat ne emitira zvukove.<\/p>\n<p>&nbsp;<\/p>\n<p>* Tehnologija<br \/>\n\u010cipovi: ARM CortexTM A7MP<br \/>\nBaterija 650 mAh<br \/>\nGPS to\u010dnost 5-10 m<br \/>\nUtor za SIM karticu (SIM nije uklju\u010den, ali je potreban)<br \/>\nPogodno za mobilne telefone Android 2.3 \/ iOS 6.0 ili novije verzije<br \/>\nKamera: HD, 3 MP<br \/>\nvrijeme punjenja 1h, brzo magnetsko punjenje<br \/>\nvodootporan Standard IP67 (ru\u010dno pranje, tu\u0161iranje, ki\u0161a, pra\u0161ina)<\/p>\n<p>* Zaslon<br \/>\nKontrola na dodir<br \/>\nZaslon u boji<br \/>\nRazlu\u010divost zaslona: 240 * 240<br \/>\nDijagonala 3,5 cm (1,4\u02dd)<\/p>\n<p>* Remen<br \/>\nMekani silikon<\/p>\n<p style=\"text-align: center;\"><img loading=\"lazy\" decoding=\"async\" class=\" wp-image-325322 aligncenter\" src=\"https:\/\/malakoala.si\/wp-content\/uploads\/sites\/3\/2021\/05\/H4a799c7e2f7848e5852389389748ea01S-300x275.png\" alt=\"\" width=\"602\" height=\"552\" \/><img loading=\"lazy\" decoding=\"async\" class=\" wp-image-325323 aligncenter\" src=\"https:\/\/malakoala.si\/wp-content\/uploads\/sites\/3\/2021\/05\/H4d052fb3d644476ebc3d4977c90ed2cc3-300x277.png\" alt=\"\" width=\"555\" height=\"512\" \/><img loading=\"lazy\" decoding=\"async\" class=\" wp-image-325324 aligncenter\" src=\"https:\/\/malakoala.si\/wp-content\/uploads\/sites\/3\/2021\/05\/H5ea572490ece40b7b690dc6419bd5762y-300x286.png\" alt=\"\" width=\"609\" height=\"581\" \/><img loading=\"lazy\" decoding=\"async\" class=\"wp-image-325325 aligncenter\" src=\"https:\/\/malakoala.si\/wp-content\/uploads\/sites\/3\/2021\/05\/H60a13c21c19040f1b3a7ff2996e641ech-300x148.jpg\" alt=\"\" width=\"618\" height=\"305\" \/><img loading=\"lazy\" decoding=\"async\" class=\" wp-image-325326 aligncenter\" src=\"https:\/\/malakoala.si\/wp-content\/uploads\/sites\/3\/2021\/05\/H536fac514b98417b9d9434f16a9200bdB-300x271.jpg\" alt=\"\" width=\"518\" height=\"468\" \/><img loading=\"lazy\" decoding=\"async\" class=\" wp-image-325327 aligncenter\" src=\"https:\/\/malakoala.si\/wp-content\/uploads\/sites\/3\/2021\/05\/H819d4c98fc114a61af791f14322fa9980-300x277.png\" alt=\"\" width=\"532\" height=\"491\" \/><img loading=\"lazy\" decoding=\"async\" class=\" wp-image-325328 aligncenter\" src=\"https:\/\/malakoala.si\/wp-content\/uploads\/sites\/3\/2021\/05\/Ha81a9063d282409384b7c986012e84c1l-300x286.png\" alt=\"\" width=\"561\" height=\"535\" \/><img loading=\"lazy\" decoding=\"async\" class=\" wp-image-325329 aligncenter\" src=\"https:\/\/malakoala.si\/wp-content\/uploads\/sites\/3\/2021\/05\/Hb38d474c09fd41c09b9efbabf1070bb8u-300x281.png\" alt=\"\" width=\"533\" height=\"499\" \/><img loading=\"lazy\" decoding=\"async\" class=\"wp-image-325330 aligncenter\" src=\"https:\/\/malakoala.si\/wp-content\/uploads\/sites\/3\/2021\/05\/Hb8088582914e46998271ff8feb629a29W-300x300.jpg\" alt=\"\" width=\"560\" height=\"560\" \/><\/p>\n<\/div>\n<p>&nbsp;<\/p>\n<div><\/div>\n<div><\/div>\n<div class=\"row\">\n<div><\/div>\n<div class=\"col-sm-6 col-value\">\n<p>&nbsp;<\/p>\n<p>&nbsp;<\/p>\n<p>&nbsp;<\/p>\n<div class=\"col-sm-6 col-title\" style=\"text-align: left;\">\n<p style=\"text-align: center;\">\n<\/div>\n<div class=\"col-sm-6 col-value\">\n<p>&nbsp;<\/p>\n<\/div>\n<\/div>\n<\/div>\n","protected":false},"excerpt":{"rendered":"<p>Pametni dje\u010dji sat MP21 4G Pametni dje\u010dji sat s 4G tehnologijom, GPS su\u010deljem, video kamerom, velikom baterijom i 1,4-in\u010dnim zaslonom osjetljivim na dodir, u kombinaciji sa pametnim telefonom i napunjenom besplatnom aplikacijom Seetracker, osigurat \u0107e to\u010dno mjesto va\u0161eg djeteta. Mo\u017eete odrediti djetetova podru\u010dja kretanja i tako osigurati kontroliranu sigurnost va\u0161eg djeteta. U slu\u010daju da dijete &#8230; <a title=\"Dje\u010dji pametni sat SMART KID SAFE GPS MP21 4G PLAVA BOJA\" class=\"read-more\" href=\"https:\/\/ql-shop.eu\/hr\/izdelek\/djecji-pametni-sat-smart-kid-safe-gps-mp21-4g-plava-boja\/\" aria-label=\"Read more about Dje\u010dji pametni sat SMART KID SAFE GPS MP21 4G PLAVA BOJA\">Pro\u010ditaj vi\u0161e<\/a><\/p>\n","protected":false},"featured_media":32677,"template":"","meta":[],"product_brand":[],"product_cat":[374,373,364],"product_tag":[],"class_list":{"0":"post-32620","1":"product","2":"type-product","3":"status-publish","4":"has-post-thumbnail","6":"product_cat-djecji-pametni-satovi","7":"product_cat-pametni-satovi","8":"product_cat-top-proizvodi","9":"","10":"woocommerce-text-align-center","11":"woocommerce-image-align-center","12":"do-quantity-buttons","13":"wc-has-gallery","15":"first","16":"instock","17":"taxable","18":"shipping-taxable","19":"purchasable","20":"product-type-simple"},"_links":{"self":[{"href":"https:\/\/ql-shop.eu\/hr\/wp-json\/wp\/v2\/product\/32620","targetHints":{"allow":["GET"]}}],"collection":[{"href":"https:\/\/ql-shop.eu\/hr\/wp-json\/wp\/v2\/product"}],"about":[{"href":"https:\/\/ql-shop.eu\/hr\/wp-json\/wp\/v2\/types\/product"}],"wp:featuredmedia":[{"embeddable":true,"href":"https:\/\/ql-shop.eu\/hr\/wp-json\/wp\/v2\/media\/32677"}],"wp:attachment":[{"href":"https:\/\/ql-shop.eu\/hr\/wp-json\/wp\/v2\/media?parent=32620"}],"wp:term":[{"taxonomy":"product_brand","embeddable":true,"href":"https:\/\/ql-shop.eu\/hr\/wp-json\/wp\/v2\/product_brand?post=32620"},{"taxonomy":"product_cat","embeddable":true,"href":"https:\/\/ql-shop.eu\/hr\/wp-json\/wp\/v2\/product_cat?post=32620"},{"taxonomy":"product_tag","embeddable":true,"href":"https:\/\/ql-shop.eu\/hr\/wp-json\/wp\/v2\/product_tag?post=32620"}],"curies":[{"name":"wp","href":"https:\/\/api.w.org\/{rel}","templated":true}]}}