{"id":32619,"date":"2024-04-24T14:59:13","date_gmt":"2024-04-24T12:59:13","guid":{"rendered":"https:\/\/ql-shop.eu\/hr\/?post_type=product&#038;p=32619"},"modified":"2024-04-24T14:59:21","modified_gmt":"2024-04-24T12:59:21","slug":"pametni-sat-mpt03","status":"publish","type":"product","link":"https:\/\/ql-shop.eu\/hr\/izdelek\/pametni-sat-mpt03\/","title":{"rendered":"Pametni sat MPT03"},"content":{"rendered":"<p><strong><em>Materiali:<\/em><\/strong><\/p>\n<ul>\n<li>Kvalitetna plasti\u010dna traka (obra\u0111ena guma)<\/li>\n<li>Okvir ku\u0107i\u0161ta izra\u0111en od kvalitetno obra\u0111enog aluminija<\/li>\n<\/ul>\n<p><strong><em>Sadr\u017eaj kompleta:<\/em><\/strong><\/p>\n<ul>\n<li>1x pametni sat MPT03<br \/>\nUgra\u0111ena baterija<br \/>\n1x USB kabel za napajanje<br \/>\nUpute za kori\u0161tenje<br \/>\nOriginalno pakiranje<\/li>\n<li>12 mjeseci garancije<\/li>\n<\/ul>\n<p><strong><em>Karakteristike Funkcije:<\/em><\/strong><\/p>\n<ul>\n<li>Procesor HRS3300<br \/>\nVrhunsko i izuzetno kvalitetno obra\u0111eno aluminijsko ku\u0107i\u0161te<br \/>\n1,3-in\u010dni IPS zaslon (okrugli) razlu\u010divosti 360 * 360 piksela &#8211; dodirni zaslon<br \/>\nBluetooth 5.0<br \/>\nBaterija: 210 mAh<br \/>\nVrijeme \u010dekanja: do 25 dana<\/li>\n<li>pedometar,<br \/>\nmjera\u010d otkucaja srca<br \/>\nmjerenje krvnog tlaka<br \/>\nKisik u krvi<br \/>\nmjerenje udaljenosti<br \/>\nFitness Tracker (tr\u010danje, nogomet, biciklizam, atletika, fitness &#8230;)<br \/>\nPodsjetnik na poziv<br \/>\nPasometar<br \/>\nDaljinski upravlja\u010d kamere na telefonu<br \/>\nVisina<br \/>\nNazovite automatsku sekretaricu<br \/>\nSjede\u0107i podsjetnik<br \/>\nTraga\u010d za spavanje<\/li>\n<\/ul>\n<p>&nbsp;<\/p>\n<p><img loading=\"lazy\" decoding=\"async\" class=\" wp-image-69806 aligncenter\" src=\"https:\/\/megapanda.si\/wp-content\/uploads\/2021\/04\/H1703b707abf24b949dd38b8e3d3714cfi-300x269.jpg\" alt=\"\" width=\"623\" height=\"559\" \/><\/p>\n<p><img loading=\"lazy\" decoding=\"async\" class=\" wp-image-69812 aligncenter\" src=\"https:\/\/megapanda.si\/wp-content\/uploads\/2021\/04\/f5f7e71184-300x258.jpg\" alt=\"\" width=\"542\" height=\"466\" \/><\/p>\n<p>&nbsp;<\/p>\n<p><img loading=\"lazy\" decoding=\"async\" class=\" wp-image-69804 aligncenter\" src=\"https:\/\/megapanda.si\/wp-content\/uploads\/2021\/04\/H4e2497d7c54c4793bf9986c29c8d04dfQ-300x300.jpg\" alt=\"\" width=\"702\" height=\"702\" \/><img loading=\"lazy\" decoding=\"async\" class=\" wp-image-69805 aligncenter\" src=\"https:\/\/megapanda.si\/wp-content\/uploads\/2021\/04\/H140fd32899df4679b8aa9d9496ae33d5Y-300x300.jpg\" alt=\"\" width=\"525\" height=\"525\" \/><img loading=\"lazy\" decoding=\"async\" class=\" wp-image-69803 aligncenter\" src=\"https:\/\/megapanda.si\/wp-content\/uploads\/2021\/04\/H2a523155296749d99b42414cac2dd7aes-300x300.jpg\" alt=\"\" width=\"625\" height=\"625\" \/><img loading=\"lazy\" decoding=\"async\" class=\" wp-image-69807 aligncenter\" src=\"https:\/\/megapanda.si\/wp-content\/uploads\/2021\/04\/H9151f69240aa4492afbc6e75d17d34abF-300x300.jpg\" alt=\"\" width=\"477\" height=\"477\" \/><img loading=\"lazy\" decoding=\"async\" class=\" wp-image-69808 aligncenter\" src=\"https:\/\/megapanda.si\/wp-content\/uploads\/2021\/04\/Hf271989f7ca4498c8fedb7cf7c9bff4dO-300x300.jpg\" alt=\"\" width=\"469\" height=\"469\" \/> <img loading=\"lazy\" decoding=\"async\" class=\" wp-image-69809 aligncenter\" src=\"https:\/\/megapanda.si\/wp-content\/uploads\/2021\/04\/43d4f27c45-182x300.jpg\" alt=\"\" width=\"349\" height=\"575\" \/><img loading=\"lazy\" decoding=\"async\" class=\" wp-image-69810 aligncenter\" src=\"https:\/\/megapanda.si\/wp-content\/uploads\/2021\/04\/6523e39236-172x300.jpg\" alt=\"\" width=\"383\" height=\"664\" \/><img loading=\"lazy\" decoding=\"async\" class=\" wp-image-69811 aligncenter\" src=\"https:\/\/megapanda.si\/wp-content\/uploads\/2021\/04\/2117543bad-219x300.jpg\" alt=\"\" width=\"389\" height=\"533\" \/><img loading=\"lazy\" decoding=\"async\" class=\" wp-image-69813 aligncenter\" src=\"https:\/\/megapanda.si\/wp-content\/uploads\/2021\/04\/176d289861-285x300.jpg\" alt=\"\" width=\"516\" height=\"543\" \/><\/p>\n","protected":false},"excerpt":{"rendered":"<p>Mu\u0161ki pametni sat MPT03 pogodan je za sportske aktivnosti kao i za svakodnevnu upotrebu.<\/p>\n<p>Ponosi se sportsko-elegantnim izgledom i kvalitetnim materijalima. Ku\u0107i\u0161te je izra\u0111eno od legure cinka i magnezija<\/p>\n<p>Bluetooth se povezuje sa svim pametnim telefonima i upozorava na obavijesti s telefona.<\/p>\n<p>Otporan je na vodu i pra\u0161inu (stupanj za\u0161tite IP68).<\/p>\n<p>&nbsp;<\/p>\n","protected":false},"featured_media":32669,"template":"","meta":[],"product_brand":[],"product_cat":[373,364],"product_tag":[],"class_list":{"0":"post-32619","1":"product","2":"type-product","3":"status-publish","4":"has-post-thumbnail","6":"product_cat-pametni-satovi","7":"product_cat-top-proizvodi","8":"","9":"woocommerce-text-align-center","10":"woocommerce-image-align-center","11":"do-quantity-buttons","12":"wc-has-gallery","14":"first","15":"instock","16":"sale","17":"taxable","18":"shipping-taxable","19":"purchasable","20":"product-type-simple"},"_links":{"self":[{"href":"https:\/\/ql-shop.eu\/hr\/wp-json\/wp\/v2\/product\/32619","targetHints":{"allow":["GET"]}}],"collection":[{"href":"https:\/\/ql-shop.eu\/hr\/wp-json\/wp\/v2\/product"}],"about":[{"href":"https:\/\/ql-shop.eu\/hr\/wp-json\/wp\/v2\/types\/product"}],"wp:featuredmedia":[{"embeddable":true,"href":"https:\/\/ql-shop.eu\/hr\/wp-json\/wp\/v2\/media\/32669"}],"wp:attachment":[{"href":"https:\/\/ql-shop.eu\/hr\/wp-json\/wp\/v2\/media?parent=32619"}],"wp:term":[{"taxonomy":"product_brand","embeddable":true,"href":"https:\/\/ql-shop.eu\/hr\/wp-json\/wp\/v2\/product_brand?post=32619"},{"taxonomy":"product_cat","embeddable":true,"href":"https:\/\/ql-shop.eu\/hr\/wp-json\/wp\/v2\/product_cat?post=32619"},{"taxonomy":"product_tag","embeddable":true,"href":"https:\/\/ql-shop.eu\/hr\/wp-json\/wp\/v2\/product_tag?post=32619"}],"curies":[{"name":"wp","href":"https:\/\/api.w.org\/{rel}","templated":true}]}}