{"id":32618,"date":"2024-04-24T14:59:13","date_gmt":"2024-04-24T12:59:13","guid":{"rendered":"https:\/\/ql-shop.eu\/hr\/?post_type=product&#038;p=32618"},"modified":"2024-04-24T14:59:20","modified_gmt":"2024-04-24T12:59:20","slug":"bezicna-wifi-kamera","status":"publish","type":"product","link":"https:\/\/ql-shop.eu\/hr\/izdelek\/bezicna-wifi-kamera\/","title":{"rendered":"Be\u017ei\u010dna WiFi kamera"},"content":{"rendered":"<p>Be\u017ei\u010dna WiFi kamera,<\/p>\n<p>Mo\u017eete ju instalirati unutar i izvan ku\u0107e ili bilo gdje drugdje.<\/p>\n<p>Kamera \u0161alje poruku alarma na va\u0161 pametni telefon i sprema aktivnosti posjetitelja na memorijsku karticu, tako da kasnije mo\u017eete provjeriti \u0161to se doga\u0111a.<\/p>\n<p>Preuzmite besplatnu aplikaciju i spojite kameru na telefon. Kamera je spremna za upotrebu!<\/p>\n<p>&nbsp;<\/p>\n<p>&nbsp;<\/p>\n<p>Zna\u010dajke:<\/p>\n<p>* A9 HD kamera, mala, jednostavna za rukovanje.<br \/>\n* HD 1080PHD HD video kvaliteta, format kompresije H.264, \u0161irina od 150 stupnjeva.<br \/>\n* sa 6 mini infracrvenih LED dioda bez osvjetljenja, udaljenost no\u0107nog vida 5 m. Super automatski no\u0107ni vid, nema svjetlosne nevidljivosti<br \/>\n* Vi\u0161enamjenski na\u010din rada: Ara automatsko snimanje, snimanje s lokalnom kontrolom (do 10-20 metara), daljinsko pra\u0107enje, snimanje petlje, snimanje detekcije pokreta<br \/>\n* Vi\u0161enamjenska aplikacija: podr\u017eava reprodukciju glasa, gledanje video datoteka bilo kad i bilo gdje, opcije kvalitete slike, rotaciju zaslona, \u200b\u200balarm za otkrivanje pokreta.<br \/>\n* Ugra\u0111ena litijeva baterija od 400 mA, 4 sata sjajnog video zapisa, maksimalna podr\u0161ka 128G.<br \/>\n* Omogu\u0107ite WiFi vezu, proizvod ima HOT WiFi \u017eari\u0161nu to\u010dku.<br \/>\n* Funkcija: no\u0107ni vid, otkrivanje pokreta, upozorenje na alarm, uklju\u010divanje i snimanje video zapisa, gledanje u stvarnom vremenu, WiFi be\u017ei\u010dna veza, 1080P HD kvaliteta.<\/p>\n<p>Tehni\u010dki podaci:<\/p>\n<p>Kategorija proizvoda: be\u017ei\u010dna HD kamera<br \/>\nModel: A9<br \/>\nMaterijal: ABS (akrilonitril butadien stiren)<br \/>\nCrna boja<br \/>\nSenzor slike: H62<br \/>\nKut: 150 \u00b0 \u0161iroki kut<br \/>\nVideo rezolucija: HD 1080P<br \/>\nBrzina kadrova: 25 sli\u010dica u sekundi<br \/>\nVideo format: AVI<br \/>\nKodiranje video zapisa: H.264<\/p>\n<p>Raspon snimanja: 5\u33a1<br \/>\nNo\u0107ni vid: Infracrveni no\u0107ni vid<br \/>\nVrsta baterije: ugra\u0111ena litijeva baterija od 400mah za punjenje<br \/>\nPotro\u0161nja energije: 240MA \/ 3,7V<br \/>\nWIFI veza: veza WiFi pristupne to\u010dke, daljinska veza, besplatna za prebacivanje<br \/>\nPohrana: Vanjska kartica, podr\u017eava TF karticu do 128 GB Micro SD kartica (nije uklju\u010dena)<br \/>\nSnimanje kamerom za otkrivanje pokreta: ravno 6 m<br \/>\nSu\u010delje: Micro USB<br \/>\nPodr\u0161ka sustava: IOS, Android<br \/>\nVeli\u010dina: pribli\u017eno 43 x 25 mm \/ 1,7 &#8220;x 1&#8221;<br \/>\nNeto te\u017eina: 30g<\/p>\n<p>Uklju\u010deno u paket:<\/p>\n<p>1 x WiFi Life kamera<br \/>\n1 x rotiraju\u0107e dno<br \/>\n1 x podatkovni redak<br \/>\n1 x USB kabel<br \/>\n1 x dvostrana traka<br \/>\n1 x Uputa za uporabu<\/p>\n<p>Detaljne slike:<\/p>\n<p><img loading=\"lazy\" decoding=\"async\" class=\" wp-image-69792 aligncenter\" src=\"https:\/\/megapanda.si\/wp-content\/uploads\/2021\/04\/HTB1OdNjavLsK1Rjy0Fbq6xSEXXap-300x300.jpg\" alt=\"\" width=\"520\" height=\"520\" \/><img loading=\"lazy\" decoding=\"async\" class=\" wp-image-69793 aligncenter\" src=\"https:\/\/megapanda.si\/wp-content\/uploads\/2021\/04\/HTB1QJNjavLsK1Rjy0Fbq6xSEXXai-300x300.jpg\" alt=\"\" width=\"443\" height=\"443\" \/><img loading=\"lazy\" decoding=\"async\" class=\" wp-image-69790 aligncenter\" src=\"https:\/\/megapanda.si\/wp-content\/uploads\/2021\/04\/HTB1FyBqayLrK1Rjy1zdq6ynnpXaG-300x300.jpg\" alt=\"\" width=\"508\" height=\"508\" \/><img loading=\"lazy\" decoding=\"async\" class=\" wp-image-69794 aligncenter\" src=\"https:\/\/megapanda.si\/wp-content\/uploads\/2021\/04\/HTB1W_8maEvrK1RjSszfq6xJNVXam-300x300.jpg\" alt=\"\" width=\"419\" height=\"419\" \/><img loading=\"lazy\" decoding=\"async\" class=\" wp-image-69795 aligncenter\" src=\"https:\/\/megapanda.si\/wp-content\/uploads\/2021\/04\/HTB16Xljau6sK1RjSsrbq6xbDXXaA-300x300.jpg\" alt=\"\" width=\"440\" height=\"440\" \/><\/p>\n","protected":false},"excerpt":{"rendered":"<p>Be\u017ei\u010dna WiFi kamera, Mo\u017eete ju instalirati unutar i izvan ku\u0107e ili bilo gdje drugdje. Kamera \u0161alje poruku alarma na va\u0161 pametni telefon i sprema aktivnosti posjetitelja na memorijsku karticu, tako da kasnije mo\u017eete provjeriti \u0161to se doga\u0111a. Preuzmite besplatnu aplikaciju i spojite kameru na telefon. Kamera je spremna za upotrebu! &nbsp; &nbsp; Zna\u010dajke: * A9 &#8230; <a title=\"Be\u017ei\u010dna WiFi kamera\" class=\"read-more\" href=\"https:\/\/ql-shop.eu\/hr\/izdelek\/bezicna-wifi-kamera\/\" aria-label=\"Read more about Be\u017ei\u010dna WiFi kamera\">Pro\u010ditaj vi\u0161e<\/a><\/p>\n","protected":false},"featured_media":32663,"template":"","meta":[],"product_brand":[],"product_cat":[372,364],"product_tag":[],"class_list":{"0":"post-32618","1":"product","2":"type-product","3":"status-publish","4":"has-post-thumbnail","6":"product_cat-informaticka-oprema","7":"product_cat-top-proizvodi","8":"","9":"woocommerce-text-align-center","10":"woocommerce-image-align-center","11":"do-quantity-buttons","12":"wc-has-gallery","14":"first","15":"instock","16":"sale","17":"taxable","18":"shipping-taxable","19":"purchasable","20":"product-type-simple"},"_links":{"self":[{"href":"https:\/\/ql-shop.eu\/hr\/wp-json\/wp\/v2\/product\/32618","targetHints":{"allow":["GET"]}}],"collection":[{"href":"https:\/\/ql-shop.eu\/hr\/wp-json\/wp\/v2\/product"}],"about":[{"href":"https:\/\/ql-shop.eu\/hr\/wp-json\/wp\/v2\/types\/product"}],"wp:featuredmedia":[{"embeddable":true,"href":"https:\/\/ql-shop.eu\/hr\/wp-json\/wp\/v2\/media\/32663"}],"wp:attachment":[{"href":"https:\/\/ql-shop.eu\/hr\/wp-json\/wp\/v2\/media?parent=32618"}],"wp:term":[{"taxonomy":"product_brand","embeddable":true,"href":"https:\/\/ql-shop.eu\/hr\/wp-json\/wp\/v2\/product_brand?post=32618"},{"taxonomy":"product_cat","embeddable":true,"href":"https:\/\/ql-shop.eu\/hr\/wp-json\/wp\/v2\/product_cat?post=32618"},{"taxonomy":"product_tag","embeddable":true,"href":"https:\/\/ql-shop.eu\/hr\/wp-json\/wp\/v2\/product_tag?post=32618"}],"curies":[{"name":"wp","href":"https:\/\/api.w.org\/{rel}","templated":true}]}}