{"id":32615,"date":"2024-04-24T14:59:13","date_gmt":"2024-04-24T12:59:13","guid":{"rendered":"https:\/\/ql-shop.eu\/hr\/?post_type=product&#038;p=32615"},"modified":"2024-04-24T14:59:15","modified_gmt":"2024-04-24T12:59:15","slug":"mini-bluetooth-slusalice-s-punjacem-f9","status":"publish","type":"product","link":"https:\/\/ql-shop.eu\/hr\/izdelek\/mini-bluetooth-slusalice-s-punjacem-f9\/","title":{"rendered":"Mini bluetooth slu\u0161alice s punja\u010dem F9"},"content":{"rendered":"<h2 style=\"text-align: center;\">MINI BLUETOOTH SLU\u0160ALICE<\/h2>\n<p>\u017delite li slu\u0161ati glazbu bez gubljenja \u017eivaca dok petljate kablove slu\u0161alica? Mini bluetooth slu\u0161alice F9 idealno su rje\u0161enje za vas. Omogu\u0107uju vam slu\u0161anje glazbe na svakom koraku, uspostavljaju\u0107i be\u017ei\u010dnu ili bluetooth vezu sa pametnim telefonom, tabletom, prijenosnim ra\u010dunalom ili stolnim ra\u010dunalom. Prednost Mini bluetooth slu\u0161alica je prijenosna stanica za punjenje u koju umetnete slu\u0161alice i one se pune za nevjerojatnih 60 minuta. Me\u0111utim, na LCD zaslonu mo\u017eete provjeriti napunjenost baterije. Slu\u0161alice tako\u0111er imaju ugra\u0111eni mikrofon, tako da ih mo\u017eete koristiti i za duge razgovore, jer neprekidno vrijeme poziva traje \u010dak 4 sata.<\/p>\n<p>Mo\u017eete \u010dak i napuniti telefon putem stanice za punjenje.<\/p>\n<p>&nbsp;<\/p>\n<p><img loading=\"lazy\" decoding=\"async\" class=\"wp-image-59185 aligncenter\" src=\"https:\/\/megapanda.si\/wp-content\/uploads\/2020\/11\/f9-10-214x300.jpg\" alt=\"\" width=\"478\" height=\"670\" \/><\/p>\n<p><img loading=\"lazy\" decoding=\"async\" class=\"wp-image-59186 aligncenter\" src=\"https:\/\/megapanda.si\/wp-content\/uploads\/2020\/11\/f9-11-174x300.jpg\" alt=\"\" width=\"484\" height=\"834\" \/><\/p>\n<p><img loading=\"lazy\" decoding=\"async\" class=\"wp-image-59187 aligncenter\" src=\"https:\/\/megapanda.si\/wp-content\/uploads\/2020\/11\/f9-12-168x300.jpg\" alt=\"\" width=\"483\" height=\"863\" \/><\/p>\n<p>&nbsp;<\/p>\n<p>\u010cip: BT8832A<br \/>\nVrijeme punjenja stanice za punjenje: 2 sata<br \/>\nKapacitet stanice za punjenje: 00 mAh<br \/>\nVrijeme punjenja slu\u0161alica: 1 sat<br \/>\nKapacitet baterije za slu\u0161alice: 50 mAh<br \/>\nKapacitet baterije na stanici za punjenje: 2000 mAh<br \/>\nVrijeme poziva s jednim punjenjem: 4-5h<br \/>\nVrijeme je za slu\u0161anje glazbe s jednim punjenjem 4-5 sati<br \/>\nVerzija Bluetootha: 5.1<br \/>\nBluetooth veza omogu\u0107uje vam povezivanje na udaljenosti od 10 metara<br \/>\nMaterijal: legure, plastika i silikon<br \/>\nFunkcije: bluetooth veza, ugra\u0111eni mikrofon, zvu\u010dnik<br \/>\nKvalitetan zvuk<br \/>\nKompatibilnost: Android i IOS sustav<br \/>\nCrna boja<\/p>\n<p>&nbsp;<\/p>\n<p>U paketu:<\/p>\n<p>L + D slu\u0161alice crne boje<br \/>\nstanica za punjenje s baterijom od 2000mAh i LED zaslonom<br \/>\n6x silikonska spu\u017eva za slu\u0161alice<br \/>\nkabel za punjenje<br \/>\nUpute za kori\u0161tenje<\/p>\n<p><img loading=\"lazy\" decoding=\"async\" class=\"wp-image-59179 aligncenter\" src=\"https:\/\/megapanda.si\/wp-content\/uploads\/2020\/11\/f9-4-300x300.jpg\" alt=\"\" width=\"502\" height=\"502\" \/><img loading=\"lazy\" decoding=\"async\" class=\"wp-image-59182 aligncenter\" src=\"https:\/\/megapanda.si\/wp-content\/uploads\/2020\/11\/f9-7-300x300.jpg\" alt=\"\" width=\"498\" height=\"498\" \/><\/p>\n","protected":false},"excerpt":{"rendered":"<p>Bluetooth slu\u0161alice &#8211; mini, za telefoniranje bez ruku bez kabela. Slu\u0161ajte glazbu tijekom vje\u017ebanja, telefonirajte u hodu ili telefonirajte dulje, bez gr\u010deva u rukama ili vratu.<\/p>\n","protected":false},"featured_media":32648,"template":"","meta":[],"product_brand":[],"product_cat":[362,363,364,365],"product_tag":[],"class_list":{"0":"post-32615","1":"product","2":"type-product","3":"status-publish","4":"has-post-thumbnail","6":"product_cat-dodatci-za-mobitele","7":"product_cat-slusalice","8":"product_cat-top-proizvodi","9":"product_cat-zabavna-elektronika","10":"","11":"woocommerce-text-align-center","12":"woocommerce-image-align-center","13":"do-quantity-buttons","14":"wc-has-gallery","16":"first","17":"instock","18":"sale","19":"taxable","20":"shipping-taxable","21":"purchasable","22":"product-type-simple"},"_links":{"self":[{"href":"https:\/\/ql-shop.eu\/hr\/wp-json\/wp\/v2\/product\/32615","targetHints":{"allow":["GET"]}}],"collection":[{"href":"https:\/\/ql-shop.eu\/hr\/wp-json\/wp\/v2\/product"}],"about":[{"href":"https:\/\/ql-shop.eu\/hr\/wp-json\/wp\/v2\/types\/product"}],"wp:featuredmedia":[{"embeddable":true,"href":"https:\/\/ql-shop.eu\/hr\/wp-json\/wp\/v2\/media\/32648"}],"wp:attachment":[{"href":"https:\/\/ql-shop.eu\/hr\/wp-json\/wp\/v2\/media?parent=32615"}],"wp:term":[{"taxonomy":"product_brand","embeddable":true,"href":"https:\/\/ql-shop.eu\/hr\/wp-json\/wp\/v2\/product_brand?post=32615"},{"taxonomy":"product_cat","embeddable":true,"href":"https:\/\/ql-shop.eu\/hr\/wp-json\/wp\/v2\/product_cat?post=32615"},{"taxonomy":"product_tag","embeddable":true,"href":"https:\/\/ql-shop.eu\/hr\/wp-json\/wp\/v2\/product_tag?post=32615"}],"curies":[{"name":"wp","href":"https:\/\/api.w.org\/{rel}","templated":true}]}}